{"id":8422,"date":"2018-10-26T13:04:35","date_gmt":"2018-10-26T13:04:35","guid":{"rendered":"http:\/\/stiti.it\/?page_id=8422"},"modified":"2022-03-25T10:05:00","modified_gmt":"2022-03-25T10:05:00","slug":"estructuras-de-acero","status":"publish","type":"page","link":"https:\/\/stiti.it\/index.php\/es\/estructuras-de-acero\/","title":{"rendered":"ESTRUCTURAS DE ACERO"},"content":{"rendered":"<p>[vc_row type=&#8221;full-width-content&#8221;][vc_column][vc_single_image image=&#8221;7359&#8243; img_size=&#8221;full&#8221; alignment=&#8221;center&#8221;][\/vc_column][\/vc_row][vc_row][vc_column width=&#8221;1\/4&#8243;][\/vc_column][vc_column width=&#8221;3\/4&#8243;][vc_custom_heading text=&#8221;Estructuras de acero&#8221; font_container=&#8221;tag:h2|text_align:left|color:%230c397d&#8221; google_fonts=&#8221;font_family:Arimo%3Aregular%2Citalic%2C700%2C700italic|font_style:700%20bold%20regular%3A700%3Anormal&#8221;][\/vc_column][\/vc_row][vc_row css=&#8221;.vc_custom_1540204180915{margin-top: -40px !important;}&#8221;][vc_column width=&#8221;1\/4&#8243; el_class=&#8221;menu-products&#8221; offset=&#8221;vc_hidden-sm vc_hidden-xs&#8221;]<style>#b_p5p6c87k73ckjs0z27rt a{color:#000000; background:; border-style:solid; border-color:#000000; margin-top:0px; margin-bottom:0px;  margin-left:0px; margin-right:0px; font-weight:700; border-radius:0px;}#b_p5p6c87k73ckjs0z27rt a:hover{color:#ffffff ; background:#0c397d ; border-color:#0c397d;}<\/style><div class=\"ta_center tf_btn_pos\" id=\"b_p5p6c87k73ckjs0z27rt\" ><a class=\"rd_stroke_bt mediumlarge_rd_bt border_1px  \" href=\"http:\/\/stiti.it\/index.php\/es\/instalaciones-de-gas\/\" target=\"\" >INSTALACIONES DE GAS<\/a><\/div><style>#b_o0pcu8n6iw8riy9fsdpe a{color:#000000; background:; border-style:solid; border-color:#000000; margin-top:10px; margin-bottom:10px;  margin-left:0px; margin-right:0px; font-weight:700; border-radius:0px;}#b_o0pcu8n6iw8riy9fsdpe a:hover{color:#ffffff ; background:#0c397d ; border-color:#0c397d;}<\/style><div class=\"ta_center tf_btn_pos\" id=\"b_o0pcu8n6iw8riy9fsdpe\" ><a class=\"rd_stroke_bt mediumlarge_rd_bt border_1px  \" href=\"http:\/\/stiti.it\/index.php\/es\/instalaciones-para-liquidos\/\" target=\"\" >INSTALACIONES PARA L\u00cdQUIDOS<\/a><\/div><style>#b_j56i1208omvjin0n81nc a{color:#000000; background:; border-style:solid; border-color:#000000; margin-top:10px; margin-bottom:10px;  margin-left:0px; margin-right:0px; font-weight:700; border-radius:0px;}#b_j56i1208omvjin0n81nc a:hover{color:#ffffff ; background:#0c397d ; border-color:#0c397d;}<\/style><div class=\"ta_center tf_btn_pos\" id=\"b_j56i1208omvjin0n81nc\" ><a class=\"rd_stroke_bt mediumlarge_rd_bt border_1px  \" href=\"http:\/\/stiti.it\/index.php\/es\/filtro-de-cartucho\/\" target=\"\" >FILTROS DE CARTUCHO<\/a><\/div><style>#b_qmihfpvypwy7t0w5ygmh a{color:#000000; background:; border-style:solid; border-color:#000000; margin-top:10px; margin-bottom:10px;  margin-left:0px; margin-right:0px; font-weight:700; border-radius:0px;}#b_qmihfpvypwy7t0w5ygmh a:hover{color:#ffffff ; background:#0c397d ; border-color:#0c397d;}<\/style><div class=\"ta_center tf_btn_pos\" id=\"b_qmihfpvypwy7t0w5ygmh\" ><a class=\"rd_stroke_bt mediumlarge_rd_bt border_1px  \" href=\"http:\/\/stiti.it\/index.php\/es\/filtros-separadores\/\" target=\"\" >FILTROS SEPARADORES<\/a><\/div><style>#b_o51fipykzc9qwnlaqujs a{color:#000000; background:; border-style:solid; border-color:#000000; margin-top:10px; margin-bottom:10px;  margin-left:0px; margin-right:0px; font-weight:700; border-radius:0px;}#b_o51fipykzc9qwnlaqujs a:hover{color:#ffffff ; background:#0c397d ; border-color:#0c397d;}<\/style><div class=\"ta_center tf_btn_pos\" id=\"b_o51fipykzc9qwnlaqujs\" ><a class=\"rd_stroke_bt mediumlarge_rd_bt border_1px  \" href=\"http:\/\/stiti.it\/index.php\/es\/separadores-ciclonicos\/\" target=\"\" >SEPARADORES CICL\u00d3NICOS<\/a><\/div><style>#b_ztxmr2atcahtnzjw2h5y a{color:#000000; background:; border-style:solid; border-color:#000000; margin-top:10px; margin-bottom:10px;  margin-left:0px; margin-right:0px; font-weight:700; border-radius:0px;}#b_ztxmr2atcahtnzjw2h5y a:hover{color:#ffffff ; background:#0c397d ; border-color:#0c397d;}<\/style><div class=\"ta_center tf_btn_pos\" id=\"b_ztxmr2atcahtnzjw2h5y\" ><a class=\"rd_stroke_bt mediumlarge_rd_bt border_1px  \" href=\"http:\/\/stiti.it\/index.php\/es\/k-o-drums-5\/\" target=\"\" >K.O. DRUMS<\/a><\/div><style>#b_zcvzqe0ad48hta5mjj3o a{color:#000000; background:; border-style:solid; border-color:#000000; margin-top:10px; margin-bottom:10px;  margin-left:0px; margin-right:0px; font-weight:700; border-radius:0px;}#b_zcvzqe0ad48hta5mjj3o a:hover{color:#ffffff ; background:#0c397d ; border-color:#0c397d;}<\/style><div class=\"ta_center tf_btn_pos\" id=\"b_zcvzqe0ad48hta5mjj3o\" ><a class=\"rd_stroke_bt mediumlarge_rd_bt border_1px  \" href=\"http:\/\/stiti.it\/index.php\/es\/intercambiadores-de-calor\/\" target=\"\" >INTERCAMBIADORES<\/a><\/div><style>#b_55fwbmyto3bo81srf25i a{color:#000000; background:; border-style:solid; border-color:#000000; margin-top:10px; margin-bottom:10px;  margin-left:0px; margin-right:0px; font-weight:700; border-radius:0px;}#b_55fwbmyto3bo81srf25i a:hover{color:#ffffff ; background:#0c397d ; border-color:#0c397d;}<\/style><div class=\"ta_center tf_btn_pos\" id=\"b_55fwbmyto3bo81srf25i\" ><a class=\"rd_stroke_bt mediumlarge_rd_bt border_1px  \" href=\"http:\/\/stiti.it\/index.php\/es\/odorizadores-por-humedecimiento\/\" target=\"\" >ODORIZADORES<\/a><\/div><style>#b_xcxjj3abdct37pow9mas a{color:#000000; background:; border-style:solid; border-color:#000000; margin-top:10px; margin-bottom:10px;  margin-left:0px; margin-right:0px; font-weight:700; border-radius:0px;}#b_xcxjj3abdct37pow9mas a:hover{color:#ffffff ; background:#0c397d ; border-color:#0c397d;}<\/style><div class=\"ta_center tf_btn_pos\" id=\"b_xcxjj3abdct37pow9mas\" ><a class=\"rd_stroke_bt mediumlarge_rd_bt border_1px  \" href=\"http:\/\/stiti.it\/index.php\/es\/trampas-de-lanzamiento-recepcion-pig\/\" target=\"\" >TRAMPAS<\/a><\/div><style>#b_gqqwyq4gucowcvez4306 a{color:#000000; background:; border-style:solid; border-color:#000000; margin-top:10px; margin-bottom:10px;  margin-left:0px; margin-right:0px; font-weight:700; border-radius:0px;}#b_gqqwyq4gucowcvez4306 a:hover{color:#ffffff ; background:#0c397d ; border-color:#0c397d;}<\/style><div class=\"ta_center tf_btn_pos\" id=\"b_gqqwyq4gucowcvez4306\" ><a class=\"rd_stroke_bt mediumlarge_rd_bt border_1px  \" href=\"http:\/\/stiti.it\/index.php\/es\/antorchas-frias\/\" target=\"\" >ANTORCHAS FR\u00cdAS<\/a><\/div><style>#b_hh1r2d5exntsnxyrmam8 a{color:#000000; background:; border-style:solid; border-color:#000000; margin-top:10px; margin-bottom:10px;  margin-left:0px; margin-right:0px; font-weight:700; border-radius:0px;}#b_hh1r2d5exntsnxyrmam8 a:hover{color:#ffffff ; background:#0c397d ; border-color:#0c397d;}<\/style><div class=\"ta_center tf_btn_pos\" id=\"b_hh1r2d5exntsnxyrmam8\" ><a class=\"rd_stroke_bt mediumlarge_rd_bt border_1px  \" href=\"http:\/\/stiti.it\/index.php\/es\/protecciones-hidraulicas\/\" target=\"\" >PROTECCIONES HIDR\u00c1ULICAS<\/a><\/div><style>#b_c23pt6qvnbpnnaf14put a{color:#000000; background:; border-style:solid; border-color:#000000; margin-top:10px; margin-bottom:10px;  margin-left:0px; margin-right:0px; font-weight:700; border-radius:0px;}#b_c23pt6qvnbpnnaf14put a:hover{color:#ffffff ; background:#0c397d ; border-color:#0c397d;}<\/style><div class=\"ta_center tf_btn_pos\" id=\"b_c23pt6qvnbpnnaf14put\" ><a class=\"rd_stroke_bt mediumlarge_rd_bt border_1px  \" href=\"http:\/\/stiti.it\/index.php\/es\/cierres-rapidos-qoc\/\" target=\"\" >CIERRES R\u00c1PIDOS QOC<\/a><\/div><style>#b_oplglepmuz810r99sdtl a{color:#000000; background:; border-style:solid; border-color:#000000; margin-top:10px; margin-bottom:10px;  margin-left:0px; margin-right:0px; font-weight:700; border-radius:0px;}#b_oplglepmuz810r99sdtl a:hover{color:#ffffff ; background:#0c397d ; border-color:#0c397d;}<\/style><div class=\"ta_center tf_btn_pos\" id=\"b_oplglepmuz810r99sdtl\" ><a class=\"rd_stroke_bt mediumlarge_rd_bt border_1px  \" href=\"http:\/\/stiti.it\/index.php\/es\/estructuras-de-acero\/\" target=\"\" >ESTRUCTURAS DE ACERO<\/a><\/div>[\/vc_column][vc_column width=&#8221;3\/4&#8243;]<style>#ic_adffqgkukhthlsjpypad {margin:0px auto 0px; }#ic_adffqgkukhthlsjpypad .ic_left,#ic_adffqgkukhthlsjpypad .ic_right,#ic_adffqgkukhthlsjpypad .ic_left:after,#ic_adffqgkukhthlsjpypad .ic_right:after{border-color:#ecf0f1; background:#ffffff; color:#a1b1bc; }#ic_adffqgkukhthlsjpypad .ic_left:hover,#ic_adffqgkukhthlsjpypad .ic_right:hover,#ic_adffqgkukhthlsjpypad .ic_left:hover:after,#ic_adffqgkukhthlsjpypad .ic_right:hover:after{background:#f9fafb; color:#2c3e50; }#ic_adffqgkukhthlsjpypad .rd_ic_pager a{border-color:#ecf0f1; background:#ffffff; color:#a1b1bc; }#ic_adffqgkukhthlsjpypad .rd_ic_pager a:hover{border-color:#288bd0; background:#288bd0; color:#ffffff; }<\/style><script type=\"text\/javascript\" charset=\"utf-8\">\r\n\t\t\t\t\r\n\t\tjQuery.noConflict();\r\n\t\/\/setup up Carousel\r\n\t\tjQuery(document).ready(function($) {\t\r\n\t\t\t\r\n\t\t\"use strict\";\r\n\t\t\r\n\t\t\t$(window).load(function(){\r\n\t\t$(\"#ic_adffqgkukhthlsjpypad .rd_img_carousel\").carouFredSel({\r\n\t\t\t\t\t\r\n\t\t\t\t\tresponsive: true,\r\n\t\t\t\t\twidth: \"100%\",scroll:  { items:1,duration: 800},\r\n\t\t\t\t\tauto: true,\r\n\t\t\t\t\tprev: \"#ic_adffqgkukhthlsjpypad .ic_left\",\r\n\t\t\t\t\tnext: \"#ic_adffqgkukhthlsjpypad .ic_right\",\r\n\t\t\t\t\tpagination: \"#ic_adffqgkukhthlsjpypad_pager\",\r\n\t\t\t\t\theight : \"variable\",\r\n\t\t\t\t\tswipe       : {\r\n             \t\t   onTouch     : true,\r\n\t\t               onMouse     : false\r\n        \t\t    },\r\n\t\t\t\t\titems: {\r\n\t\t\t\t\theight : \"variable\",\r\n\t\t\t\t\t\tvisible: {\r\n\t\t\t\t\t\t\tmin: 1,\r\n\t\t\t\t\t\t\tmax: 1\r\n\t\t\t\t\t\t}\r\n\t\t\t\t\t}\r\n\t\t\t\t});\r\n\t\t\t\t});\r\n\t\t\t\t});\r\n\t<\/script><div class=\"rd_img_carousel_ctn  hover_nav_style\" id=\"ic_adffqgkukhthlsjpypad\"><div class=\"ic_nav\"><div class=\"ic_left\" ><\/div><div class=\"ic_right\" ><\/div><\/div><div class=\"rd_img_carousel\"><img width=\"1170\" height=\"655\" src=\"https:\/\/i0.wp.com\/stiti.it\/wp-content\/uploads\/2018\/10\/struttura-in-acciaio1.jpg?resize=1170%2C655&#038;ssl=1\" class=\"attachment-full\" alt=\"\" loading=\"lazy\" srcset=\"https:\/\/i0.wp.com\/stiti.it\/wp-content\/uploads\/2018\/10\/struttura-in-acciaio1.jpg?w=1830&amp;ssl=1 1830w, https:\/\/i0.wp.com\/stiti.it\/wp-content\/uploads\/2018\/10\/struttura-in-acciaio1.jpg?resize=300%2C168&amp;ssl=1 300w, https:\/\/i0.wp.com\/stiti.it\/wp-content\/uploads\/2018\/10\/struttura-in-acciaio1.jpg?resize=768%2C430&amp;ssl=1 768w, https:\/\/i0.wp.com\/stiti.it\/wp-content\/uploads\/2018\/10\/struttura-in-acciaio1.jpg?resize=1024%2C573&amp;ssl=1 1024w, https:\/\/i0.wp.com\/stiti.it\/wp-content\/uploads\/2018\/10\/struttura-in-acciaio1.jpg?resize=1536%2C859&amp;ssl=1 1536w\" sizes=\"(max-width: 1170px) 100vw, 1170px\" data-recalc-dims=\"1\" \/><\/div><\/div>[vc_row_inner css=&#8221;.vc_custom_1539785961679{margin-top: 50px !important;}&#8221;][vc_column_inner][vc_column_text]<\/p>\n<p class=\"contenuto_pag\"><span style=\"color: #000000;\">Dise\u00f1amos y fabricamos estructuras capaces de satisfacer las necesidades espec\u00edficas de cada cliente y los est\u00e1ndares requeridos.<\/span><\/p>\n<p>[\/vc_column_text][\/vc_column_inner][\/vc_row_inner][vc_row_inner][vc_column_inner width=&#8221;1\/2&#8243;][vc_custom_heading text=&#8221;Tipos de estructuras:&#8221; font_container=&#8221;tag:h3|text_align:left|color:%230c397d&#8221; google_fonts=&#8221;font_family:Arimo%3Aregular%2Citalic%2C700%2C700italic|font_style:700%20bold%20regular%3A700%3Anormal&#8221;][vc_column_text]<\/p>\n<ul>\n<li><span style=\"color: #000000;\">estructuras de soporte (skid)\u00a0<\/span><\/li>\n<li><span style=\"color: #000000;\">escalera\u00a0<\/span><\/li>\n<li><span style=\"color: #000000;\">pasarelas<\/span><\/li>\n<\/ul>\n<p>[\/vc_column_text][\/vc_column_inner][vc_column_inner width=&#8221;1\/2&#8243;][vc_single_image image=&#8221;7712&#8243; img_size=&#8221;medium&#8221; alignment=&#8221;center&#8221; onclick=&#8221;img_link_large&#8221; img_link_target=&#8221;_blank&#8221; css=&#8221;.vc_custom_1543310649688{margin-top: 10px !important;}&#8221;][\/vc_column_inner][\/vc_row_inner][\/vc_column][\/vc_row]<\/p>\n","protected":false},"excerpt":{"rendered":"<p>[vc_row type=&#8221;full-width-content&#8221;][vc_column][vc_single_image image=&#8221;7359&#8243; img_size=&#8221;full&#8221; alignment=&#8221;center&#8221;][\/vc_column][\/vc_row][vc_row][vc_column width=&#8221;1\/4&#8243;][\/vc_column][vc_column width=&#8221;3\/4&#8243;][vc_custom_heading text=&#8221;Estructuras de acero&#8221; font_container=&#8221;tag:h2|text_align:left|color:%230c397d&#8221; google_fonts=&#8221;font_family:Arimo%3Aregular%2Citalic%2C700%2C700italic|font_style:700%20bold%20regular%3A700%3Anormal&#8221;][\/vc_column][\/vc_row][vc_row css=&#8221;.vc_custom_1540204180915{margin-top: -40px !important;}&#8221;][vc_column width=&#8221;1\/4&#8243; el_class=&#8221;menu-products&#8221; offset=&#8221;vc_hidden-sm vc_hidden-xs&#8221;]INSTALACIONES DE GASINSTALACIONES PARA L\u00cdQUIDOSFILTROS DE CARTUCHOFILTROS SEPARADORESSEPARADORES CICL\u00d3NICOSK.O. DRUMSINTERCAMBIADORESODORIZADORESTRAMPASANTORCHAS FR\u00cdASPROTECCIONES HIDR\u00c1ULICASCIERRES R\u00c1PIDOS QOCESTRUCTURAS DE ACERO[\/vc_column][vc_column width=&#8221;3\/4&#8243;][vc_row_inner css=&#8221;.vc_custom_1539785961679{margin-top: 50px !important;}&#8221;][vc_column_inner][vc_column_text] Dise\u00f1amos y fabricamos estructuras capaces de satisfacer las necesidades espec\u00edficas de cada cliente y los est\u00e1ndares requeridos.<br \/><a href=\"https:\/\/stiti.it\/index.php\/es\/estructuras-de-acero\/\" class=\"more\">Read more<\/a><\/p>\n","protected":false},"author":1,"featured_media":0,"parent":0,"menu_order":0,"comment_status":"closed","ping_status":"closed","template":"","meta":[],"_links":{"self":[{"href":"https:\/\/stiti.it\/index.php\/wp-json\/wp\/v2\/pages\/8422"}],"collection":[{"href":"https:\/\/stiti.it\/index.php\/wp-json\/wp\/v2\/pages"}],"about":[{"href":"https:\/\/stiti.it\/index.php\/wp-json\/wp\/v2\/types\/page"}],"author":[{"embeddable":true,"href":"https:\/\/stiti.it\/index.php\/wp-json\/wp\/v2\/users\/1"}],"replies":[{"embeddable":true,"href":"https:\/\/stiti.it\/index.php\/wp-json\/wp\/v2\/comments?post=8422"}],"version-history":[{"count":8,"href":"https:\/\/stiti.it\/index.php\/wp-json\/wp\/v2\/pages\/8422\/revisions"}],"predecessor-version":[{"id":9646,"href":"https:\/\/stiti.it\/index.php\/wp-json\/wp\/v2\/pages\/8422\/revisions\/9646"}],"wp:attachment":[{"href":"https:\/\/stiti.it\/index.php\/wp-json\/wp\/v2\/media?parent=8422"}],"curies":[{"name":"wp","href":"https:\/\/api.w.org\/{rel}","templated":true}]}}