{"id":8419,"date":"2018-10-26T12:37:11","date_gmt":"2018-10-26T12:37:11","guid":{"rendered":"http:\/\/stiti.it\/?page_id=8419"},"modified":"2018-12-04T11:08:15","modified_gmt":"2018-12-04T11:08:15","slug":"cierres-rapidos-qoc","status":"publish","type":"page","link":"https:\/\/stiti.it\/index.php\/es\/cierres-rapidos-qoc\/","title":{"rendered":"CIERRES R\u00c1PIDOS QOC"},"content":{"rendered":"<p>[vc_row type=&#8221;full-width-content&#8221;][vc_column][vc_single_image image=&#8221;7359&#8243; img_size=&#8221;full&#8221; alignment=&#8221;center&#8221;][\/vc_column][\/vc_row][vc_row][vc_column width=&#8221;1\/4&#8243;][\/vc_column][vc_column width=&#8221;3\/4&#8243;][vc_custom_heading text=&#8221;Cierres r\u00e1pidos QOC&#8221; font_container=&#8221;tag:h2|text_align:left|color:%230c397d&#8221; google_fonts=&#8221;font_family:Arimo%3Aregular%2Citalic%2C700%2C700italic|font_style:700%20bold%20regular%3A700%3Anormal&#8221;][\/vc_column][\/vc_row][vc_row css=&#8221;.vc_custom_1540204141106{margin-top: -40px !important;}&#8221;][vc_column width=&#8221;1\/4&#8243; el_class=&#8221;menu-products&#8221; offset=&#8221;vc_hidden-sm vc_hidden-xs&#8221;]<style>#b_gopcqujxrvs09xvappll a{color:#000000; background:; border-style:solid; border-color:#000000; margin-top:0px; margin-bottom:0px;  margin-left:0px; margin-right:0px; font-weight:700; border-radius:0px;}#b_gopcqujxrvs09xvappll a:hover{color:#ffffff ; background:#0c397d ; border-color:#0c397d;}<\/style><div class=\"ta_center tf_btn_pos\" id=\"b_gopcqujxrvs09xvappll\" ><a class=\"rd_stroke_bt mediumlarge_rd_bt border_1px  \" href=\"http:\/\/stiti.it\/index.php\/es\/instalaciones-de-gas\/\" target=\"\" >INSTALACIONES DE GAS<\/a><\/div><style>#b_9k8e4djrovreubssbnsf a{color:#000000; background:; border-style:solid; border-color:#000000; margin-top:10px; margin-bottom:10px;  margin-left:0px; margin-right:0px; font-weight:700; border-radius:0px;}#b_9k8e4djrovreubssbnsf a:hover{color:#ffffff ; background:#0c397d ; border-color:#0c397d;}<\/style><div class=\"ta_center tf_btn_pos\" id=\"b_9k8e4djrovreubssbnsf\" ><a class=\"rd_stroke_bt mediumlarge_rd_bt border_1px  \" href=\"http:\/\/stiti.it\/index.php\/es\/instalaciones-para-liquidos\/\" target=\"\" >INSTALACIONES PARA L\u00cdQUIDOS<\/a><\/div><style>#b_6oztcrz6qij2ahy7eenp a{color:#000000; background:; border-style:solid; border-color:#000000; margin-top:10px; margin-bottom:10px;  margin-left:0px; margin-right:0px; font-weight:700; border-radius:0px;}#b_6oztcrz6qij2ahy7eenp a:hover{color:#ffffff ; background:#0c397d ; border-color:#0c397d;}<\/style><div class=\"ta_center tf_btn_pos\" id=\"b_6oztcrz6qij2ahy7eenp\" ><a class=\"rd_stroke_bt mediumlarge_rd_bt border_1px  \" href=\"http:\/\/stiti.it\/index.php\/es\/filtro-de-cartucho\/\" target=\"\" >FILTROS DE CARTUCHO<\/a><\/div><style>#b_n7hb18bo5as8cdkkm2sf a{color:#000000; background:; border-style:solid; border-color:#000000; margin-top:10px; margin-bottom:10px;  margin-left:0px; margin-right:0px; font-weight:700; border-radius:0px;}#b_n7hb18bo5as8cdkkm2sf a:hover{color:#ffffff ; background:#0c397d ; border-color:#0c397d;}<\/style><div class=\"ta_center tf_btn_pos\" id=\"b_n7hb18bo5as8cdkkm2sf\" ><a class=\"rd_stroke_bt mediumlarge_rd_bt border_1px  \" href=\"http:\/\/stiti.it\/index.php\/es\/filtros-separadores\/\" target=\"\" >FILTROS SEPARADORES<\/a><\/div><style>#b_qfizhaud4rp5qmtt3kl1 a{color:#000000; background:; border-style:solid; border-color:#000000; margin-top:10px; margin-bottom:10px;  margin-left:0px; margin-right:0px; font-weight:700; border-radius:0px;}#b_qfizhaud4rp5qmtt3kl1 a:hover{color:#ffffff ; background:#0c397d ; border-color:#0c397d;}<\/style><div class=\"ta_center tf_btn_pos\" id=\"b_qfizhaud4rp5qmtt3kl1\" ><a class=\"rd_stroke_bt mediumlarge_rd_bt border_1px  \" href=\"http:\/\/stiti.it\/index.php\/es\/separadores-ciclonicos\/\" target=\"\" >SEPARADORES CICL\u00d3NICOS<\/a><\/div><style>#b_no0sw0uanu1svd1zhes9 a{color:#000000; background:; border-style:solid; border-color:#000000; margin-top:10px; margin-bottom:10px;  margin-left:0px; margin-right:0px; font-weight:700; border-radius:0px;}#b_no0sw0uanu1svd1zhes9 a:hover{color:#ffffff ; background:#0c397d ; border-color:#0c397d;}<\/style><div class=\"ta_center tf_btn_pos\" id=\"b_no0sw0uanu1svd1zhes9\" ><a class=\"rd_stroke_bt mediumlarge_rd_bt border_1px  \" href=\"http:\/\/stiti.it\/index.php\/es\/k-o-drums-5\/\" target=\"\" >K.O. DRUMS<\/a><\/div><style>#b_d3z6y19bh004cy5rzjsc a{color:#000000; background:; border-style:solid; border-color:#000000; margin-top:10px; margin-bottom:10px;  margin-left:0px; margin-right:0px; font-weight:700; border-radius:0px;}#b_d3z6y19bh004cy5rzjsc a:hover{color:#ffffff ; background:#0c397d ; border-color:#0c397d;}<\/style><div class=\"ta_center tf_btn_pos\" id=\"b_d3z6y19bh004cy5rzjsc\" ><a class=\"rd_stroke_bt mediumlarge_rd_bt border_1px  \" href=\"http:\/\/stiti.it\/index.php\/es\/intercambiadores-de-calor\/\" target=\"\" >INTERCAMBIADORES<\/a><\/div><style>#b_ovudw4jwwizklkw1z0vp a{color:#000000; background:; border-style:solid; border-color:#000000; margin-top:10px; margin-bottom:10px;  margin-left:0px; margin-right:0px; font-weight:700; border-radius:0px;}#b_ovudw4jwwizklkw1z0vp a:hover{color:#ffffff ; background:#0c397d ; border-color:#0c397d;}<\/style><div class=\"ta_center tf_btn_pos\" id=\"b_ovudw4jwwizklkw1z0vp\" ><a class=\"rd_stroke_bt mediumlarge_rd_bt border_1px  \" href=\"http:\/\/stiti.it\/index.php\/es\/odorizadores-por-humedecimiento\/\" target=\"\" >ODORIZADORES<\/a><\/div><style>#b_zf5u1xccssfme6av6km0 a{color:#000000; background:; border-style:solid; border-color:#000000; margin-top:10px; margin-bottom:10px;  margin-left:0px; margin-right:0px; font-weight:700; border-radius:0px;}#b_zf5u1xccssfme6av6km0 a:hover{color:#ffffff ; background:#0c397d ; border-color:#0c397d;}<\/style><div class=\"ta_center tf_btn_pos\" id=\"b_zf5u1xccssfme6av6km0\" ><a class=\"rd_stroke_bt mediumlarge_rd_bt border_1px  \" href=\"http:\/\/stiti.it\/index.php\/es\/trampas-de-lanzamiento-recepcion-pig\/\" target=\"\" >TRAMPAS<\/a><\/div><style>#b_jv9raz093cmzufojpz60 a{color:#000000; background:; border-style:solid; border-color:#000000; margin-top:10px; margin-bottom:10px;  margin-left:0px; margin-right:0px; font-weight:700; border-radius:0px;}#b_jv9raz093cmzufojpz60 a:hover{color:#ffffff ; background:#0c397d ; border-color:#0c397d;}<\/style><div class=\"ta_center tf_btn_pos\" id=\"b_jv9raz093cmzufojpz60\" ><a class=\"rd_stroke_bt mediumlarge_rd_bt border_1px  \" href=\"http:\/\/stiti.it\/index.php\/es\/antorchas-frias\/\" target=\"\" >ANTORCHAS FR\u00cdAS<\/a><\/div><style>#b_m1j35kmtx59v0c3zixvw a{color:#000000; background:; border-style:solid; border-color:#000000; margin-top:10px; margin-bottom:10px;  margin-left:0px; margin-right:0px; font-weight:700; border-radius:0px;}#b_m1j35kmtx59v0c3zixvw a:hover{color:#ffffff ; background:#0c397d ; border-color:#0c397d;}<\/style><div class=\"ta_center tf_btn_pos\" id=\"b_m1j35kmtx59v0c3zixvw\" ><a class=\"rd_stroke_bt mediumlarge_rd_bt border_1px  \" href=\"http:\/\/stiti.it\/index.php\/es\/protecciones-hidraulicas\/\" target=\"\" >PROTECCIONES HIDR\u00c1ULICAS<\/a><\/div><style>#b_rsv1aiif86blj9prj49w a{color:#000000; background:; border-style:solid; border-color:#000000; margin-top:10px; margin-bottom:10px;  margin-left:0px; margin-right:0px; font-weight:700; border-radius:0px;}#b_rsv1aiif86blj9prj49w a:hover{color:#ffffff ; background:#0c397d ; border-color:#0c397d;}<\/style><div class=\"ta_center tf_btn_pos\" id=\"b_rsv1aiif86blj9prj49w\" ><a class=\"rd_stroke_bt mediumlarge_rd_bt border_1px  \" href=\"http:\/\/stiti.it\/index.php\/es\/cierres-rapidos-qoc\/\" target=\"\" >CIERRES R\u00c1PIDOS QOC<\/a><\/div><style>#b_wii4c9r1d2p22n0pdu9j a{color:#000000; background:; border-style:solid; border-color:#000000; margin-top:10px; margin-bottom:10px;  margin-left:0px; margin-right:0px; font-weight:700; border-radius:0px;}#b_wii4c9r1d2p22n0pdu9j a:hover{color:#ffffff ; background:#0c397d ; border-color:#0c397d;}<\/style><div class=\"ta_center tf_btn_pos\" id=\"b_wii4c9r1d2p22n0pdu9j\" ><a class=\"rd_stroke_bt mediumlarge_rd_bt border_1px  \" href=\"http:\/\/stiti.it\/index.php\/es\/estructuras-de-acero\/\" target=\"\" >ESTRUCTURAS DE ACERO<\/a><\/div>[\/vc_column][vc_column width=&#8221;3\/4&#8243;]<style>#ic_gls81xh8hf61a85qejoy {margin:0px auto 0px; }#ic_gls81xh8hf61a85qejoy .ic_left,#ic_gls81xh8hf61a85qejoy .ic_right,#ic_gls81xh8hf61a85qejoy .ic_left:after,#ic_gls81xh8hf61a85qejoy .ic_right:after{border-color:#ecf0f1; background:#ffffff; color:#a1b1bc; }#ic_gls81xh8hf61a85qejoy .ic_left:hover,#ic_gls81xh8hf61a85qejoy .ic_right:hover,#ic_gls81xh8hf61a85qejoy .ic_left:hover:after,#ic_gls81xh8hf61a85qejoy .ic_right:hover:after{background:#f9fafb; color:#2c3e50; }#ic_gls81xh8hf61a85qejoy .rd_ic_pager a{border-color:#ecf0f1; background:#ffffff; color:#a1b1bc; }#ic_gls81xh8hf61a85qejoy .rd_ic_pager a:hover{border-color:#288bd0; background:#288bd0; color:#ffffff; }<\/style><script type=\"text\/javascript\" charset=\"utf-8\">\r\n\t\t\t\t\r\n\t\tjQuery.noConflict();\r\n\t\/\/setup up Carousel\r\n\t\tjQuery(document).ready(function($) {\t\r\n\t\t\t\r\n\t\t\"use strict\";\r\n\t\t\r\n\t\t\t$(window).load(function(){\r\n\t\t$(\"#ic_gls81xh8hf61a85qejoy .rd_img_carousel\").carouFredSel({\r\n\t\t\t\t\t\r\n\t\t\t\t\tresponsive: true,\r\n\t\t\t\t\twidth: \"100%\",scroll:  { items:1,duration: 800},\r\n\t\t\t\t\tauto: true,\r\n\t\t\t\t\tprev: \"#ic_gls81xh8hf61a85qejoy .ic_left\",\r\n\t\t\t\t\tnext: \"#ic_gls81xh8hf61a85qejoy .ic_right\",\r\n\t\t\t\t\tpagination: \"#ic_gls81xh8hf61a85qejoy_pager\",\r\n\t\t\t\t\theight : \"variable\",\r\n\t\t\t\t\tswipe       : {\r\n             \t\t   onTouch     : true,\r\n\t\t               onMouse     : false\r\n        \t\t    },\r\n\t\t\t\t\titems: {\r\n\t\t\t\t\theight : \"variable\",\r\n\t\t\t\t\t\tvisible: {\r\n\t\t\t\t\t\t\tmin: 1,\r\n\t\t\t\t\t\t\tmax: 1\r\n\t\t\t\t\t\t}\r\n\t\t\t\t\t}\r\n\t\t\t\t});\r\n\t\t\t\t});\r\n\t\t\t\t});\r\n\t<\/script><div class=\"rd_img_carousel_ctn  hover_nav_style\" id=\"ic_gls81xh8hf61a85qejoy\"><div class=\"ic_nav\"><div class=\"ic_left\" ><\/div><div class=\"ic_right\" ><\/div><\/div><div class=\"rd_img_carousel\"><img width=\"1170\" height=\"655\" src=\"https:\/\/i0.wp.com\/stiti.it\/wp-content\/uploads\/2018\/10\/CHIUSURA-QOC.jpg?resize=1170%2C655&#038;ssl=1\" class=\"attachment-full\" alt=\"\" loading=\"lazy\" srcset=\"https:\/\/i0.wp.com\/stiti.it\/wp-content\/uploads\/2018\/10\/CHIUSURA-QOC.jpg?w=1830&amp;ssl=1 1830w, https:\/\/i0.wp.com\/stiti.it\/wp-content\/uploads\/2018\/10\/CHIUSURA-QOC.jpg?resize=300%2C168&amp;ssl=1 300w, https:\/\/i0.wp.com\/stiti.it\/wp-content\/uploads\/2018\/10\/CHIUSURA-QOC.jpg?resize=768%2C430&amp;ssl=1 768w, https:\/\/i0.wp.com\/stiti.it\/wp-content\/uploads\/2018\/10\/CHIUSURA-QOC.jpg?resize=1024%2C573&amp;ssl=1 1024w, https:\/\/i0.wp.com\/stiti.it\/wp-content\/uploads\/2018\/10\/CHIUSURA-QOC.jpg?resize=1536%2C859&amp;ssl=1 1536w\" sizes=\"(max-width: 1170px) 100vw, 1170px\" data-recalc-dims=\"1\" \/><img width=\"1170\" height=\"655\" src=\"https:\/\/i0.wp.com\/stiti.it\/wp-content\/uploads\/2018\/10\/CHIUSURA-QOC1.jpg?resize=1170%2C655&#038;ssl=1\" class=\"attachment-full\" alt=\"\" loading=\"lazy\" srcset=\"https:\/\/i0.wp.com\/stiti.it\/wp-content\/uploads\/2018\/10\/CHIUSURA-QOC1.jpg?w=1830&amp;ssl=1 1830w, https:\/\/i0.wp.com\/stiti.it\/wp-content\/uploads\/2018\/10\/CHIUSURA-QOC1.jpg?resize=300%2C168&amp;ssl=1 300w, https:\/\/i0.wp.com\/stiti.it\/wp-content\/uploads\/2018\/10\/CHIUSURA-QOC1.jpg?resize=768%2C430&amp;ssl=1 768w, https:\/\/i0.wp.com\/stiti.it\/wp-content\/uploads\/2018\/10\/CHIUSURA-QOC1.jpg?resize=1024%2C573&amp;ssl=1 1024w, https:\/\/i0.wp.com\/stiti.it\/wp-content\/uploads\/2018\/10\/CHIUSURA-QOC1.jpg?resize=1536%2C859&amp;ssl=1 1536w\" sizes=\"(max-width: 1170px) 100vw, 1170px\" data-recalc-dims=\"1\" \/><img width=\"1170\" height=\"655\" src=\"https:\/\/i0.wp.com\/stiti.it\/wp-content\/uploads\/2018\/10\/CHIUSURA-QOC2.jpg?resize=1170%2C655&#038;ssl=1\" class=\"attachment-full\" alt=\"\" loading=\"lazy\" srcset=\"https:\/\/i0.wp.com\/stiti.it\/wp-content\/uploads\/2018\/10\/CHIUSURA-QOC2.jpg?w=1830&amp;ssl=1 1830w, https:\/\/i0.wp.com\/stiti.it\/wp-content\/uploads\/2018\/10\/CHIUSURA-QOC2.jpg?resize=300%2C168&amp;ssl=1 300w, https:\/\/i0.wp.com\/stiti.it\/wp-content\/uploads\/2018\/10\/CHIUSURA-QOC2.jpg?resize=768%2C430&amp;ssl=1 768w, https:\/\/i0.wp.com\/stiti.it\/wp-content\/uploads\/2018\/10\/CHIUSURA-QOC2.jpg?resize=1024%2C573&amp;ssl=1 1024w, https:\/\/i0.wp.com\/stiti.it\/wp-content\/uploads\/2018\/10\/CHIUSURA-QOC2.jpg?resize=1536%2C859&amp;ssl=1 1536w\" sizes=\"(max-width: 1170px) 100vw, 1170px\" data-recalc-dims=\"1\" \/><\/div><\/div>[vc_row_inner css=&#8221;.vc_custom_1539785086824{margin-top: 50px !important;}&#8221;][vc_column_inner][vc_column_text]<\/p>\n<p style=\"text-align: justify;\"><span style=\"color: #000000;\">Los cierres r\u00e1pidos dise\u00f1ados y construidos por S.T.I.T.I. pueden abrir y cerrar r\u00e1pidamente un equipo.<br \/>\n<\/span><\/p>\n<p style=\"text-align: justify;\"><span style=\"color: #000000;\">S.T.I.T.I. dise\u00f1a y fabrica dos tipos de cierres r\u00e1pidos:<\/span><\/p>\n<p>[\/vc_column_text][\/vc_column_inner][\/vc_row_inner][vc_row_inner el_id=&#8221;row-qoc-3D&#8221;][vc_column_inner width=&#8221;1\/3&#8243; offset=&#8221;vc_hidden-sm vc_hidden-xs&#8221;][vc_column_text]<\/p>\n<ul>\n<li><span style=\"color: #000000;\">de mordazas<\/span><\/li>\n<\/ul>\n<p>[\/vc_column_text][\/vc_column_inner][vc_column_inner width=&#8221;1\/3&#8243;][vc_single_image image=&#8221;7704&#8243; img_size=&#8221;medium&#8221; onclick=&#8221;img_link_large&#8221;][\/vc_column_inner][vc_column_inner el_class=&#8221;video-qoc&#8221; width=&#8221;1\/3&#8243;]<style>#b_zbifq7e4f6hx5px4qbdj a{color:#0c397d; background:; margin-top:0px; margin-bottom:0px;  margin-left:0px; margin-right:0px; font-weight:700; border-radius:0px;}#b_zbifq7e4f6hx5px4qbdj a:hover{color: ; background: ;}<\/style><div class=\"ta_left tf_btn_pos\" id=\"b_zbifq7e4f6hx5px4qbdj\" ><a class=\"rd_normal_bt mediumlarge_rd_bt bt_icon_left   \" href=\"http:\/\/stiti.it\/wp-content\/uploads\/2018\/10\/chiusura_a_ganasce.mp4\" target=\"yes\" ><i class=\"ec-videos\" ><\/i><span>de mordazas<\/span><\/a><\/div><style>#b_zbifq7e4f6hx5px4qbdj i {color:#0c397d;}#b_zbifq7e4f6hx5px4qbdj a:hover i{color:;}<\/style><style> @font-face{font-family: 'ec'; src:url('https:\/\/stiti.it\/wp-content\/themes\/TheFox\/includes\/4k-icons\/icons\/4k-icons-pack02\/icons\/fonts\/ec.eot'); src:url('https:\/\/stiti.it\/wp-content\/themes\/TheFox\/includes\/4k-icons\/icons\/4k-icons-pack02\/icons\/fonts\/ec.eot?#iefix') format('embedded-opentype'), url('https:\/\/stiti.it\/wp-content\/themes\/TheFox\/includes\/4k-icons\/icons\/4k-icons-pack02\/icons\/fonts\/ec.woff') format('woff'), url('https:\/\/stiti.it\/wp-content\/themes\/TheFox\/includes\/4k-icons\/icons\/4k-icons-pack02\/icons\/fonts\/ec.ttf') format('truetype'), url('https:\/\/stiti.it\/wp-content\/themes\/TheFox\/includes\/4k-icons\/icons\/4k-icons-pack02\/icons\/fonts\/ec.svg#oi') format('svg'); font-weight: normal; font-style: normal;}#b_zbifq7e4f6hx5px4qbdj .ec-videos:before{font-family: 'ec'; font-weight: normal; font-style: normal;}#b_zbifq7e4f6hx5px4qbdj .ec-videos:before{content: \"\\e00e\";}<\/style>\n[\/vc_column_inner][\/vc_row_inner][vc_row_inner el_id=&#8221;row-qoc-3D&#8221;][vc_column_inner width=&#8221;1\/3&#8243; offset=&#8221;vc_hidden-sm vc_hidden-xs&#8221;][vc_column_text]<\/p>\n<ul>\n<li><span style=\"color: #000000;\">de tabiques<\/span><\/li>\n<\/ul>\n<p>[\/vc_column_text][\/vc_column_inner][vc_column_inner width=&#8221;1\/3&#8243;][vc_single_image image=&#8221;7700&#8243; img_size=&#8221;medium&#8221; onclick=&#8221;img_link_large&#8221;][\/vc_column_inner][vc_column_inner el_class=&#8221;video-qoc&#8221; width=&#8221;1\/3&#8243;]<style>#b_1lwelwdepw44viuitclo a{color:#0c397d; background:; margin-top:0px; margin-bottom:0px;  margin-left:0px; margin-right:0px; font-weight:700; border-radius:0px;}#b_1lwelwdepw44viuitclo a:hover{color: ; background: ;}<\/style><div class=\"ta_left tf_btn_pos\" id=\"b_1lwelwdepw44viuitclo\" ><a class=\"rd_normal_bt mediumlarge_rd_bt bt_icon_left   \" href=\"http:\/\/stiti.it\/wp-content\/uploads\/2018\/10\/chiusura_a_setti.mp4\" target=\"yes\" ><i class=\"ec-videos\" ><\/i><span>de tabiques<\/span><\/a><\/div><style>#b_1lwelwdepw44viuitclo i {color:#0c397d;}#b_1lwelwdepw44viuitclo a:hover i{color:;}<\/style><style> @font-face{font-family: 'ec'; src:url('https:\/\/stiti.it\/wp-content\/themes\/TheFox\/includes\/4k-icons\/icons\/4k-icons-pack02\/icons\/fonts\/ec.eot'); src:url('https:\/\/stiti.it\/wp-content\/themes\/TheFox\/includes\/4k-icons\/icons\/4k-icons-pack02\/icons\/fonts\/ec.eot?#iefix') format('embedded-opentype'), url('https:\/\/stiti.it\/wp-content\/themes\/TheFox\/includes\/4k-icons\/icons\/4k-icons-pack02\/icons\/fonts\/ec.woff') format('woff'), url('https:\/\/stiti.it\/wp-content\/themes\/TheFox\/includes\/4k-icons\/icons\/4k-icons-pack02\/icons\/fonts\/ec.ttf') format('truetype'), url('https:\/\/stiti.it\/wp-content\/themes\/TheFox\/includes\/4k-icons\/icons\/4k-icons-pack02\/icons\/fonts\/ec.svg#oi') format('svg'); font-weight: normal; font-style: normal;}#b_1lwelwdepw44viuitclo .ec-videos:before{font-family: 'ec'; font-weight: normal; font-style: normal;}#b_1lwelwdepw44viuitclo .ec-videos:before{content: \"\\e00e\";}<\/style>\n[\/vc_column_inner][\/vc_row_inner][vc_column_text]<span style=\"color: #000000;\">Se pueden montar en filtros, separadores, trampas de lanzamiento y recepci\u00f3n, etc.<\/span><br \/>\n<span style=\"color: #000000;\">Est\u00e1n equipados con un dispositivo de seguridad que impide la apertura del cierre cuando la unidad se encuentra bajo presi\u00f3n.<\/span>[\/vc_column_text][\/vc_column][\/vc_row]<\/p>\n","protected":false},"excerpt":{"rendered":"<p>[vc_row type=&#8221;full-width-content&#8221;][vc_column][vc_single_image image=&#8221;7359&#8243; img_size=&#8221;full&#8221; alignment=&#8221;center&#8221;][\/vc_column][\/vc_row][vc_row][vc_column width=&#8221;1\/4&#8243;][\/vc_column][vc_column width=&#8221;3\/4&#8243;][vc_custom_heading text=&#8221;Cierres r\u00e1pidos QOC&#8221; font_container=&#8221;tag:h2|text_align:left|color:%230c397d&#8221; google_fonts=&#8221;font_family:Arimo%3Aregular%2Citalic%2C700%2C700italic|font_style:700%20bold%20regular%3A700%3Anormal&#8221;][\/vc_column][\/vc_row][vc_row css=&#8221;.vc_custom_1540204141106{margin-top: -40px !important;}&#8221;][vc_column width=&#8221;1\/4&#8243; el_class=&#8221;menu-products&#8221; offset=&#8221;vc_hidden-sm vc_hidden-xs&#8221;]INSTALACIONES DE GASINSTALACIONES PARA L\u00cdQUIDOSFILTROS DE CARTUCHOFILTROS SEPARADORESSEPARADORES CICL\u00d3NICOSK.O. DRUMSINTERCAMBIADORESODORIZADORESTRAMPASANTORCHAS FR\u00cdASPROTECCIONES HIDR\u00c1ULICASCIERRES R\u00c1PIDOS QOCESTRUCTURAS DE ACERO[\/vc_column][vc_column width=&#8221;3\/4&#8243;][vc_row_inner css=&#8221;.vc_custom_1539785086824{margin-top: 50px !important;}&#8221;][vc_column_inner][vc_column_text] Los cierres r\u00e1pidos dise\u00f1ados y construidos por S.T.I.T.I. pueden abrir y cerrar r\u00e1pidamente un equipo. S.T.I.T.I. dise\u00f1a<br \/><a href=\"https:\/\/stiti.it\/index.php\/es\/cierres-rapidos-qoc\/\" class=\"more\">Read more<\/a><\/p>\n","protected":false},"author":1,"featured_media":0,"parent":0,"menu_order":0,"comment_status":"closed","ping_status":"closed","template":"","meta":[],"_links":{"self":[{"href":"https:\/\/stiti.it\/index.php\/wp-json\/wp\/v2\/pages\/8419"}],"collection":[{"href":"https:\/\/stiti.it\/index.php\/wp-json\/wp\/v2\/pages"}],"about":[{"href":"https:\/\/stiti.it\/index.php\/wp-json\/wp\/v2\/types\/page"}],"author":[{"embeddable":true,"href":"https:\/\/stiti.it\/index.php\/wp-json\/wp\/v2\/users\/1"}],"replies":[{"embeddable":true,"href":"https:\/\/stiti.it\/index.php\/wp-json\/wp\/v2\/comments?post=8419"}],"version-history":[{"count":8,"href":"https:\/\/stiti.it\/index.php\/wp-json\/wp\/v2\/pages\/8419\/revisions"}],"predecessor-version":[{"id":9128,"href":"https:\/\/stiti.it\/index.php\/wp-json\/wp\/v2\/pages\/8419\/revisions\/9128"}],"wp:attachment":[{"href":"https:\/\/stiti.it\/index.php\/wp-json\/wp\/v2\/media?parent=8419"}],"curies":[{"name":"wp","href":"https:\/\/api.w.org\/{rel}","templated":true}]}}