{"id":8417,"date":"2018-10-26T12:33:46","date_gmt":"2018-10-26T12:33:46","guid":{"rendered":"http:\/\/stiti.it\/?page_id=8417"},"modified":"2018-12-04T11:07:42","modified_gmt":"2018-12-04T11:07:42","slug":"protecciones-hidraulicas","status":"publish","type":"page","link":"https:\/\/stiti.it\/index.php\/es\/protecciones-hidraulicas\/","title":{"rendered":"PROTECCIONES HIDR\u00c1ULICAS"},"content":{"rendered":"<p>[vc_row type=&#8221;full-width-content&#8221;][vc_column][vc_single_image image=&#8221;7359&#8243; img_size=&#8221;full&#8221; alignment=&#8221;center&#8221;][\/vc_column][\/vc_row][vc_row][vc_column width=&#8221;1\/4&#8243;][\/vc_column][vc_column width=&#8221;3\/4&#8243;][vc_custom_heading text=&#8221;Protecciones hidr\u00e1ulicas&#8221; font_container=&#8221;tag:h2|text_align:left|color:%230c397d&#8221; google_fonts=&#8221;font_family:Arimo%3Aregular%2Citalic%2C700%2C700italic|font_style:700%20bold%20regular%3A700%3Anormal&#8221;][\/vc_column][\/vc_row][vc_row css=&#8221;.vc_custom_1540203878250{margin-top: -40px !important;}&#8221;][vc_column width=&#8221;1\/4&#8243; el_class=&#8221;menu-products&#8221; offset=&#8221;vc_hidden-sm vc_hidden-xs&#8221;]<style>#b_nto7622jjreueqjsegj8 a{color:#000000; background:; border-style:solid; border-color:#000000; margin-top:0px; margin-bottom:0px;  margin-left:0px; margin-right:0px; font-weight:700; border-radius:0px;}#b_nto7622jjreueqjsegj8 a:hover{color:#ffffff ; background:#0c397d ; border-color:#0c397d;}<\/style><div class=\"ta_center tf_btn_pos\" id=\"b_nto7622jjreueqjsegj8\" ><a class=\"rd_stroke_bt mediumlarge_rd_bt border_1px  \" href=\"http:\/\/stiti.it\/index.php\/es\/instalaciones-de-gas\/\" target=\"\" >INSTALACIONES DE GAS<\/a><\/div><style>#b_69t1yqfh0so2f5a98ndd a{color:#000000; background:; border-style:solid; border-color:#000000; margin-top:10px; margin-bottom:10px;  margin-left:0px; margin-right:0px; font-weight:700; border-radius:0px;}#b_69t1yqfh0so2f5a98ndd a:hover{color:#ffffff ; background:#0c397d ; border-color:#0c397d;}<\/style><div class=\"ta_center tf_btn_pos\" id=\"b_69t1yqfh0so2f5a98ndd\" ><a class=\"rd_stroke_bt mediumlarge_rd_bt border_1px  \" href=\"http:\/\/stiti.it\/index.php\/es\/instalaciones-para-liquidos\/\" target=\"\" >INSTALACIONES PARA L\u00cdQUIDOS<\/a><\/div><style>#b_3wdtarvbb0bp6xrf8jmz a{color:#000000; background:; border-style:solid; border-color:#000000; margin-top:10px; margin-bottom:10px;  margin-left:0px; margin-right:0px; font-weight:700; border-radius:0px;}#b_3wdtarvbb0bp6xrf8jmz a:hover{color:#ffffff ; background:#0c397d ; border-color:#0c397d;}<\/style><div class=\"ta_center tf_btn_pos\" id=\"b_3wdtarvbb0bp6xrf8jmz\" ><a class=\"rd_stroke_bt mediumlarge_rd_bt border_1px  \" href=\"http:\/\/stiti.it\/index.php\/es\/filtro-de-cartucho\/\" target=\"\" >FILTROS DE CARTUCHO<\/a><\/div><style>#b_1mxlf3oijmid8x4d8s5g a{color:#000000; background:; border-style:solid; border-color:#000000; margin-top:10px; margin-bottom:10px;  margin-left:0px; margin-right:0px; font-weight:700; border-radius:0px;}#b_1mxlf3oijmid8x4d8s5g a:hover{color:#ffffff ; background:#0c397d ; border-color:#0c397d;}<\/style><div class=\"ta_center tf_btn_pos\" id=\"b_1mxlf3oijmid8x4d8s5g\" ><a class=\"rd_stroke_bt mediumlarge_rd_bt border_1px  \" href=\"http:\/\/stiti.it\/index.php\/es\/filtros-separadores\/\" target=\"\" >FILTROS SEPARADORES<\/a><\/div><style>#b_7yh1e4f1ro7kftofnxml a{color:#000000; background:; border-style:solid; border-color:#000000; margin-top:10px; margin-bottom:10px;  margin-left:0px; margin-right:0px; font-weight:700; border-radius:0px;}#b_7yh1e4f1ro7kftofnxml a:hover{color:#ffffff ; background:#0c397d ; border-color:#0c397d;}<\/style><div class=\"ta_center tf_btn_pos\" id=\"b_7yh1e4f1ro7kftofnxml\" ><a class=\"rd_stroke_bt mediumlarge_rd_bt border_1px  \" href=\"http:\/\/stiti.it\/index.php\/es\/separadores-ciclonicos\/\" target=\"\" >SEPARADORES CICL\u00d3NICOS<\/a><\/div><style>#b_qkyrs6h1z8xrgx9ejrn6 a{color:#000000; background:; border-style:solid; border-color:#000000; margin-top:10px; margin-bottom:10px;  margin-left:0px; margin-right:0px; font-weight:700; border-radius:0px;}#b_qkyrs6h1z8xrgx9ejrn6 a:hover{color:#ffffff ; background:#0c397d ; border-color:#0c397d;}<\/style><div class=\"ta_center tf_btn_pos\" id=\"b_qkyrs6h1z8xrgx9ejrn6\" ><a class=\"rd_stroke_bt mediumlarge_rd_bt border_1px  \" href=\"http:\/\/stiti.it\/index.php\/es\/k-o-drums-5\/\" target=\"\" >K.O. DRUMS<\/a><\/div><style>#b_4uplgb35wsktqyc847l2 a{color:#000000; background:; border-style:solid; border-color:#000000; margin-top:10px; margin-bottom:10px;  margin-left:0px; margin-right:0px; font-weight:700; border-radius:0px;}#b_4uplgb35wsktqyc847l2 a:hover{color:#ffffff ; background:#0c397d ; border-color:#0c397d;}<\/style><div class=\"ta_center tf_btn_pos\" id=\"b_4uplgb35wsktqyc847l2\" ><a class=\"rd_stroke_bt mediumlarge_rd_bt border_1px  \" href=\"http:\/\/stiti.it\/index.php\/es\/intercambiadores-de-calor\/\" target=\"\" >INTERCAMBIADORES<\/a><\/div><style>#b_vwzenogxi1ed9dxz7plp a{color:#000000; background:; border-style:solid; border-color:#000000; margin-top:10px; margin-bottom:10px;  margin-left:0px; margin-right:0px; font-weight:700; border-radius:0px;}#b_vwzenogxi1ed9dxz7plp a:hover{color:#ffffff ; background:#0c397d ; border-color:#0c397d;}<\/style><div class=\"ta_center tf_btn_pos\" id=\"b_vwzenogxi1ed9dxz7plp\" ><a class=\"rd_stroke_bt mediumlarge_rd_bt border_1px  \" href=\"http:\/\/stiti.it\/index.php\/es\/odorizadores-por-humedecimiento\/\" target=\"\" >ODORIZADORES<\/a><\/div><style>#b_3nc1mo5d363zl52sn626 a{color:#000000; background:; border-style:solid; border-color:#000000; margin-top:10px; margin-bottom:10px;  margin-left:0px; margin-right:0px; font-weight:700; border-radius:0px;}#b_3nc1mo5d363zl52sn626 a:hover{color:#ffffff ; background:#0c397d ; border-color:#0c397d;}<\/style><div class=\"ta_center tf_btn_pos\" id=\"b_3nc1mo5d363zl52sn626\" ><a class=\"rd_stroke_bt mediumlarge_rd_bt border_1px  \" href=\"http:\/\/stiti.it\/index.php\/es\/trampas-de-lanzamiento-recepcion-pig\/\" target=\"\" >TRAMPAS<\/a><\/div><style>#b_d13iaiwp9mjpkdd8ub84 a{color:#000000; background:; border-style:solid; border-color:#000000; margin-top:10px; margin-bottom:10px;  margin-left:0px; margin-right:0px; font-weight:700; border-radius:0px;}#b_d13iaiwp9mjpkdd8ub84 a:hover{color:#ffffff ; background:#0c397d ; border-color:#0c397d;}<\/style><div class=\"ta_center tf_btn_pos\" id=\"b_d13iaiwp9mjpkdd8ub84\" ><a class=\"rd_stroke_bt mediumlarge_rd_bt border_1px  \" href=\"http:\/\/stiti.it\/index.php\/es\/antorchas-frias\/\" target=\"\" >ANTORCHAS FR\u00cdAS<\/a><\/div><style>#b_zxkb5pdlkjdtpuogq3ef a{color:#000000; background:; border-style:solid; border-color:#000000; margin-top:10px; margin-bottom:10px;  margin-left:0px; margin-right:0px; font-weight:700; border-radius:0px;}#b_zxkb5pdlkjdtpuogq3ef a:hover{color:#ffffff ; background:#0c397d ; border-color:#0c397d;}<\/style><div class=\"ta_center tf_btn_pos\" id=\"b_zxkb5pdlkjdtpuogq3ef\" ><a class=\"rd_stroke_bt mediumlarge_rd_bt border_1px  \" href=\"http:\/\/stiti.it\/index.php\/es\/protecciones-hidraulicas\/\" target=\"\" >PROTECCIONES HIDR\u00c1ULICAS<\/a><\/div><style>#b_pf5oc14nfqx27atv2ww2 a{color:#000000; background:; border-style:solid; border-color:#000000; margin-top:10px; margin-bottom:10px;  margin-left:0px; margin-right:0px; font-weight:700; border-radius:0px;}#b_pf5oc14nfqx27atv2ww2 a:hover{color:#ffffff ; background:#0c397d ; border-color:#0c397d;}<\/style><div class=\"ta_center tf_btn_pos\" id=\"b_pf5oc14nfqx27atv2ww2\" ><a class=\"rd_stroke_bt mediumlarge_rd_bt border_1px  \" href=\"http:\/\/stiti.it\/index.php\/es\/cierres-rapidos-qoc\/\" target=\"\" >CIERRES R\u00c1PIDOS QOC<\/a><\/div><style>#b_3xw20dgqhogix68y5m8u a{color:#000000; background:; border-style:solid; border-color:#000000; margin-top:10px; margin-bottom:10px;  margin-left:0px; margin-right:0px; font-weight:700; border-radius:0px;}#b_3xw20dgqhogix68y5m8u a:hover{color:#ffffff ; background:#0c397d ; border-color:#0c397d;}<\/style><div class=\"ta_center tf_btn_pos\" id=\"b_3xw20dgqhogix68y5m8u\" ><a class=\"rd_stroke_bt mediumlarge_rd_bt border_1px  \" href=\"http:\/\/stiti.it\/index.php\/es\/estructuras-de-acero\/\" target=\"\" >ESTRUCTURAS DE ACERO<\/a><\/div>[\/vc_column][vc_column width=&#8221;3\/4&#8243;]<style>#ic_18hlc83g0r1uvvwwuaos {margin:0px auto 0px; }#ic_18hlc83g0r1uvvwwuaos .ic_left,#ic_18hlc83g0r1uvvwwuaos .ic_right,#ic_18hlc83g0r1uvvwwuaos .ic_left:after,#ic_18hlc83g0r1uvvwwuaos .ic_right:after{border-color:#ecf0f1; background:#ffffff; color:#a1b1bc; }#ic_18hlc83g0r1uvvwwuaos .ic_left:hover,#ic_18hlc83g0r1uvvwwuaos .ic_right:hover,#ic_18hlc83g0r1uvvwwuaos .ic_left:hover:after,#ic_18hlc83g0r1uvvwwuaos .ic_right:hover:after{background:#f9fafb; color:#2c3e50; }#ic_18hlc83g0r1uvvwwuaos .rd_ic_pager a{border-color:#ecf0f1; background:#ffffff; color:#a1b1bc; }#ic_18hlc83g0r1uvvwwuaos .rd_ic_pager a:hover{border-color:#288bd0; background:#288bd0; color:#ffffff; }<\/style><script type=\"text\/javascript\" charset=\"utf-8\">\r\n\t\t\t\t\r\n\t\tjQuery.noConflict();\r\n\t\/\/setup up Carousel\r\n\t\tjQuery(document).ready(function($) {\t\r\n\t\t\t\r\n\t\t\"use strict\";\r\n\t\t\r\n\t\t\t$(window).load(function(){\r\n\t\t$(\"#ic_18hlc83g0r1uvvwwuaos .rd_img_carousel\").carouFredSel({\r\n\t\t\t\t\t\r\n\t\t\t\t\tresponsive: true,\r\n\t\t\t\t\twidth: \"100%\",scroll:  { items:1,duration: 800},\r\n\t\t\t\t\tauto: true,\r\n\t\t\t\t\tprev: \"#ic_18hlc83g0r1uvvwwuaos .ic_left\",\r\n\t\t\t\t\tnext: \"#ic_18hlc83g0r1uvvwwuaos .ic_right\",\r\n\t\t\t\t\tpagination: \"#ic_18hlc83g0r1uvvwwuaos_pager\",\r\n\t\t\t\t\theight : \"variable\",\r\n\t\t\t\t\tswipe       : {\r\n             \t\t   onTouch     : true,\r\n\t\t               onMouse     : false\r\n        \t\t    },\r\n\t\t\t\t\titems: {\r\n\t\t\t\t\theight : \"variable\",\r\n\t\t\t\t\t\tvisible: {\r\n\t\t\t\t\t\t\tmin: 1,\r\n\t\t\t\t\t\t\tmax: 1\r\n\t\t\t\t\t\t}\r\n\t\t\t\t\t}\r\n\t\t\t\t});\r\n\t\t\t\t});\r\n\t\t\t\t});\r\n\t<\/script><div class=\"rd_img_carousel_ctn  hover_nav_style\" id=\"ic_18hlc83g0r1uvvwwuaos\"><div class=\"ic_nav\"><div class=\"ic_left\" ><\/div><div class=\"ic_right\" ><\/div><\/div><div class=\"rd_img_carousel\"><img width=\"1170\" height=\"655\" src=\"https:\/\/i0.wp.com\/stiti.it\/wp-content\/uploads\/2018\/10\/GUARDIA-IDRAULICA1.jpg?resize=1170%2C655&#038;ssl=1\" class=\"attachment-full\" alt=\"\" loading=\"lazy\" srcset=\"https:\/\/i0.wp.com\/stiti.it\/wp-content\/uploads\/2018\/10\/GUARDIA-IDRAULICA1.jpg?w=1830&amp;ssl=1 1830w, https:\/\/i0.wp.com\/stiti.it\/wp-content\/uploads\/2018\/10\/GUARDIA-IDRAULICA1.jpg?resize=300%2C168&amp;ssl=1 300w, https:\/\/i0.wp.com\/stiti.it\/wp-content\/uploads\/2018\/10\/GUARDIA-IDRAULICA1.jpg?resize=768%2C430&amp;ssl=1 768w, https:\/\/i0.wp.com\/stiti.it\/wp-content\/uploads\/2018\/10\/GUARDIA-IDRAULICA1.jpg?resize=1024%2C573&amp;ssl=1 1024w, https:\/\/i0.wp.com\/stiti.it\/wp-content\/uploads\/2018\/10\/GUARDIA-IDRAULICA1.jpg?resize=1536%2C859&amp;ssl=1 1536w\" sizes=\"(max-width: 1170px) 100vw, 1170px\" data-recalc-dims=\"1\" \/><\/div><\/div>[vc_row_inner css=&#8221;.vc_custom_1539783880539{margin-top: 50px !important;}&#8221;][vc_column_inner][vc_column_text]<\/p>\n<p style=\"text-align: justify;\"><span style=\"color: #000000;\">La protecci\u00f3n hidr\u00e1ulica (liquid seal flame arrestor) dise\u00f1ada y construida por S.T.I.T.I. tiene el prop\u00f3sito de recibir las descargas de los dispositivos de seguridad, para evitar el retorno de la llama.<\/span><\/p>\n<p><span style=\"color: #000000;\">Se pueden suministrar protecciones hidr\u00e1ulicas para cualquier condici\u00f3n de trabajo y norma.<\/span>[\/vc_column_text][\/vc_column_inner][\/vc_row_inner][vc_row_inner][vc_column_inner width=&#8221;1\/4&#8243;][\/vc_column_inner][vc_column_inner el_class=&#8221;guardie-1&#8243; width=&#8221;1\/4&#8243;][vc_single_image image=&#8221;7683&#8243; img_size=&#8221;full&#8221; onclick=&#8221;img_link_large&#8221; img_link_target=&#8221;_blank&#8221; el_class=&#8221;img-guardie-1&#8243;][\/vc_column_inner][vc_column_inner el_class=&#8221;guardie-2&#8243; width=&#8221;1\/4&#8243;][vc_single_image image=&#8221;7690&#8243; img_size=&#8221;full&#8221; onclick=&#8221;img_link_large&#8221; img_link_target=&#8221;_blank&#8221; el_class=&#8221;img-guardie-2&#8243;][\/vc_column_inner][vc_column_inner width=&#8221;1\/4&#8243;][\/vc_column_inner][\/vc_row_inner][\/vc_column][\/vc_row]<\/p>\n","protected":false},"excerpt":{"rendered":"<p>[vc_row type=&#8221;full-width-content&#8221;][vc_column][vc_single_image image=&#8221;7359&#8243; img_size=&#8221;full&#8221; alignment=&#8221;center&#8221;][\/vc_column][\/vc_row][vc_row][vc_column width=&#8221;1\/4&#8243;][\/vc_column][vc_column width=&#8221;3\/4&#8243;][vc_custom_heading text=&#8221;Protecciones hidr\u00e1ulicas&#8221; font_container=&#8221;tag:h2|text_align:left|color:%230c397d&#8221; google_fonts=&#8221;font_family:Arimo%3Aregular%2Citalic%2C700%2C700italic|font_style:700%20bold%20regular%3A700%3Anormal&#8221;][\/vc_column][\/vc_row][vc_row css=&#8221;.vc_custom_1540203878250{margin-top: -40px !important;}&#8221;][vc_column width=&#8221;1\/4&#8243; el_class=&#8221;menu-products&#8221; offset=&#8221;vc_hidden-sm vc_hidden-xs&#8221;]INSTALACIONES DE GASINSTALACIONES PARA L\u00cdQUIDOSFILTROS DE CARTUCHOFILTROS SEPARADORESSEPARADORES CICL\u00d3NICOSK.O. DRUMSINTERCAMBIADORESODORIZADORESTRAMPASANTORCHAS FR\u00cdASPROTECCIONES HIDR\u00c1ULICASCIERRES R\u00c1PIDOS QOCESTRUCTURAS DE ACERO[\/vc_column][vc_column width=&#8221;3\/4&#8243;][vc_row_inner css=&#8221;.vc_custom_1539783880539{margin-top: 50px !important;}&#8221;][vc_column_inner][vc_column_text] La protecci\u00f3n hidr\u00e1ulica (liquid seal flame arrestor) dise\u00f1ada y construida por S.T.I.T.I. tiene el prop\u00f3sito de recibir las<br \/><a href=\"https:\/\/stiti.it\/index.php\/es\/protecciones-hidraulicas\/\" class=\"more\">Read more<\/a><\/p>\n","protected":false},"author":1,"featured_media":0,"parent":0,"menu_order":0,"comment_status":"closed","ping_status":"closed","template":"","meta":[],"_links":{"self":[{"href":"https:\/\/stiti.it\/index.php\/wp-json\/wp\/v2\/pages\/8417"}],"collection":[{"href":"https:\/\/stiti.it\/index.php\/wp-json\/wp\/v2\/pages"}],"about":[{"href":"https:\/\/stiti.it\/index.php\/wp-json\/wp\/v2\/types\/page"}],"author":[{"embeddable":true,"href":"https:\/\/stiti.it\/index.php\/wp-json\/wp\/v2\/users\/1"}],"replies":[{"embeddable":true,"href":"https:\/\/stiti.it\/index.php\/wp-json\/wp\/v2\/comments?post=8417"}],"version-history":[{"count":9,"href":"https:\/\/stiti.it\/index.php\/wp-json\/wp\/v2\/pages\/8417\/revisions"}],"predecessor-version":[{"id":9127,"href":"https:\/\/stiti.it\/index.php\/wp-json\/wp\/v2\/pages\/8417\/revisions\/9127"}],"wp:attachment":[{"href":"https:\/\/stiti.it\/index.php\/wp-json\/wp\/v2\/media?parent=8417"}],"curies":[{"name":"wp","href":"https:\/\/api.w.org\/{rel}","templated":true}]}}