{"id":8409,"date":"2018-10-26T12:25:16","date_gmt":"2018-10-26T12:25:16","guid":{"rendered":"http:\/\/stiti.it\/?page_id=8409"},"modified":"2021-06-21T13:20:31","modified_gmt":"2021-06-21T13:20:31","slug":"intercambiadores-de-calor","status":"publish","type":"page","link":"https:\/\/stiti.it\/index.php\/es\/intercambiadores-de-calor\/","title":{"rendered":"INTERCAMBIADORES DE CALOR"},"content":{"rendered":"<p>[vc_row type=&#8221;full-width-content&#8221;][vc_column][vc_single_image image=&#8221;7359&#8243; img_size=&#8221;full&#8221; alignment=&#8221;center&#8221;][\/vc_column][\/vc_row][vc_row][vc_column width=&#8221;1\/4&#8243;][\/vc_column][vc_column width=&#8221;3\/4&#8243;][vc_custom_heading text=&#8221;Intercambiadores de calor&#8221; font_container=&#8221;tag:h2|text_align:left|color:%230c397d&#8221; google_fonts=&#8221;font_family:Arimo%3Aregular%2Citalic%2C700%2C700italic|font_style:700%20bold%20regular%3A700%3Anormal&#8221;][\/vc_column][\/vc_row][vc_row css=&#8221;.vc_custom_1540203777114{margin-top: -40px !important;}&#8221;][vc_column width=&#8221;1\/4&#8243; el_class=&#8221;menu-products&#8221; offset=&#8221;vc_hidden-sm vc_hidden-xs&#8221;]<style>#b_dw6hydw8a2hjrcnq3dqo a{color:#000000; background:; border-style:solid; border-color:#000000; margin-top:0px; margin-bottom:0px;  margin-left:0px; margin-right:0px; font-weight:700; border-radius:0px;}#b_dw6hydw8a2hjrcnq3dqo a:hover{color:#ffffff ; background:#0c397d ; border-color:#0c397d;}<\/style><div class=\"ta_center tf_btn_pos\" id=\"b_dw6hydw8a2hjrcnq3dqo\" ><a class=\"rd_stroke_bt mediumlarge_rd_bt border_1px  \" href=\"http:\/\/stiti.it\/index.php\/es\/instalaciones-de-gas\/\" target=\"\" >INSTALACIONES DE GAS<\/a><\/div><style>#b_s8xxwlqlmt4l6ofmvi3n a{color:#000000; background:; border-style:solid; border-color:#000000; margin-top:10px; margin-bottom:10px;  margin-left:0px; margin-right:0px; font-weight:700; border-radius:0px;}#b_s8xxwlqlmt4l6ofmvi3n a:hover{color:#ffffff ; background:#0c397d ; border-color:#0c397d;}<\/style><div class=\"ta_center tf_btn_pos\" id=\"b_s8xxwlqlmt4l6ofmvi3n\" ><a class=\"rd_stroke_bt mediumlarge_rd_bt border_1px  \" href=\"http:\/\/stiti.it\/index.php\/es\/instalaciones-para-liquidos\/\" target=\"\" >INSTALACIONES PARA L\u00cdQUIDOS<\/a><\/div><style>#b_pggmqholio31ql35zxcm a{color:#000000; background:; border-style:solid; border-color:#000000; margin-top:10px; margin-bottom:10px;  margin-left:0px; margin-right:0px; font-weight:700; border-radius:0px;}#b_pggmqholio31ql35zxcm a:hover{color:#ffffff ; background:#0c397d ; border-color:#0c397d;}<\/style><div class=\"ta_center tf_btn_pos\" id=\"b_pggmqholio31ql35zxcm\" ><a class=\"rd_stroke_bt mediumlarge_rd_bt border_1px  \" href=\"http:\/\/stiti.it\/index.php\/es\/filtro-de-cartucho\/\" target=\"\" >FILTROS DE CARTUCHO<\/a><\/div><style>#b_kzzxnl0jvpwdo2dpq41n a{color:#000000; background:; border-style:solid; border-color:#000000; margin-top:10px; margin-bottom:10px;  margin-left:0px; margin-right:0px; font-weight:700; border-radius:0px;}#b_kzzxnl0jvpwdo2dpq41n a:hover{color:#ffffff ; background:#0c397d ; border-color:#0c397d;}<\/style><div class=\"ta_center tf_btn_pos\" id=\"b_kzzxnl0jvpwdo2dpq41n\" ><a class=\"rd_stroke_bt mediumlarge_rd_bt border_1px  \" href=\"http:\/\/stiti.it\/index.php\/es\/filtros-separadores\/\" target=\"\" >FILTROS SEPARADORES<\/a><\/div><style>#b_8un8axaucdngxov8y39k a{color:#000000; background:; border-style:solid; border-color:#000000; margin-top:10px; margin-bottom:10px;  margin-left:0px; margin-right:0px; font-weight:700; border-radius:0px;}#b_8un8axaucdngxov8y39k a:hover{color:#ffffff ; background:#0c397d ; border-color:#0c397d;}<\/style><div class=\"ta_center tf_btn_pos\" id=\"b_8un8axaucdngxov8y39k\" ><a class=\"rd_stroke_bt mediumlarge_rd_bt border_1px  \" href=\"http:\/\/stiti.it\/index.php\/es\/separadores-ciclonicos\/\" target=\"\" >SEPARADORES CICL\u00d3NICOS<\/a><\/div><style>#b_pc9pjlxtxlji7wr6m5rw a{color:#000000; background:; border-style:solid; border-color:#000000; margin-top:10px; margin-bottom:10px;  margin-left:0px; margin-right:0px; font-weight:700; border-radius:0px;}#b_pc9pjlxtxlji7wr6m5rw a:hover{color:#ffffff ; background:#0c397d ; border-color:#0c397d;}<\/style><div class=\"ta_center tf_btn_pos\" id=\"b_pc9pjlxtxlji7wr6m5rw\" ><a class=\"rd_stroke_bt mediumlarge_rd_bt border_1px  \" href=\"http:\/\/stiti.it\/index.php\/es\/k-o-drums-5\/\" target=\"\" >K.O. DRUMS<\/a><\/div><style>#b_ljj9aqzkzy1tgd0488ot a{color:#000000; background:; border-style:solid; border-color:#000000; margin-top:10px; margin-bottom:10px;  margin-left:0px; margin-right:0px; font-weight:700; border-radius:0px;}#b_ljj9aqzkzy1tgd0488ot a:hover{color:#ffffff ; background:#0c397d ; border-color:#0c397d;}<\/style><div class=\"ta_center tf_btn_pos\" id=\"b_ljj9aqzkzy1tgd0488ot\" ><a class=\"rd_stroke_bt mediumlarge_rd_bt border_1px  \" href=\"http:\/\/stiti.it\/index.php\/es\/intercambiadores-de-calor\/\" target=\"\" >INTERCAMBIADORES<\/a><\/div><style>#b_houjm8fex7nusl0v9ool a{color:#000000; background:; border-style:solid; border-color:#000000; margin-top:10px; margin-bottom:10px;  margin-left:0px; margin-right:0px; font-weight:700; border-radius:0px;}#b_houjm8fex7nusl0v9ool a:hover{color:#ffffff ; background:#0c397d ; border-color:#0c397d;}<\/style><div class=\"ta_center tf_btn_pos\" id=\"b_houjm8fex7nusl0v9ool\" ><a class=\"rd_stroke_bt mediumlarge_rd_bt border_1px  \" href=\"http:\/\/stiti.it\/index.php\/es\/odorizadores-por-humedecimiento\/\" target=\"\" >ODORIZADORES<\/a><\/div><style>#b_hs04ztyl52l3tr2wj862 a{color:#000000; background:; border-style:solid; border-color:#000000; margin-top:10px; margin-bottom:10px;  margin-left:0px; margin-right:0px; font-weight:700; border-radius:0px;}#b_hs04ztyl52l3tr2wj862 a:hover{color:#ffffff ; background:#0c397d ; border-color:#0c397d;}<\/style><div class=\"ta_center tf_btn_pos\" id=\"b_hs04ztyl52l3tr2wj862\" ><a class=\"rd_stroke_bt mediumlarge_rd_bt border_1px  \" href=\"http:\/\/stiti.it\/index.php\/es\/trampas-de-lanzamiento-recepcion-pig\/\" target=\"\" >TRAMPAS<\/a><\/div><style>#b_lafvyr43svlvmtu4n1h3 a{color:#000000; background:; border-style:solid; border-color:#000000; margin-top:10px; margin-bottom:10px;  margin-left:0px; margin-right:0px; font-weight:700; border-radius:0px;}#b_lafvyr43svlvmtu4n1h3 a:hover{color:#ffffff ; background:#0c397d ; border-color:#0c397d;}<\/style><div class=\"ta_center tf_btn_pos\" id=\"b_lafvyr43svlvmtu4n1h3\" ><a class=\"rd_stroke_bt mediumlarge_rd_bt border_1px  \" href=\"http:\/\/stiti.it\/index.php\/es\/antorchas-frias\/\" target=\"\" >ANTORCHAS FR\u00cdAS<\/a><\/div><style>#b_f513f3zzywejmja1h2ry a{color:#000000; background:; border-style:solid; border-color:#000000; margin-top:10px; margin-bottom:10px;  margin-left:0px; margin-right:0px; font-weight:700; border-radius:0px;}#b_f513f3zzywejmja1h2ry a:hover{color:#ffffff ; background:#0c397d ; border-color:#0c397d;}<\/style><div class=\"ta_center tf_btn_pos\" id=\"b_f513f3zzywejmja1h2ry\" ><a class=\"rd_stroke_bt mediumlarge_rd_bt border_1px  \" href=\"http:\/\/stiti.it\/index.php\/es\/protecciones-hidraulicas\/\" target=\"\" >PROTECCIONES HIDR\u00c1ULICAS<\/a><\/div><style>#b_jf4gxcvmf76co69c6vts a{color:#000000; background:; border-style:solid; border-color:#000000; margin-top:10px; margin-bottom:10px;  margin-left:0px; margin-right:0px; font-weight:700; border-radius:0px;}#b_jf4gxcvmf76co69c6vts a:hover{color:#ffffff ; background:#0c397d ; border-color:#0c397d;}<\/style><div class=\"ta_center tf_btn_pos\" id=\"b_jf4gxcvmf76co69c6vts\" ><a class=\"rd_stroke_bt mediumlarge_rd_bt border_1px  \" href=\"http:\/\/stiti.it\/index.php\/es\/cierres-rapidos-qoc\/\" target=\"\" >CIERRES R\u00c1PIDOS QOC<\/a><\/div><style>#b_gv0v3dzgzhdqorruvwut a{color:#000000; background:; border-style:solid; border-color:#000000; margin-top:10px; margin-bottom:10px;  margin-left:0px; margin-right:0px; font-weight:700; border-radius:0px;}#b_gv0v3dzgzhdqorruvwut a:hover{color:#ffffff ; background:#0c397d ; border-color:#0c397d;}<\/style><div class=\"ta_center tf_btn_pos\" id=\"b_gv0v3dzgzhdqorruvwut\" ><a class=\"rd_stroke_bt mediumlarge_rd_bt border_1px  \" href=\"http:\/\/stiti.it\/index.php\/es\/estructuras-de-acero\/\" target=\"\" >ESTRUCTURAS DE ACERO<\/a><\/div>[\/vc_column][vc_column width=&#8221;3\/4&#8243;]<style>#ic_lvx3f3zrsinlyjtuz7iz {margin:0px auto 0px; }#ic_lvx3f3zrsinlyjtuz7iz .ic_left,#ic_lvx3f3zrsinlyjtuz7iz .ic_right,#ic_lvx3f3zrsinlyjtuz7iz .ic_left:after,#ic_lvx3f3zrsinlyjtuz7iz .ic_right:after{border-color:#ecf0f1; background:#ffffff; color:#a1b1bc; }#ic_lvx3f3zrsinlyjtuz7iz .ic_left:hover,#ic_lvx3f3zrsinlyjtuz7iz .ic_right:hover,#ic_lvx3f3zrsinlyjtuz7iz .ic_left:hover:after,#ic_lvx3f3zrsinlyjtuz7iz .ic_right:hover:after{background:#f9fafb; color:#2c3e50; }#ic_lvx3f3zrsinlyjtuz7iz .rd_ic_pager a{border-color:#ecf0f1; background:#ffffff; color:#a1b1bc; }#ic_lvx3f3zrsinlyjtuz7iz .rd_ic_pager a:hover{border-color:#288bd0; background:#288bd0; color:#ffffff; }<\/style><script type=\"text\/javascript\" charset=\"utf-8\">\r\n\t\t\t\t\r\n\t\tjQuery.noConflict();\r\n\t\/\/setup up Carousel\r\n\t\tjQuery(document).ready(function($) {\t\r\n\t\t\t\r\n\t\t\"use strict\";\r\n\t\t\r\n\t\t\t$(window).load(function(){\r\n\t\t$(\"#ic_lvx3f3zrsinlyjtuz7iz .rd_img_carousel\").carouFredSel({\r\n\t\t\t\t\t\r\n\t\t\t\t\tresponsive: true,\r\n\t\t\t\t\twidth: \"100%\",scroll:  { items:1,duration: 800},\r\n\t\t\t\t\tauto: true,\r\n\t\t\t\t\tprev: \"#ic_lvx3f3zrsinlyjtuz7iz .ic_left\",\r\n\t\t\t\t\tnext: \"#ic_lvx3f3zrsinlyjtuz7iz .ic_right\",\r\n\t\t\t\t\tpagination: \"#ic_lvx3f3zrsinlyjtuz7iz_pager\",\r\n\t\t\t\t\theight : \"variable\",\r\n\t\t\t\t\tswipe       : {\r\n             \t\t   onTouch     : true,\r\n\t\t               onMouse     : false\r\n        \t\t    },\r\n\t\t\t\t\titems: {\r\n\t\t\t\t\theight : \"variable\",\r\n\t\t\t\t\t\tvisible: {\r\n\t\t\t\t\t\t\tmin: 1,\r\n\t\t\t\t\t\t\tmax: 1\r\n\t\t\t\t\t\t}\r\n\t\t\t\t\t}\r\n\t\t\t\t});\r\n\t\t\t\t});\r\n\t\t\t\t});\r\n\t<\/script><div class=\"rd_img_carousel_ctn  hover_nav_style\" id=\"ic_lvx3f3zrsinlyjtuz7iz\"><div class=\"ic_nav\"><div class=\"ic_left\" ><\/div><div class=\"ic_right\" ><\/div><\/div><div class=\"rd_img_carousel\"><img width=\"870\" height=\"486\" src=\"https:\/\/i0.wp.com\/stiti.it\/wp-content\/uploads\/2021\/06\/TUBE-BUNDLE-4.png?resize=870%2C486&#038;ssl=1\" class=\"attachment-full\" alt=\"\" loading=\"lazy\" srcset=\"https:\/\/i0.wp.com\/stiti.it\/wp-content\/uploads\/2021\/06\/TUBE-BUNDLE-4.png?w=870&amp;ssl=1 870w, https:\/\/i0.wp.com\/stiti.it\/wp-content\/uploads\/2021\/06\/TUBE-BUNDLE-4.png?resize=300%2C168&amp;ssl=1 300w, https:\/\/i0.wp.com\/stiti.it\/wp-content\/uploads\/2021\/06\/TUBE-BUNDLE-4.png?resize=768%2C429&amp;ssl=1 768w\" sizes=\"(max-width: 870px) 100vw, 870px\" data-recalc-dims=\"1\" \/><img width=\"870\" height=\"486\" src=\"https:\/\/i0.wp.com\/stiti.it\/wp-content\/uploads\/2020\/01\/TUBE-BUNDLE-1-5.jpg?resize=870%2C486&#038;ssl=1\" class=\"attachment-full\" alt=\"\" loading=\"lazy\" srcset=\"https:\/\/i0.wp.com\/stiti.it\/wp-content\/uploads\/2020\/01\/TUBE-BUNDLE-1-5.jpg?w=870&amp;ssl=1 870w, https:\/\/i0.wp.com\/stiti.it\/wp-content\/uploads\/2020\/01\/TUBE-BUNDLE-1-5.jpg?resize=300%2C168&amp;ssl=1 300w, https:\/\/i0.wp.com\/stiti.it\/wp-content\/uploads\/2020\/01\/TUBE-BUNDLE-1-5.jpg?resize=768%2C429&amp;ssl=1 768w\" sizes=\"(max-width: 870px) 100vw, 870px\" data-recalc-dims=\"1\" \/><img width=\"870\" height=\"487\" src=\"https:\/\/i0.wp.com\/stiti.it\/wp-content\/uploads\/2020\/01\/TUBE-BUNDLE-2-5.jpg?resize=870%2C487&#038;ssl=1\" class=\"attachment-full\" alt=\"\" loading=\"lazy\" srcset=\"https:\/\/i0.wp.com\/stiti.it\/wp-content\/uploads\/2020\/01\/TUBE-BUNDLE-2-5.jpg?w=870&amp;ssl=1 870w, https:\/\/i0.wp.com\/stiti.it\/wp-content\/uploads\/2020\/01\/TUBE-BUNDLE-2-5.jpg?resize=300%2C168&amp;ssl=1 300w, https:\/\/i0.wp.com\/stiti.it\/wp-content\/uploads\/2020\/01\/TUBE-BUNDLE-2-5.jpg?resize=768%2C430&amp;ssl=1 768w\" sizes=\"(max-width: 870px) 100vw, 870px\" data-recalc-dims=\"1\" \/><img width=\"1170\" height=\"655\" src=\"https:\/\/i0.wp.com\/stiti.it\/wp-content\/uploads\/2018\/10\/scambiatore1.jpg?resize=1170%2C655&#038;ssl=1\" class=\"attachment-full\" alt=\"\" loading=\"lazy\" srcset=\"https:\/\/i0.wp.com\/stiti.it\/wp-content\/uploads\/2018\/10\/scambiatore1.jpg?w=1830&amp;ssl=1 1830w, https:\/\/i0.wp.com\/stiti.it\/wp-content\/uploads\/2018\/10\/scambiatore1.jpg?resize=300%2C168&amp;ssl=1 300w, https:\/\/i0.wp.com\/stiti.it\/wp-content\/uploads\/2018\/10\/scambiatore1.jpg?resize=768%2C430&amp;ssl=1 768w, https:\/\/i0.wp.com\/stiti.it\/wp-content\/uploads\/2018\/10\/scambiatore1.jpg?resize=1024%2C573&amp;ssl=1 1024w, https:\/\/i0.wp.com\/stiti.it\/wp-content\/uploads\/2018\/10\/scambiatore1.jpg?resize=1536%2C859&amp;ssl=1 1536w\" sizes=\"(max-width: 1170px) 100vw, 1170px\" data-recalc-dims=\"1\" \/><img width=\"1170\" height=\"655\" src=\"https:\/\/i0.wp.com\/stiti.it\/wp-content\/uploads\/2018\/10\/scambiatore2.jpg?resize=1170%2C655&#038;ssl=1\" class=\"attachment-full\" alt=\"\" loading=\"lazy\" srcset=\"https:\/\/i0.wp.com\/stiti.it\/wp-content\/uploads\/2018\/10\/scambiatore2.jpg?w=1830&amp;ssl=1 1830w, https:\/\/i0.wp.com\/stiti.it\/wp-content\/uploads\/2018\/10\/scambiatore2.jpg?resize=300%2C168&amp;ssl=1 300w, https:\/\/i0.wp.com\/stiti.it\/wp-content\/uploads\/2018\/10\/scambiatore2.jpg?resize=768%2C430&amp;ssl=1 768w, https:\/\/i0.wp.com\/stiti.it\/wp-content\/uploads\/2018\/10\/scambiatore2.jpg?resize=1024%2C573&amp;ssl=1 1024w, https:\/\/i0.wp.com\/stiti.it\/wp-content\/uploads\/2018\/10\/scambiatore2.jpg?resize=1536%2C859&amp;ssl=1 1536w\" sizes=\"(max-width: 1170px) 100vw, 1170px\" data-recalc-dims=\"1\" \/><img width=\"1170\" height=\"655\" src=\"https:\/\/i0.wp.com\/stiti.it\/wp-content\/uploads\/2018\/10\/scambiatore3.jpg?resize=1170%2C655&#038;ssl=1\" class=\"attachment-full\" alt=\"\" loading=\"lazy\" srcset=\"https:\/\/i0.wp.com\/stiti.it\/wp-content\/uploads\/2018\/10\/scambiatore3.jpg?w=1830&amp;ssl=1 1830w, https:\/\/i0.wp.com\/stiti.it\/wp-content\/uploads\/2018\/10\/scambiatore3.jpg?resize=300%2C168&amp;ssl=1 300w, https:\/\/i0.wp.com\/stiti.it\/wp-content\/uploads\/2018\/10\/scambiatore3.jpg?resize=768%2C430&amp;ssl=1 768w, https:\/\/i0.wp.com\/stiti.it\/wp-content\/uploads\/2018\/10\/scambiatore3.jpg?resize=1024%2C573&amp;ssl=1 1024w, https:\/\/i0.wp.com\/stiti.it\/wp-content\/uploads\/2018\/10\/scambiatore3.jpg?resize=1536%2C859&amp;ssl=1 1536w\" sizes=\"(max-width: 1170px) 100vw, 1170px\" data-recalc-dims=\"1\" \/><img width=\"1170\" height=\"655\" src=\"https:\/\/i0.wp.com\/stiti.it\/wp-content\/uploads\/2018\/10\/scambiatore3_1.jpg?resize=1170%2C655&#038;ssl=1\" class=\"attachment-full\" alt=\"\" loading=\"lazy\" srcset=\"https:\/\/i0.wp.com\/stiti.it\/wp-content\/uploads\/2018\/10\/scambiatore3_1.jpg?w=1830&amp;ssl=1 1830w, https:\/\/i0.wp.com\/stiti.it\/wp-content\/uploads\/2018\/10\/scambiatore3_1.jpg?resize=300%2C168&amp;ssl=1 300w, https:\/\/i0.wp.com\/stiti.it\/wp-content\/uploads\/2018\/10\/scambiatore3_1.jpg?resize=768%2C430&amp;ssl=1 768w, https:\/\/i0.wp.com\/stiti.it\/wp-content\/uploads\/2018\/10\/scambiatore3_1.jpg?resize=1024%2C573&amp;ssl=1 1024w, https:\/\/i0.wp.com\/stiti.it\/wp-content\/uploads\/2018\/10\/scambiatore3_1.jpg?resize=1536%2C859&amp;ssl=1 1536w\" sizes=\"(max-width: 1170px) 100vw, 1170px\" data-recalc-dims=\"1\" \/><img width=\"1170\" height=\"655\" src=\"https:\/\/i0.wp.com\/stiti.it\/wp-content\/uploads\/2018\/10\/scambiatore4.jpg?resize=1170%2C655&#038;ssl=1\" class=\"attachment-full\" alt=\"\" loading=\"lazy\" srcset=\"https:\/\/i0.wp.com\/stiti.it\/wp-content\/uploads\/2018\/10\/scambiatore4.jpg?w=1830&amp;ssl=1 1830w, https:\/\/i0.wp.com\/stiti.it\/wp-content\/uploads\/2018\/10\/scambiatore4.jpg?resize=300%2C168&amp;ssl=1 300w, https:\/\/i0.wp.com\/stiti.it\/wp-content\/uploads\/2018\/10\/scambiatore4.jpg?resize=768%2C430&amp;ssl=1 768w, https:\/\/i0.wp.com\/stiti.it\/wp-content\/uploads\/2018\/10\/scambiatore4.jpg?resize=1024%2C573&amp;ssl=1 1024w, https:\/\/i0.wp.com\/stiti.it\/wp-content\/uploads\/2018\/10\/scambiatore4.jpg?resize=1536%2C859&amp;ssl=1 1536w\" sizes=\"(max-width: 1170px) 100vw, 1170px\" data-recalc-dims=\"1\" \/><\/div><\/div>[vc_row_inner css=&#8221;.vc_custom_1539780787584{margin-top: 50px !important;}&#8221;][vc_column_inner][vc_column_text]<\/p>\n<p style=\"text-align: justify;\"><span style=\"color: #000000;\">Los intercambiadores de calor dise\u00f1ados y construidos por S.T.I.T.I. permiten aumentar la temperatura de un gas a trav\u00e9s del intercambio t\u00e9rmico entre el agua (intercambiador de calor de agua) o el vapor (intercambiador de vapor) y el fluido que se debe calentar (gas natural, aire, etc .).<\/span><\/p>\n<p><span style=\"color: #000000;\">En los intercambiadores que se pueden inspeccionar se puede hacer una inspecci\u00f3n o hacer una reparaci\u00f3n en el interior, reduciendo as\u00ed costos y tiempos.<\/span><\/p>\n<p><span style=\"color: #000000;\">Adem\u00e1s de su producci\u00f3n est\u00e1ndar de intercambiadores, se pueden proporcionar filtros intercambiadores para cualquier condici\u00f3n de trabajo y norma.<\/span>[\/vc_column_text][\/vc_column_inner][\/vc_row_inner][vc_row_inner][vc_column_inner width=&#8221;1\/2&#8243;][vc_single_image image=&#8221;7650&#8243; img_size=&#8221;full&#8221; onclick=&#8221;img_link_large&#8221; img_link_target=&#8221;_blank&#8221; el_class=&#8221;img-filtri-1&#8243; css=&#8221;.vc_custom_1543910955034{margin-top: -100px !important;}&#8221;][\/vc_column_inner][vc_column_inner width=&#8221;1\/2&#8243;][vc_single_image image=&#8221;7651&#8243; img_size=&#8221;full&#8221; onclick=&#8221;img_link_large&#8221; img_link_target=&#8221;_blank&#8221; el_class=&#8221;img-filtri-2&#8243;][\/vc_column_inner][\/vc_row_inner][\/vc_column][\/vc_row][vc_row][vc_column][vc_column_text]<\/p>\n<p>[\/vc_column_text][\/vc_column][\/vc_row]<\/p>\n","protected":false},"excerpt":{"rendered":"<p>[vc_row type=&#8221;full-width-content&#8221;][vc_column][vc_single_image image=&#8221;7359&#8243; img_size=&#8221;full&#8221; alignment=&#8221;center&#8221;][\/vc_column][\/vc_row][vc_row][vc_column width=&#8221;1\/4&#8243;][\/vc_column][vc_column width=&#8221;3\/4&#8243;][vc_custom_heading text=&#8221;Intercambiadores de calor&#8221; font_container=&#8221;tag:h2|text_align:left|color:%230c397d&#8221; google_fonts=&#8221;font_family:Arimo%3Aregular%2Citalic%2C700%2C700italic|font_style:700%20bold%20regular%3A700%3Anormal&#8221;][\/vc_column][\/vc_row][vc_row css=&#8221;.vc_custom_1540203777114{margin-top: -40px !important;}&#8221;][vc_column width=&#8221;1\/4&#8243; el_class=&#8221;menu-products&#8221; offset=&#8221;vc_hidden-sm vc_hidden-xs&#8221;]INSTALACIONES DE GASINSTALACIONES PARA L\u00cdQUIDOSFILTROS DE CARTUCHOFILTROS SEPARADORESSEPARADORES CICL\u00d3NICOSK.O. DRUMSINTERCAMBIADORESODORIZADORESTRAMPASANTORCHAS FR\u00cdASPROTECCIONES HIDR\u00c1ULICASCIERRES R\u00c1PIDOS QOCESTRUCTURAS DE ACERO[\/vc_column][vc_column width=&#8221;3\/4&#8243;][vc_row_inner css=&#8221;.vc_custom_1539780787584{margin-top: 50px !important;}&#8221;][vc_column_inner][vc_column_text] Los intercambiadores de calor dise\u00f1ados y construidos por S.T.I.T.I. permiten aumentar la temperatura de un gas a<br \/><a href=\"https:\/\/stiti.it\/index.php\/es\/intercambiadores-de-calor\/\" class=\"more\">Read more<\/a><\/p>\n","protected":false},"author":1,"featured_media":0,"parent":0,"menu_order":0,"comment_status":"closed","ping_status":"closed","template":"","meta":[],"_links":{"self":[{"href":"https:\/\/stiti.it\/index.php\/wp-json\/wp\/v2\/pages\/8409"}],"collection":[{"href":"https:\/\/stiti.it\/index.php\/wp-json\/wp\/v2\/pages"}],"about":[{"href":"https:\/\/stiti.it\/index.php\/wp-json\/wp\/v2\/types\/page"}],"author":[{"embeddable":true,"href":"https:\/\/stiti.it\/index.php\/wp-json\/wp\/v2\/users\/1"}],"replies":[{"embeddable":true,"href":"https:\/\/stiti.it\/index.php\/wp-json\/wp\/v2\/comments?post=8409"}],"version-history":[{"count":8,"href":"https:\/\/stiti.it\/index.php\/wp-json\/wp\/v2\/pages\/8409\/revisions"}],"predecessor-version":[{"id":9525,"href":"https:\/\/stiti.it\/index.php\/wp-json\/wp\/v2\/pages\/8409\/revisions\/9525"}],"wp:attachment":[{"href":"https:\/\/stiti.it\/index.php\/wp-json\/wp\/v2\/media?parent=8409"}],"curies":[{"name":"wp","href":"https:\/\/api.w.org\/{rel}","templated":true}]}}