{"id":8398,"date":"2018-10-26T09:51:43","date_gmt":"2018-10-26T09:51:43","guid":{"rendered":"http:\/\/stiti.it\/?page_id=8398"},"modified":"2018-12-04T10:38:54","modified_gmt":"2018-12-04T10:38:54","slug":"instalaciones-para-liquidos","status":"publish","type":"page","link":"https:\/\/stiti.it\/index.php\/es\/instalaciones-para-liquidos\/","title":{"rendered":"INSTALACIONES PARA L\u00cdQUIDOS"},"content":{"rendered":"<p>[vc_row type=&#8221;full-width-content&#8221;][vc_column][vc_single_image image=&#8221;7359&#8243; img_size=&#8221;full&#8221; alignment=&#8221;center&#8221;][\/vc_column][\/vc_row][vc_row][vc_column width=&#8221;1\/4&#8243;][\/vc_column][vc_column width=&#8221;3\/4&#8243;][vc_custom_heading text=&#8221;Instalaciones para l\u00edquidos&#8221; font_container=&#8221;tag:h2|text_align:left|color:%230c397d&#8221; google_fonts=&#8221;font_family:Arimo%3Aregular%2Citalic%2C700%2C700italic|font_style:700%20bold%20regular%3A700%3Anormal&#8221;][\/vc_column][\/vc_row][vc_row css=&#8221;.vc_custom_1540203627034{margin-top: -40px !important;}&#8221;][vc_column width=&#8221;1\/4&#8243; el_class=&#8221;menu-products&#8221; offset=&#8221;vc_hidden-sm vc_hidden-xs&#8221;]<style>#b_cbe8n30j3g6quy4hwpln a{color:#000000; background:; border-style:solid; border-color:#000000; margin-top:0px; margin-bottom:0px;  margin-left:0px; margin-right:0px; font-weight:700; border-radius:0px;}#b_cbe8n30j3g6quy4hwpln a:hover{color:#ffffff ; background:#0c397d ; border-color:#0c397d;}<\/style><div class=\"ta_center tf_btn_pos\" id=\"b_cbe8n30j3g6quy4hwpln\" ><a class=\"rd_stroke_bt mediumlarge_rd_bt border_1px  \" href=\"http:\/\/stiti.it\/index.php\/es\/instalaciones-de-gas\/\" target=\"\" >INSTALACIONES DE GAS<\/a><\/div><style>#b_arbi2lba2npnnzkdnbfv a{color:#000000; background:; border-style:solid; border-color:#000000; margin-top:10px; margin-bottom:10px;  margin-left:0px; margin-right:0px; font-weight:700; border-radius:0px;}#b_arbi2lba2npnnzkdnbfv a:hover{color:#ffffff ; background:#0c397d ; border-color:#0c397d;}<\/style><div class=\"ta_center tf_btn_pos\" id=\"b_arbi2lba2npnnzkdnbfv\" ><a class=\"rd_stroke_bt mediumlarge_rd_bt border_1px  \" href=\"http:\/\/stiti.it\/index.php\/es\/instalaciones-para-liquidos\/\" target=\"\" >INSTALACIONES PARA L\u00cdQUIDOS<\/a><\/div><style>#b_noaxln907yhbdup75bax a{color:#000000; background:; border-style:solid; border-color:#000000; margin-top:10px; margin-bottom:10px;  margin-left:0px; margin-right:0px; font-weight:700; border-radius:0px;}#b_noaxln907yhbdup75bax a:hover{color:#ffffff ; background:#0c397d ; border-color:#0c397d;}<\/style><div class=\"ta_center tf_btn_pos\" id=\"b_noaxln907yhbdup75bax\" ><a class=\"rd_stroke_bt mediumlarge_rd_bt border_1px  \" href=\"http:\/\/stiti.it\/index.php\/es\/filtro-de-cartucho\/\" target=\"\" >FILTROS DE CARTUCHO<\/a><\/div><style>#b_mw2n7pq3ef1c44sy0y6g a{color:#000000; background:; border-style:solid; border-color:#000000; margin-top:10px; margin-bottom:10px;  margin-left:0px; margin-right:0px; font-weight:700; border-radius:0px;}#b_mw2n7pq3ef1c44sy0y6g a:hover{color:#ffffff ; background:#0c397d ; border-color:#0c397d;}<\/style><div class=\"ta_center tf_btn_pos\" id=\"b_mw2n7pq3ef1c44sy0y6g\" ><a class=\"rd_stroke_bt mediumlarge_rd_bt border_1px  \" href=\"http:\/\/stiti.it\/index.php\/es\/filtros-separadores\/\" target=\"\" >FILTROS SEPARADORES<\/a><\/div><style>#b_0jptllnkeoq3z772h7cq a{color:#000000; background:; border-style:solid; border-color:#000000; margin-top:10px; margin-bottom:10px;  margin-left:0px; margin-right:0px; font-weight:700; border-radius:0px;}#b_0jptllnkeoq3z772h7cq a:hover{color:#ffffff ; background:#0c397d ; border-color:#0c397d;}<\/style><div class=\"ta_center tf_btn_pos\" id=\"b_0jptllnkeoq3z772h7cq\" ><a class=\"rd_stroke_bt mediumlarge_rd_bt border_1px  \" href=\"http:\/\/stiti.it\/index.php\/es\/separadores-ciclonicos\/\" target=\"\" >SEPARADORES CICL\u00d3NICOS<\/a><\/div><style>#b_3czhjpgauss4kxjvrmz1 a{color:#000000; background:; border-style:solid; border-color:#000000; margin-top:10px; margin-bottom:10px;  margin-left:0px; margin-right:0px; font-weight:700; border-radius:0px;}#b_3czhjpgauss4kxjvrmz1 a:hover{color:#ffffff ; background:#0c397d ; border-color:#0c397d;}<\/style><div class=\"ta_center tf_btn_pos\" id=\"b_3czhjpgauss4kxjvrmz1\" ><a class=\"rd_stroke_bt mediumlarge_rd_bt border_1px  \" href=\"http:\/\/stiti.it\/index.php\/es\/k-o-drums-5\/\" target=\"\" >K.O. DRUMS<\/a><\/div><style>#b_pxdzbgkhkc4chj0bxnav a{color:#000000; background:; border-style:solid; border-color:#000000; margin-top:10px; margin-bottom:10px;  margin-left:0px; margin-right:0px; font-weight:700; border-radius:0px;}#b_pxdzbgkhkc4chj0bxnav a:hover{color:#ffffff ; background:#0c397d ; border-color:#0c397d;}<\/style><div class=\"ta_center tf_btn_pos\" id=\"b_pxdzbgkhkc4chj0bxnav\" ><a class=\"rd_stroke_bt mediumlarge_rd_bt border_1px  \" href=\"http:\/\/stiti.it\/index.php\/es\/intercambiadores-de-calor\/\" target=\"\" >INTERCAMBIADORES<\/a><\/div><style>#b_4xc3tw1s5lhujftly5qi a{color:#000000; background:; border-style:solid; border-color:#000000; margin-top:10px; margin-bottom:10px;  margin-left:0px; margin-right:0px; font-weight:700; border-radius:0px;}#b_4xc3tw1s5lhujftly5qi a:hover{color:#ffffff ; background:#0c397d ; border-color:#0c397d;}<\/style><div class=\"ta_center tf_btn_pos\" id=\"b_4xc3tw1s5lhujftly5qi\" ><a class=\"rd_stroke_bt mediumlarge_rd_bt border_1px  \" href=\"http:\/\/stiti.it\/index.php\/es\/odorizadores-por-humedecimiento\/\" target=\"\" >ODORIZADORES<\/a><\/div><style>#b_hxg0q6asavvcxnx4xyyu a{color:#000000; background:; border-style:solid; border-color:#000000; margin-top:10px; margin-bottom:10px;  margin-left:0px; margin-right:0px; font-weight:700; border-radius:0px;}#b_hxg0q6asavvcxnx4xyyu a:hover{color:#ffffff ; background:#0c397d ; border-color:#0c397d;}<\/style><div class=\"ta_center tf_btn_pos\" id=\"b_hxg0q6asavvcxnx4xyyu\" ><a class=\"rd_stroke_bt mediumlarge_rd_bt border_1px  \" href=\"http:\/\/stiti.it\/index.php\/es\/trampas-de-lanzamiento-recepcion-pig\/\" target=\"\" >TRAMPAS<\/a><\/div><style>#b_vz89adcngv1ra61b5zll a{color:#000000; background:; border-style:solid; border-color:#000000; margin-top:10px; margin-bottom:10px;  margin-left:0px; margin-right:0px; font-weight:700; border-radius:0px;}#b_vz89adcngv1ra61b5zll a:hover{color:#ffffff ; background:#0c397d ; border-color:#0c397d;}<\/style><div class=\"ta_center tf_btn_pos\" id=\"b_vz89adcngv1ra61b5zll\" ><a class=\"rd_stroke_bt mediumlarge_rd_bt border_1px  \" href=\"http:\/\/stiti.it\/index.php\/es\/antorchas-frias\/\" target=\"\" >ANTORCHAS FR\u00cdAS<\/a><\/div><style>#b_8vbvwr11h9921ir51e64 a{color:#000000; background:; border-style:solid; border-color:#000000; margin-top:10px; margin-bottom:10px;  margin-left:0px; margin-right:0px; font-weight:700; border-radius:0px;}#b_8vbvwr11h9921ir51e64 a:hover{color:#ffffff ; background:#0c397d ; border-color:#0c397d;}<\/style><div class=\"ta_center tf_btn_pos\" id=\"b_8vbvwr11h9921ir51e64\" ><a class=\"rd_stroke_bt mediumlarge_rd_bt border_1px  \" href=\"http:\/\/stiti.it\/index.php\/es\/protecciones-hidraulicas\/\" target=\"\" >PROTECCIONES HIDR\u00c1ULICAS<\/a><\/div><style>#b_2ibmlwb0ii2phw8gqo85 a{color:#000000; background:; border-style:solid; border-color:#000000; margin-top:10px; margin-bottom:10px;  margin-left:0px; margin-right:0px; font-weight:700; border-radius:0px;}#b_2ibmlwb0ii2phw8gqo85 a:hover{color:#ffffff ; background:#0c397d ; border-color:#0c397d;}<\/style><div class=\"ta_center tf_btn_pos\" id=\"b_2ibmlwb0ii2phw8gqo85\" ><a class=\"rd_stroke_bt mediumlarge_rd_bt border_1px  \" href=\"http:\/\/stiti.it\/index.php\/es\/cierres-rapidos-qoc\/\" target=\"\" >CIERRES R\u00c1PIDOS QOC<\/a><\/div><style>#b_7kq9819rgfkyxip1ivob a{color:#000000; background:; border-style:solid; border-color:#000000; margin-top:10px; margin-bottom:10px;  margin-left:0px; margin-right:0px; font-weight:700; border-radius:0px;}#b_7kq9819rgfkyxip1ivob a:hover{color:#ffffff ; background:#0c397d ; border-color:#0c397d;}<\/style><div class=\"ta_center tf_btn_pos\" id=\"b_7kq9819rgfkyxip1ivob\" ><a class=\"rd_stroke_bt mediumlarge_rd_bt border_1px  \" href=\"http:\/\/stiti.it\/index.php\/es\/estructuras-de-acero\/\" target=\"\" >ESTRUCTURAS DE ACERO<\/a><\/div>[\/vc_column][vc_column width=&#8221;3\/4&#8243;]<style>#ic_sapy6v2x89ndvcy035y7 {margin:0px auto 0px; }#ic_sapy6v2x89ndvcy035y7 .ic_left,#ic_sapy6v2x89ndvcy035y7 .ic_right,#ic_sapy6v2x89ndvcy035y7 .ic_left:after,#ic_sapy6v2x89ndvcy035y7 .ic_right:after{border-color:#ecf0f1; background:#ffffff; color:#a1b1bc; }#ic_sapy6v2x89ndvcy035y7 .ic_left:hover,#ic_sapy6v2x89ndvcy035y7 .ic_right:hover,#ic_sapy6v2x89ndvcy035y7 .ic_left:hover:after,#ic_sapy6v2x89ndvcy035y7 .ic_right:hover:after{background:#f9fafb; color:#2c3e50; }#ic_sapy6v2x89ndvcy035y7 .rd_ic_pager a{border-color:#ecf0f1; background:#ffffff; color:#a1b1bc; }#ic_sapy6v2x89ndvcy035y7 .rd_ic_pager a:hover{border-color:#288bd0; background:#288bd0; color:#ffffff; }<\/style><script type=\"text\/javascript\" charset=\"utf-8\">\r\n\t\t\t\t\r\n\t\tjQuery.noConflict();\r\n\t\/\/setup up Carousel\r\n\t\tjQuery(document).ready(function($) {\t\r\n\t\t\t\r\n\t\t\"use strict\";\r\n\t\t\r\n\t\t\t$(window).load(function(){\r\n\t\t$(\"#ic_sapy6v2x89ndvcy035y7 .rd_img_carousel\").carouFredSel({\r\n\t\t\t\t\t\r\n\t\t\t\t\tresponsive: true,\r\n\t\t\t\t\twidth: \"100%\",scroll:  { items:1,duration: 800},\r\n\t\t\t\t\tauto: true,\r\n\t\t\t\t\tprev: \"#ic_sapy6v2x89ndvcy035y7 .ic_left\",\r\n\t\t\t\t\tnext: \"#ic_sapy6v2x89ndvcy035y7 .ic_right\",\r\n\t\t\t\t\tpagination: \"#ic_sapy6v2x89ndvcy035y7_pager\",\r\n\t\t\t\t\theight : \"variable\",\r\n\t\t\t\t\tswipe       : {\r\n             \t\t   onTouch     : true,\r\n\t\t               onMouse     : false\r\n        \t\t    },\r\n\t\t\t\t\titems: {\r\n\t\t\t\t\theight : \"variable\",\r\n\t\t\t\t\t\tvisible: {\r\n\t\t\t\t\t\t\tmin: 1,\r\n\t\t\t\t\t\t\tmax: 1\r\n\t\t\t\t\t\t}\r\n\t\t\t\t\t}\r\n\t\t\t\t});\r\n\t\t\t\t});\r\n\t\t\t\t});\r\n\t<\/script><div class=\"rd_img_carousel_ctn  hover_nav_style\" id=\"ic_sapy6v2x89ndvcy035y7\"><div class=\"ic_nav\"><div class=\"ic_left\" ><\/div><div class=\"ic_right\" ><\/div><\/div><div class=\"rd_img_carousel\"><img width=\"1170\" height=\"655\" src=\"https:\/\/i0.wp.com\/stiti.it\/wp-content\/uploads\/2018\/10\/impianto-liquidi2.jpg?resize=1170%2C655&#038;ssl=1\" class=\"attachment-full\" alt=\"\" loading=\"lazy\" srcset=\"https:\/\/i0.wp.com\/stiti.it\/wp-content\/uploads\/2018\/10\/impianto-liquidi2.jpg?w=1830&amp;ssl=1 1830w, https:\/\/i0.wp.com\/stiti.it\/wp-content\/uploads\/2018\/10\/impianto-liquidi2.jpg?resize=300%2C168&amp;ssl=1 300w, https:\/\/i0.wp.com\/stiti.it\/wp-content\/uploads\/2018\/10\/impianto-liquidi2.jpg?resize=768%2C430&amp;ssl=1 768w, https:\/\/i0.wp.com\/stiti.it\/wp-content\/uploads\/2018\/10\/impianto-liquidi2.jpg?resize=1024%2C573&amp;ssl=1 1024w, https:\/\/i0.wp.com\/stiti.it\/wp-content\/uploads\/2018\/10\/impianto-liquidi2.jpg?resize=1536%2C859&amp;ssl=1 1536w\" sizes=\"(max-width: 1170px) 100vw, 1170px\" data-recalc-dims=\"1\" \/><img width=\"1170\" height=\"655\" src=\"https:\/\/i0.wp.com\/stiti.it\/wp-content\/uploads\/2018\/10\/impianto-liquidiok.jpg?resize=1170%2C655&#038;ssl=1\" class=\"attachment-full\" alt=\"\" loading=\"lazy\" srcset=\"https:\/\/i0.wp.com\/stiti.it\/wp-content\/uploads\/2018\/10\/impianto-liquidiok.jpg?w=1830&amp;ssl=1 1830w, https:\/\/i0.wp.com\/stiti.it\/wp-content\/uploads\/2018\/10\/impianto-liquidiok.jpg?resize=300%2C168&amp;ssl=1 300w, https:\/\/i0.wp.com\/stiti.it\/wp-content\/uploads\/2018\/10\/impianto-liquidiok.jpg?resize=768%2C430&amp;ssl=1 768w, https:\/\/i0.wp.com\/stiti.it\/wp-content\/uploads\/2018\/10\/impianto-liquidiok.jpg?resize=1024%2C573&amp;ssl=1 1024w, https:\/\/i0.wp.com\/stiti.it\/wp-content\/uploads\/2018\/10\/impianto-liquidiok.jpg?resize=1536%2C859&amp;ssl=1 1536w\" sizes=\"(max-width: 1170px) 100vw, 1170px\" data-recalc-dims=\"1\" \/><\/div><\/div>[vc_row_inner css=&#8221;.vc_custom_1539760150822{margin-top: 50px !important;}&#8221;][vc_column_inner][vc_column_text]<\/p>\n<p style=\"text-align: justify;\"><span style=\"color: #000000;\">S.T.I.T.I. puede suministrar instalaciones completas llave en mano para la filtraci\u00f3n,la separaci\u00f3n, el calentamiento, la reducci\u00f3n y la medici\u00f3n de hidrocarburos l\u00edquidos (etileno, aceite combustible, LPG, etc.) Dise\u00f1amos y fabricamos instalaciones capaces de satisfacer las necesidades espec\u00edficas de cada cliente y los est\u00e1ndares requeridos. En la provisi\u00f3n de instalaciones llave en mano tambi\u00e9n llevamos a cabo una serie de actividades en el campo. A petici\u00f3n del cliente, nos encargamos de la supervisi\u00f3n durante el commissioning y la puesta en marcha, del pre-commissioning, del commissioning, de la puesta en marcha y de la formaci\u00f3n.<\/span><\/p>\n<p>[\/vc_column_text][vc_custom_heading text=&#8221;Tipos de instalaciones:&#8221; font_container=&#8221;tag:h3|text_align:left|color:%230c397d&#8221; google_fonts=&#8221;font_family:Arimo%3Aregular%2Citalic%2C700%2C700italic|font_style:700%20bold%20regular%3A700%3Anormal&#8221;][vc_column_text]<\/p>\n<ul>\n<li><span style=\"color: #000000;\">Instalaciones nestaciones de procesamiento de l\u00edquidos<\/span><\/li>\n<li><span style=\"color: #000000;\">Instalaciones estaciones de reducci\u00f3n y medici\u00f3n de l\u00edquidos<\/span><\/li>\n<\/ul>\n<p>[\/vc_column_text][\/vc_column_inner][\/vc_row_inner][\/vc_column][\/vc_row]<\/p>\n","protected":false},"excerpt":{"rendered":"<p>[vc_row type=&#8221;full-width-content&#8221;][vc_column][vc_single_image image=&#8221;7359&#8243; img_size=&#8221;full&#8221; alignment=&#8221;center&#8221;][\/vc_column][\/vc_row][vc_row][vc_column width=&#8221;1\/4&#8243;][\/vc_column][vc_column width=&#8221;3\/4&#8243;][vc_custom_heading text=&#8221;Instalaciones para l\u00edquidos&#8221; font_container=&#8221;tag:h2|text_align:left|color:%230c397d&#8221; google_fonts=&#8221;font_family:Arimo%3Aregular%2Citalic%2C700%2C700italic|font_style:700%20bold%20regular%3A700%3Anormal&#8221;][\/vc_column][\/vc_row][vc_row css=&#8221;.vc_custom_1540203627034{margin-top: -40px !important;}&#8221;][vc_column width=&#8221;1\/4&#8243; el_class=&#8221;menu-products&#8221; offset=&#8221;vc_hidden-sm vc_hidden-xs&#8221;]INSTALACIONES DE GASINSTALACIONES PARA L\u00cdQUIDOSFILTROS DE CARTUCHOFILTROS SEPARADORESSEPARADORES CICL\u00d3NICOSK.O. DRUMSINTERCAMBIADORESODORIZADORESTRAMPASANTORCHAS FR\u00cdASPROTECCIONES HIDR\u00c1ULICASCIERRES R\u00c1PIDOS QOCESTRUCTURAS DE ACERO[\/vc_column][vc_column width=&#8221;3\/4&#8243;][vc_row_inner css=&#8221;.vc_custom_1539760150822{margin-top: 50px !important;}&#8221;][vc_column_inner][vc_column_text] S.T.I.T.I. puede suministrar instalaciones completas llave en mano para la filtraci\u00f3n,la separaci\u00f3n, el calentamiento, la reducci\u00f3n y<br \/><a href=\"https:\/\/stiti.it\/index.php\/es\/instalaciones-para-liquidos\/\" class=\"more\">Read more<\/a><\/p>\n","protected":false},"author":1,"featured_media":0,"parent":0,"menu_order":0,"comment_status":"closed","ping_status":"closed","template":"","meta":[],"_links":{"self":[{"href":"https:\/\/stiti.it\/index.php\/wp-json\/wp\/v2\/pages\/8398"}],"collection":[{"href":"https:\/\/stiti.it\/index.php\/wp-json\/wp\/v2\/pages"}],"about":[{"href":"https:\/\/stiti.it\/index.php\/wp-json\/wp\/v2\/types\/page"}],"author":[{"embeddable":true,"href":"https:\/\/stiti.it\/index.php\/wp-json\/wp\/v2\/users\/1"}],"replies":[{"embeddable":true,"href":"https:\/\/stiti.it\/index.php\/wp-json\/wp\/v2\/comments?post=8398"}],"version-history":[{"count":5,"href":"https:\/\/stiti.it\/index.php\/wp-json\/wp\/v2\/pages\/8398\/revisions"}],"predecessor-version":[{"id":9119,"href":"https:\/\/stiti.it\/index.php\/wp-json\/wp\/v2\/pages\/8398\/revisions\/9119"}],"wp:attachment":[{"href":"https:\/\/stiti.it\/index.php\/wp-json\/wp\/v2\/media?parent=8398"}],"curies":[{"name":"wp","href":"https:\/\/api.w.org\/{rel}","templated":true}]}}