{"id":8304,"date":"2018-10-25T14:56:28","date_gmt":"2018-10-25T14:56:28","guid":{"rendered":"http:\/\/stiti.it\/?page_id=8304"},"modified":"2018-11-16T16:25:07","modified_gmt":"2018-11-16T16:25:07","slug":"odorierung-vorrichtungen","status":"publish","type":"page","link":"https:\/\/stiti.it\/index.php\/de\/odorierung-vorrichtungen\/","title":{"rendered":"ODORIERUNG VORRICHTUNGEN"},"content":{"rendered":"<p>[vc_row type=&#8221;full-width-content&#8221;][vc_column][vc_single_image image=&#8221;7359&#8243; img_size=&#8221;full&#8221; alignment=&#8221;center&#8221;][\/vc_column][\/vc_row][vc_row][vc_column width=&#8221;1\/4&#8243;][\/vc_column][vc_column width=&#8221;3\/4&#8243;][vc_custom_heading text=&#8221;Odorierung vorrichtungen&#8221; font_container=&#8221;tag:h2|text_align:left|color:%230c397d&#8221; google_fonts=&#8221;font_family:Arimo%3Aregular%2Citalic%2C700%2C700italic|font_style:700%20bold%20regular%3A700%3Anormal&#8221;][\/vc_column][\/vc_row][vc_row css=&#8221;.vc_custom_1540203798090{margin-top: -40px !important;}&#8221;][vc_column width=&#8221;1\/4&#8243; el_class=&#8221;menu-products&#8221; offset=&#8221;vc_hidden-sm vc_hidden-xs&#8221;]<style>#b_duk0ub71sqankdyl2g55 a{color:#000000; background:; border-style:solid; border-color:#000000; margin-top:0px; margin-bottom:0px;  margin-left:0px; margin-right:0px; font-weight:700; border-radius:0px;}#b_duk0ub71sqankdyl2g55 a:hover{color:#ffffff ; background:#0c397d ; border-color:#0c397d;}<\/style><div class=\"ta_center tf_btn_pos\" id=\"b_duk0ub71sqankdyl2g55\" ><a class=\"rd_stroke_bt mediumlarge_rd_bt border_1px  \" href=\"http:\/\/stiti.it\/index.php\/de\/gasanlagen\/\" target=\"\" >GASANLAGEN<\/a><\/div><style>#b_vso76cxta5rwbyk0ye8p a{color:#000000; background:; border-style:solid; border-color:#000000; margin-top:10px; margin-bottom:10px;  margin-left:0px; margin-right:0px; font-weight:700; border-radius:0px;}#b_vso76cxta5rwbyk0ye8p a:hover{color:#ffffff ; background:#0c397d ; border-color:#0c397d;}<\/style><div class=\"ta_center tf_btn_pos\" id=\"b_vso76cxta5rwbyk0ye8p\" ><a class=\"rd_stroke_bt mediumlarge_rd_bt border_1px  \" href=\"http:\/\/stiti.it\/index.php\/de\/anlagen-fur-flussigkeiten\/\" target=\"\" >ANLAGEN F\u00dcR FL\u00dcSSIGKEITEN<\/a><\/div><style>#b_6rgtfg7fra8vfjc9eg5c a{color:#000000; background:; border-style:solid; border-color:#000000; margin-top:10px; margin-bottom:10px;  margin-left:0px; margin-right:0px; font-weight:700; border-radius:0px;}#b_6rgtfg7fra8vfjc9eg5c a:hover{color:#ffffff ; background:#0c397d ; border-color:#0c397d;}<\/style><div class=\"ta_center tf_btn_pos\" id=\"b_6rgtfg7fra8vfjc9eg5c\" ><a class=\"rd_stroke_bt mediumlarge_rd_bt border_1px  \" href=\"http:\/\/stiti.it\/index.php\/de\/filter-mit-einsatz\/\" target=\"\" >FILTER MIT EINSATZ<\/a><\/div><style>#b_edqlm0o22gmm211nmamu a{color:#000000; background:; border-style:solid; border-color:#000000; margin-top:10px; margin-bottom:10px;  margin-left:0px; margin-right:0px; font-weight:700; border-radius:0px;}#b_edqlm0o22gmm211nmamu a:hover{color:#ffffff ; background:#0c397d ; border-color:#0c397d;}<\/style><div class=\"ta_center tf_btn_pos\" id=\"b_edqlm0o22gmm211nmamu\" ><a class=\"rd_stroke_bt mediumlarge_rd_bt border_1px  \" href=\"http:\/\/stiti.it\/index.php\/de\/doppelstufige-trennfilter\/\" target=\"\" >DOPPELSTUFIGE TRENNFILTER<\/a><\/div><style>#b_oxk1vrcz6gvat8c6bia6 a{color:#000000; background:; border-style:solid; border-color:#000000; margin-top:10px; margin-bottom:10px;  margin-left:0px; margin-right:0px; font-weight:700; border-radius:0px;}#b_oxk1vrcz6gvat8c6bia6 a:hover{color:#ffffff ; background:#0c397d ; border-color:#0c397d;}<\/style><div class=\"ta_center tf_btn_pos\" id=\"b_oxk1vrcz6gvat8c6bia6\" ><a class=\"rd_stroke_bt mediumlarge_rd_bt border_1px  \" href=\"http:\/\/stiti.it\/index.php\/de\/zyklonentrenner\/\" target=\"\" >ZYKLONENTRENNER<\/a><\/div><style>#b_cg35ws6nvlwev3cgdpya a{color:#000000; background:; border-style:solid; border-color:#000000; margin-top:10px; margin-bottom:10px;  margin-left:0px; margin-right:0px; font-weight:700; border-radius:0px;}#b_cg35ws6nvlwev3cgdpya a:hover{color:#ffffff ; background:#0c397d ; border-color:#0c397d;}<\/style><div class=\"ta_center tf_btn_pos\" id=\"b_cg35ws6nvlwev3cgdpya\" ><a class=\"rd_stroke_bt mediumlarge_rd_bt border_1px  \" href=\"http:\/\/stiti.it\/index.php\/de\/k-o-drums-4\/\" target=\"\" >K.O. DRUMS<\/a><\/div><style>#b_qbmiu1azispzfex5mzsv a{color:#000000; background:; border-style:solid; border-color:#000000; margin-top:10px; margin-bottom:10px;  margin-left:0px; margin-right:0px; font-weight:700; border-radius:0px;}#b_qbmiu1azispzfex5mzsv a:hover{color:#ffffff ; background:#0c397d ; border-color:#0c397d;}<\/style><div class=\"ta_center tf_btn_pos\" id=\"b_qbmiu1azispzfex5mzsv\" ><a class=\"rd_stroke_bt mediumlarge_rd_bt border_1px  \" href=\"http:\/\/stiti.it\/index.php\/de\/warmetauscher\/\" target=\"\" >W\u00c4RMETAUSCHER<\/a><\/div><style>#b_6dkn89ourqhx3sslg9uj a{color:#000000; background:; border-style:solid; border-color:#000000; margin-top:10px; margin-bottom:10px;  margin-left:0px; margin-right:0px; font-weight:700; border-radius:0px;}#b_6dkn89ourqhx3sslg9uj a:hover{color:#ffffff ; background:#0c397d ; border-color:#0c397d;}<\/style><div class=\"ta_center tf_btn_pos\" id=\"b_6dkn89ourqhx3sslg9uj\" ><a class=\"rd_stroke_bt mediumlarge_rd_bt border_1px  \" href=\"http:\/\/stiti.it\/index.php\/de\/odorierung-vorrichtungen\/\" target=\"\" >ODORIERUNG VORRICHTUNGEN<\/a><\/div><style>#b_uveegrdqe0fcngcdsxmu a{color:#000000; background:; border-style:solid; border-color:#000000; margin-top:10px; margin-bottom:10px;  margin-left:0px; margin-right:0px; font-weight:700; border-radius:0px;}#b_uveegrdqe0fcngcdsxmu a:hover{color:#ffffff ; background:#0c397d ; border-color:#0c397d;}<\/style><div class=\"ta_center tf_btn_pos\" id=\"b_uveegrdqe0fcngcdsxmu\" ><a class=\"rd_stroke_bt mediumlarge_rd_bt border_1px  \" href=\"http:\/\/stiti.it\/index.php\/de\/lancierungsfallen-und-pig-empfang\/\" target=\"\" >LANCIERUNGSABSCHEIDER<\/a><\/div><style>#b_ryf60enzoifr29gpkznp a{color:#000000; background:; border-style:solid; border-color:#000000; margin-top:10px; margin-bottom:10px;  margin-left:0px; margin-right:0px; font-weight:700; border-radius:0px;}#b_ryf60enzoifr29gpkznp a:hover{color:#ffffff ; background:#0c397d ; border-color:#0c397d;}<\/style><div class=\"ta_center tf_btn_pos\" id=\"b_ryf60enzoifr29gpkznp\" ><a class=\"rd_stroke_bt mediumlarge_rd_bt border_1px  \" href=\"http:\/\/stiti.it\/index.php\/de\/kalte-fackeln\/\" target=\"\" >KALTE FACKELN<\/a><\/div><style>#b_msiqmsccgeqn5tslsbi3 a{color:#000000; background:; border-style:solid; border-color:#000000; margin-top:10px; margin-bottom:10px;  margin-left:0px; margin-right:0px; font-weight:700; border-radius:0px;}#b_msiqmsccgeqn5tslsbi3 a:hover{color:#ffffff ; background:#0c397d ; border-color:#0c397d;}<\/style><div class=\"ta_center tf_btn_pos\" id=\"b_msiqmsccgeqn5tslsbi3\" ><a class=\"rd_stroke_bt mediumlarge_rd_bt border_1px  \" href=\"http:\/\/stiti.it\/index.php\/de\/hydraulikkontrollen\/\" target=\"\" >HYDRAULIKKONTROLLEN<\/a><\/div><style>#b_5r38owrdk5b5ei7uh05n a{color:#000000; background:; border-style:solid; border-color:#000000; margin-top:10px; margin-bottom:10px;  margin-left:0px; margin-right:0px; font-weight:700; border-radius:0px;}#b_5r38owrdk5b5ei7uh05n a:hover{color:#ffffff ; background:#0c397d ; border-color:#0c397d;}<\/style><div class=\"ta_center tf_btn_pos\" id=\"b_5r38owrdk5b5ei7uh05n\" ><a class=\"rd_stroke_bt mediumlarge_rd_bt border_1px  \" href=\"http:\/\/stiti.it\/index.php\/de\/schnellverschlusse-qoc\/\" target=\"\" >SCHNELLVERSCHL\u00dcSSE QOC<\/a><\/div><style>#b_75gn9hfei8k2a5l75kpy a{color:#000000; background:; border-style:solid; border-color:#000000; margin-top:10px; margin-bottom:10px;  margin-left:0px; margin-right:0px; font-weight:700; border-radius:0px;}#b_75gn9hfei8k2a5l75kpy a:hover{color:#ffffff ; background:#0c397d ; border-color:#0c397d;}<\/style><div class=\"ta_center tf_btn_pos\" id=\"b_75gn9hfei8k2a5l75kpy\" ><a class=\"rd_stroke_bt mediumlarge_rd_bt border_1px  \" href=\"http:\/\/stiti.it\/index.php\/de\/stahlkonstruktionen\/\" target=\"\" >STAHLKONSTRUKTIONEN<\/a><\/div>[\/vc_column][vc_column width=&#8221;3\/4&#8243;]<style>#ic_mn2s3ks25lns43a68rtr {margin:0px auto 0px; }#ic_mn2s3ks25lns43a68rtr .ic_left,#ic_mn2s3ks25lns43a68rtr .ic_right,#ic_mn2s3ks25lns43a68rtr .ic_left:after,#ic_mn2s3ks25lns43a68rtr .ic_right:after{border-color:#ecf0f1; background:#ffffff; color:#a1b1bc; }#ic_mn2s3ks25lns43a68rtr .ic_left:hover,#ic_mn2s3ks25lns43a68rtr .ic_right:hover,#ic_mn2s3ks25lns43a68rtr .ic_left:hover:after,#ic_mn2s3ks25lns43a68rtr .ic_right:hover:after{background:#f9fafb; color:#2c3e50; }#ic_mn2s3ks25lns43a68rtr .rd_ic_pager a{border-color:#ecf0f1; background:#ffffff; color:#a1b1bc; }#ic_mn2s3ks25lns43a68rtr .rd_ic_pager a:hover{border-color:#288bd0; background:#288bd0; color:#ffffff; }<\/style><script type=\"text\/javascript\" charset=\"utf-8\">\r\n\t\t\t\t\r\n\t\tjQuery.noConflict();\r\n\t\/\/setup up Carousel\r\n\t\tjQuery(document).ready(function($) {\t\r\n\t\t\t\r\n\t\t\"use strict\";\r\n\t\t\r\n\t\t\t$(window).load(function(){\r\n\t\t$(\"#ic_mn2s3ks25lns43a68rtr .rd_img_carousel\").carouFredSel({\r\n\t\t\t\t\t\r\n\t\t\t\t\tresponsive: true,\r\n\t\t\t\t\twidth: \"100%\",scroll:  { items:1,duration: 800},\r\n\t\t\t\t\tauto: true,\r\n\t\t\t\t\tprev: \"#ic_mn2s3ks25lns43a68rtr .ic_left\",\r\n\t\t\t\t\tnext: \"#ic_mn2s3ks25lns43a68rtr .ic_right\",\r\n\t\t\t\t\tpagination: \"#ic_mn2s3ks25lns43a68rtr_pager\",\r\n\t\t\t\t\theight : \"variable\",\r\n\t\t\t\t\tswipe       : {\r\n             \t\t   onTouch     : true,\r\n\t\t               onMouse     : false\r\n        \t\t    },\r\n\t\t\t\t\titems: {\r\n\t\t\t\t\theight : \"variable\",\r\n\t\t\t\t\t\tvisible: {\r\n\t\t\t\t\t\t\tmin: 1,\r\n\t\t\t\t\t\t\tmax: 1\r\n\t\t\t\t\t\t}\r\n\t\t\t\t\t}\r\n\t\t\t\t});\r\n\t\t\t\t});\r\n\t\t\t\t});\r\n\t<\/script><div class=\"rd_img_carousel_ctn  hover_nav_style\" id=\"ic_mn2s3ks25lns43a68rtr\"><div class=\"ic_nav\"><div class=\"ic_left\" ><\/div><div class=\"ic_right\" ><\/div><\/div><div class=\"rd_img_carousel\"><img width=\"1170\" height=\"655\" src=\"https:\/\/i0.wp.com\/stiti.it\/wp-content\/uploads\/2018\/10\/ODORIZZATORE3.jpg?resize=1170%2C655&#038;ssl=1\" class=\"attachment-full\" alt=\"\" loading=\"lazy\" srcset=\"https:\/\/i0.wp.com\/stiti.it\/wp-content\/uploads\/2018\/10\/ODORIZZATORE3.jpg?w=1830&amp;ssl=1 1830w, https:\/\/i0.wp.com\/stiti.it\/wp-content\/uploads\/2018\/10\/ODORIZZATORE3.jpg?resize=300%2C168&amp;ssl=1 300w, https:\/\/i0.wp.com\/stiti.it\/wp-content\/uploads\/2018\/10\/ODORIZZATORE3.jpg?resize=768%2C430&amp;ssl=1 768w, https:\/\/i0.wp.com\/stiti.it\/wp-content\/uploads\/2018\/10\/ODORIZZATORE3.jpg?resize=1024%2C573&amp;ssl=1 1024w, https:\/\/i0.wp.com\/stiti.it\/wp-content\/uploads\/2018\/10\/ODORIZZATORE3.jpg?resize=1536%2C859&amp;ssl=1 1536w\" sizes=\"(max-width: 1170px) 100vw, 1170px\" data-recalc-dims=\"1\" \/><img width=\"1170\" height=\"655\" src=\"https:\/\/i0.wp.com\/stiti.it\/wp-content\/uploads\/2018\/10\/ODORIZZATORE.jpg?resize=1170%2C655&#038;ssl=1\" class=\"attachment-full\" alt=\"\" loading=\"lazy\" srcset=\"https:\/\/i0.wp.com\/stiti.it\/wp-content\/uploads\/2018\/10\/ODORIZZATORE.jpg?w=1830&amp;ssl=1 1830w, https:\/\/i0.wp.com\/stiti.it\/wp-content\/uploads\/2018\/10\/ODORIZZATORE.jpg?resize=300%2C168&amp;ssl=1 300w, https:\/\/i0.wp.com\/stiti.it\/wp-content\/uploads\/2018\/10\/ODORIZZATORE.jpg?resize=768%2C430&amp;ssl=1 768w, https:\/\/i0.wp.com\/stiti.it\/wp-content\/uploads\/2018\/10\/ODORIZZATORE.jpg?resize=1024%2C573&amp;ssl=1 1024w, https:\/\/i0.wp.com\/stiti.it\/wp-content\/uploads\/2018\/10\/ODORIZZATORE.jpg?resize=1536%2C859&amp;ssl=1 1536w\" sizes=\"(max-width: 1170px) 100vw, 1170px\" data-recalc-dims=\"1\" \/><\/div><\/div>[vc_row_inner css=&#8221;.vc_custom_1539781324174{margin-top: 50px !important;}&#8221;][vc_column_inner width=&#8221;2\/3&#8243;][vc_column_text]<\/p>\n<p style=\"text-align: justify;\"><span style=\"color: #000000;\">Die von S.T.I.T.I entwickelten und gebauten Odorierung vorrichtungen erm\u00f6glichen die Odorierung des Gases durch den Kontakt des Gases mit der Odorierungsfl\u00fcssigkeit. Die Odorierungsanlagen k\u00f6nnen komplett mit Lagerbeh\u00e4ltern f\u00fcr das Odorierungsmittel geliefert werden.<\/span><br \/>\n<span style=\"color: #000000;\">Sie k\u00f6nnen aus Kohlenstahl oder Edelstahl gebaut werden.<\/span><\/p>\n<p><span style=\"color: #000000;\">Auf Wunsch des Kunden k\u00f6nnen Sie mit Ventilen, Rahmen (Skid), Auffangwanne, Manometer, Differenzialmanometer, mikrometrischem Ventil, F\u00fcllstandanzeige geber usw. ausgestattet werden.<\/span><br \/>\n<span style=\"color: #000000;\">Au\u00dfer der eigenen Standardproduktion von Odorieranlagen k\u00f6nnen Odorier vorrichtungen f\u00fcr alle operativen und normativen Anspr\u00fcche geliefert werden.<\/span>[\/vc_column_text][\/vc_column_inner][vc_column_inner width=&#8221;1\/3&#8243;][vc_single_image image=&#8221;7663&#8243; img_size=&#8221;full&#8221; onclick=&#8221;img_link_large&#8221; img_link_target=&#8221;_blank&#8221; el_class=&#8221;img-odorizzatori-1&#8243;][\/vc_column_inner][\/vc_row_inner][\/vc_column][\/vc_row]<\/p>\n","protected":false},"excerpt":{"rendered":"<p>[vc_row type=&#8221;full-width-content&#8221;][vc_column][vc_single_image image=&#8221;7359&#8243; img_size=&#8221;full&#8221; alignment=&#8221;center&#8221;][\/vc_column][\/vc_row][vc_row][vc_column width=&#8221;1\/4&#8243;][\/vc_column][vc_column width=&#8221;3\/4&#8243;][vc_custom_heading text=&#8221;Odorierung vorrichtungen&#8221; font_container=&#8221;tag:h2|text_align:left|color:%230c397d&#8221; google_fonts=&#8221;font_family:Arimo%3Aregular%2Citalic%2C700%2C700italic|font_style:700%20bold%20regular%3A700%3Anormal&#8221;][\/vc_column][\/vc_row][vc_row css=&#8221;.vc_custom_1540203798090{margin-top: -40px !important;}&#8221;][vc_column width=&#8221;1\/4&#8243; el_class=&#8221;menu-products&#8221; offset=&#8221;vc_hidden-sm vc_hidden-xs&#8221;]GASANLAGENANLAGEN F\u00dcR FL\u00dcSSIGKEITENFILTER MIT EINSATZDOPPELSTUFIGE TRENNFILTERZYKLONENTRENNERK.O. DRUMSW\u00c4RMETAUSCHERODORIERUNG VORRICHTUNGENLANCIERUNGSABSCHEIDERKALTE FACKELNHYDRAULIKKONTROLLENSCHNELLVERSCHL\u00dcSSE QOCSTAHLKONSTRUKTIONEN[\/vc_column][vc_column width=&#8221;3\/4&#8243;][vc_row_inner css=&#8221;.vc_custom_1539781324174{margin-top: 50px !important;}&#8221;][vc_column_inner width=&#8221;2\/3&#8243;][vc_column_text] Die von S.T.I.T.I entwickelten und gebauten Odorierung vorrichtungen erm\u00f6glichen die Odorierung des Gases durch den Kontakt des Gases mit der Odorierungsfl\u00fcssigkeit. Die Odorierungsanlagen<br \/><a href=\"https:\/\/stiti.it\/index.php\/de\/odorierung-vorrichtungen\/\" class=\"more\">Read more<\/a><\/p>\n","protected":false},"author":1,"featured_media":0,"parent":0,"menu_order":0,"comment_status":"closed","ping_status":"closed","template":"","meta":[],"_links":{"self":[{"href":"https:\/\/stiti.it\/index.php\/wp-json\/wp\/v2\/pages\/8304"}],"collection":[{"href":"https:\/\/stiti.it\/index.php\/wp-json\/wp\/v2\/pages"}],"about":[{"href":"https:\/\/stiti.it\/index.php\/wp-json\/wp\/v2\/types\/page"}],"author":[{"embeddable":true,"href":"https:\/\/stiti.it\/index.php\/wp-json\/wp\/v2\/users\/1"}],"replies":[{"embeddable":true,"href":"https:\/\/stiti.it\/index.php\/wp-json\/wp\/v2\/comments?post=8304"}],"version-history":[{"count":6,"href":"https:\/\/stiti.it\/index.php\/wp-json\/wp\/v2\/pages\/8304\/revisions"}],"predecessor-version":[{"id":8889,"href":"https:\/\/stiti.it\/index.php\/wp-json\/wp\/v2\/pages\/8304\/revisions\/8889"}],"wp:attachment":[{"href":"https:\/\/stiti.it\/index.php\/wp-json\/wp\/v2\/media?parent=8304"}],"curies":[{"name":"wp","href":"https:\/\/api.w.org\/{rel}","templated":true}]}}