{"id":8300,"date":"2018-10-25T14:52:19","date_gmt":"2018-10-25T14:52:19","guid":{"rendered":"http:\/\/stiti.it\/?page_id=8300"},"modified":"2018-11-27T08:20:06","modified_gmt":"2018-11-27T08:20:06","slug":"k-o-drums-4","status":"publish","type":"page","link":"https:\/\/stiti.it\/index.php\/de\/k-o-drums-4\/","title":{"rendered":"K.O. DRUMS"},"content":{"rendered":"<p>[vc_row type=&#8221;full-width-content&#8221;][vc_column][vc_single_image image=&#8221;7359&#8243; img_size=&#8221;full&#8221; alignment=&#8221;center&#8221;][\/vc_column][\/vc_row][vc_row][vc_column width=&#8221;1\/4&#8243;][\/vc_column][vc_column width=&#8221;3\/4&#8243;][vc_custom_heading text=&#8221;Trenner mit lamellenpaket (K.O. DRUMS)&#8221; font_container=&#8221;tag:h2|text_align:left|color:%230c397d&#8221; google_fonts=&#8221;font_family:Arimo%3Aregular%2Citalic%2C700%2C700italic|font_style:700%20bold%20regular%3A700%3Anormal&#8221;][\/vc_column][\/vc_row][vc_row css=&#8221;.vc_custom_1540203758217{margin-top: -40px !important;}&#8221;][vc_column width=&#8221;1\/4&#8243; el_class=&#8221;menu-products&#8221; offset=&#8221;vc_hidden-sm vc_hidden-xs&#8221;]<style>#b_2ahoo3x8c1djkko7pbc1 a{color:#000000; background:; border-style:solid; border-color:#000000; margin-top:0px; margin-bottom:0px;  margin-left:0px; margin-right:0px; font-weight:700; border-radius:0px;}#b_2ahoo3x8c1djkko7pbc1 a:hover{color:#ffffff ; background:#0c397d ; border-color:#0c397d;}<\/style><div class=\"ta_center tf_btn_pos\" id=\"b_2ahoo3x8c1djkko7pbc1\" ><a class=\"rd_stroke_bt mediumlarge_rd_bt border_1px  \" href=\"http:\/\/stiti.it\/index.php\/de\/gasanlagen\/\" target=\"\" >GASANLAGEN<\/a><\/div><style>#b_vr5ohj05dh0rmd0w8xii a{color:#000000; background:; border-style:solid; border-color:#000000; margin-top:10px; margin-bottom:10px;  margin-left:0px; margin-right:0px; font-weight:700; border-radius:0px;}#b_vr5ohj05dh0rmd0w8xii a:hover{color:#ffffff ; background:#0c397d ; border-color:#0c397d;}<\/style><div class=\"ta_center tf_btn_pos\" id=\"b_vr5ohj05dh0rmd0w8xii\" ><a class=\"rd_stroke_bt mediumlarge_rd_bt border_1px  \" href=\"http:\/\/stiti.it\/index.php\/de\/anlagen-fur-flussigkeiten\/\" target=\"\" >ANLAGEN F\u00dcR FL\u00dcSSIGKEITEN<\/a><\/div><style>#b_gf3ptpt65k383a2spfb4 a{color:#000000; background:; border-style:solid; border-color:#000000; margin-top:10px; margin-bottom:10px;  margin-left:0px; margin-right:0px; font-weight:700; border-radius:0px;}#b_gf3ptpt65k383a2spfb4 a:hover{color:#ffffff ; background:#0c397d ; border-color:#0c397d;}<\/style><div class=\"ta_center tf_btn_pos\" id=\"b_gf3ptpt65k383a2spfb4\" ><a class=\"rd_stroke_bt mediumlarge_rd_bt border_1px  \" href=\"http:\/\/stiti.it\/index.php\/de\/filter-mit-einsatz\/\" target=\"\" >FILTER MIT EINSATZ<\/a><\/div><style>#b_almqggza2dlgkvaq49p9 a{color:#000000; background:; border-style:solid; border-color:#000000; margin-top:10px; margin-bottom:10px;  margin-left:0px; margin-right:0px; font-weight:700; border-radius:0px;}#b_almqggza2dlgkvaq49p9 a:hover{color:#ffffff ; background:#0c397d ; border-color:#0c397d;}<\/style><div class=\"ta_center tf_btn_pos\" id=\"b_almqggza2dlgkvaq49p9\" ><a class=\"rd_stroke_bt mediumlarge_rd_bt border_1px  \" href=\"http:\/\/stiti.it\/index.php\/de\/doppelstufige-trennfilter\/\" target=\"\" >DOPPELSTUFIGE TRENNFILTER<\/a><\/div><style>#b_bqiui1lvngyndf4jnrfn a{color:#000000; background:; border-style:solid; border-color:#000000; margin-top:10px; margin-bottom:10px;  margin-left:0px; margin-right:0px; font-weight:700; border-radius:0px;}#b_bqiui1lvngyndf4jnrfn a:hover{color:#ffffff ; background:#0c397d ; border-color:#0c397d;}<\/style><div class=\"ta_center tf_btn_pos\" id=\"b_bqiui1lvngyndf4jnrfn\" ><a class=\"rd_stroke_bt mediumlarge_rd_bt border_1px  \" href=\"http:\/\/stiti.it\/index.php\/de\/zyklonentrenner\/\" target=\"\" >ZYKLONENTRENNER<\/a><\/div><style>#b_rc60ap3dax5syvss8c6j a{color:#000000; background:; border-style:solid; border-color:#000000; margin-top:10px; margin-bottom:10px;  margin-left:0px; margin-right:0px; font-weight:700; border-radius:0px;}#b_rc60ap3dax5syvss8c6j a:hover{color:#ffffff ; background:#0c397d ; border-color:#0c397d;}<\/style><div class=\"ta_center tf_btn_pos\" id=\"b_rc60ap3dax5syvss8c6j\" ><a class=\"rd_stroke_bt mediumlarge_rd_bt border_1px  \" href=\"http:\/\/stiti.it\/index.php\/de\/k-o-drums-4\/\" target=\"\" >K.O. DRUMS<\/a><\/div><style>#b_liz2dlnaei2yz1lxm03h a{color:#000000; background:; border-style:solid; border-color:#000000; margin-top:10px; margin-bottom:10px;  margin-left:0px; margin-right:0px; font-weight:700; border-radius:0px;}#b_liz2dlnaei2yz1lxm03h a:hover{color:#ffffff ; background:#0c397d ; border-color:#0c397d;}<\/style><div class=\"ta_center tf_btn_pos\" id=\"b_liz2dlnaei2yz1lxm03h\" ><a class=\"rd_stroke_bt mediumlarge_rd_bt border_1px  \" href=\"http:\/\/stiti.it\/index.php\/de\/warmetauscher\/\" target=\"\" >W\u00c4RMETAUSCHER<\/a><\/div><style>#b_hg112se55gv2r833v4ai a{color:#000000; background:; border-style:solid; border-color:#000000; margin-top:10px; margin-bottom:10px;  margin-left:0px; margin-right:0px; font-weight:700; border-radius:0px;}#b_hg112se55gv2r833v4ai a:hover{color:#ffffff ; background:#0c397d ; border-color:#0c397d;}<\/style><div class=\"ta_center tf_btn_pos\" id=\"b_hg112se55gv2r833v4ai\" ><a class=\"rd_stroke_bt mediumlarge_rd_bt border_1px  \" href=\"http:\/\/stiti.it\/index.php\/de\/odorierung-vorrichtungen\/\" target=\"\" >ODORIERUNG VORRICHTUNGEN<\/a><\/div><style>#b_iha22ces7lsy6ah41knt a{color:#000000; background:; border-style:solid; border-color:#000000; margin-top:10px; margin-bottom:10px;  margin-left:0px; margin-right:0px; font-weight:700; border-radius:0px;}#b_iha22ces7lsy6ah41knt a:hover{color:#ffffff ; background:#0c397d ; border-color:#0c397d;}<\/style><div class=\"ta_center tf_btn_pos\" id=\"b_iha22ces7lsy6ah41knt\" ><a class=\"rd_stroke_bt mediumlarge_rd_bt border_1px  \" href=\"http:\/\/stiti.it\/index.php\/de\/lancierungsfallen-und-pig-empfang\/\" target=\"\" >LANCIERUNGSABSCHEIDER<\/a><\/div><style>#b_ecfvvepjzrj21pw080px a{color:#000000; background:; border-style:solid; border-color:#000000; margin-top:10px; margin-bottom:10px;  margin-left:0px; margin-right:0px; font-weight:700; border-radius:0px;}#b_ecfvvepjzrj21pw080px a:hover{color:#ffffff ; background:#0c397d ; border-color:#0c397d;}<\/style><div class=\"ta_center tf_btn_pos\" id=\"b_ecfvvepjzrj21pw080px\" ><a class=\"rd_stroke_bt mediumlarge_rd_bt border_1px  \" href=\"http:\/\/stiti.it\/index.php\/de\/kalte-fackeln\/\" target=\"\" >KALTE FACKELN<\/a><\/div><style>#b_vwsf85903uoc64j4vvtb a{color:#000000; background:; border-style:solid; border-color:#000000; margin-top:10px; margin-bottom:10px;  margin-left:0px; margin-right:0px; font-weight:700; border-radius:0px;}#b_vwsf85903uoc64j4vvtb a:hover{color:#ffffff ; background:#0c397d ; border-color:#0c397d;}<\/style><div class=\"ta_center tf_btn_pos\" id=\"b_vwsf85903uoc64j4vvtb\" ><a class=\"rd_stroke_bt mediumlarge_rd_bt border_1px  \" href=\"http:\/\/stiti.it\/index.php\/de\/hydraulikkontrollen\/\" target=\"\" >HYDRAULIKKONTROLLEN<\/a><\/div><style>#b_3nbjr6mexzvku41lgkvg a{color:#000000; background:; border-style:solid; border-color:#000000; margin-top:10px; margin-bottom:10px;  margin-left:0px; margin-right:0px; font-weight:700; border-radius:0px;}#b_3nbjr6mexzvku41lgkvg a:hover{color:#ffffff ; background:#0c397d ; border-color:#0c397d;}<\/style><div class=\"ta_center tf_btn_pos\" id=\"b_3nbjr6mexzvku41lgkvg\" ><a class=\"rd_stroke_bt mediumlarge_rd_bt border_1px  \" href=\"http:\/\/stiti.it\/index.php\/de\/schnellverschlusse-qoc\/\" target=\"\" >SCHNELLVERSCHL\u00dcSSE QOC<\/a><\/div><style>#b_p5c5b1jyqpnyb406q5c7 a{color:#000000; background:; border-style:solid; border-color:#000000; margin-top:10px; margin-bottom:10px;  margin-left:0px; margin-right:0px; font-weight:700; border-radius:0px;}#b_p5c5b1jyqpnyb406q5c7 a:hover{color:#ffffff ; background:#0c397d ; border-color:#0c397d;}<\/style><div class=\"ta_center tf_btn_pos\" id=\"b_p5c5b1jyqpnyb406q5c7\" ><a class=\"rd_stroke_bt mediumlarge_rd_bt border_1px  \" href=\"http:\/\/stiti.it\/index.php\/de\/stahlkonstruktionen\/\" target=\"\" >STAHLKONSTRUKTIONEN<\/a><\/div>[\/vc_column][vc_column width=&#8221;3\/4&#8243;]<style>#ic_p5nyxce8jmp0rhhy4s12 {margin:0px auto 0px; }#ic_p5nyxce8jmp0rhhy4s12 .ic_left,#ic_p5nyxce8jmp0rhhy4s12 .ic_right,#ic_p5nyxce8jmp0rhhy4s12 .ic_left:after,#ic_p5nyxce8jmp0rhhy4s12 .ic_right:after{border-color:#ecf0f1; background:#ffffff; color:#a1b1bc; }#ic_p5nyxce8jmp0rhhy4s12 .ic_left:hover,#ic_p5nyxce8jmp0rhhy4s12 .ic_right:hover,#ic_p5nyxce8jmp0rhhy4s12 .ic_left:hover:after,#ic_p5nyxce8jmp0rhhy4s12 .ic_right:hover:after{background:#f9fafb; color:#2c3e50; }#ic_p5nyxce8jmp0rhhy4s12 .rd_ic_pager a{border-color:#ecf0f1; background:#ffffff; color:#a1b1bc; }#ic_p5nyxce8jmp0rhhy4s12 .rd_ic_pager a:hover{border-color:#288bd0; background:#288bd0; color:#ffffff; }<\/style><script type=\"text\/javascript\" charset=\"utf-8\">\r\n\t\t\t\t\r\n\t\tjQuery.noConflict();\r\n\t\/\/setup up Carousel\r\n\t\tjQuery(document).ready(function($) {\t\r\n\t\t\t\r\n\t\t\"use strict\";\r\n\t\t\r\n\t\t\t$(window).load(function(){\r\n\t\t$(\"#ic_p5nyxce8jmp0rhhy4s12 .rd_img_carousel\").carouFredSel({\r\n\t\t\t\t\t\r\n\t\t\t\t\tresponsive: true,\r\n\t\t\t\t\twidth: \"100%\",scroll:  { items:1,duration: 800},\r\n\t\t\t\t\tauto: true,\r\n\t\t\t\t\tprev: \"#ic_p5nyxce8jmp0rhhy4s12 .ic_left\",\r\n\t\t\t\t\tnext: \"#ic_p5nyxce8jmp0rhhy4s12 .ic_right\",\r\n\t\t\t\t\tpagination: \"#ic_p5nyxce8jmp0rhhy4s12_pager\",\r\n\t\t\t\t\theight : \"variable\",\r\n\t\t\t\t\tswipe       : {\r\n             \t\t   onTouch     : true,\r\n\t\t               onMouse     : false\r\n        \t\t    },\r\n\t\t\t\t\titems: {\r\n\t\t\t\t\theight : \"variable\",\r\n\t\t\t\t\t\tvisible: {\r\n\t\t\t\t\t\t\tmin: 1,\r\n\t\t\t\t\t\t\tmax: 1\r\n\t\t\t\t\t\t}\r\n\t\t\t\t\t}\r\n\t\t\t\t});\r\n\t\t\t\t});\r\n\t\t\t\t});\r\n\t<\/script><div class=\"rd_img_carousel_ctn  hover_nav_style\" id=\"ic_p5nyxce8jmp0rhhy4s12\"><div class=\"ic_nav\"><div class=\"ic_left\" ><\/div><div class=\"ic_right\" ><\/div><\/div><div class=\"rd_img_carousel\"><img width=\"1170\" height=\"655\" src=\"https:\/\/i0.wp.com\/stiti.it\/wp-content\/uploads\/2018\/10\/DRUMS_def1.jpg?resize=1170%2C655&#038;ssl=1\" class=\"attachment-full\" alt=\"\" loading=\"lazy\" srcset=\"https:\/\/i0.wp.com\/stiti.it\/wp-content\/uploads\/2018\/10\/DRUMS_def1.jpg?w=1830&amp;ssl=1 1830w, https:\/\/i0.wp.com\/stiti.it\/wp-content\/uploads\/2018\/10\/DRUMS_def1.jpg?resize=300%2C168&amp;ssl=1 300w, https:\/\/i0.wp.com\/stiti.it\/wp-content\/uploads\/2018\/10\/DRUMS_def1.jpg?resize=768%2C430&amp;ssl=1 768w, https:\/\/i0.wp.com\/stiti.it\/wp-content\/uploads\/2018\/10\/DRUMS_def1.jpg?resize=1024%2C573&amp;ssl=1 1024w, https:\/\/i0.wp.com\/stiti.it\/wp-content\/uploads\/2018\/10\/DRUMS_def1.jpg?resize=1536%2C859&amp;ssl=1 1536w\" sizes=\"(max-width: 1170px) 100vw, 1170px\" data-recalc-dims=\"1\" \/><\/div><\/div>[vc_row_inner css=&#8221;.vc_custom_1539771936994{margin-top: 50px !important;}&#8221;][vc_column_inner width=&#8221;2\/3&#8243;][vc_column_text]<\/p>\n<p style=\"text-align: justify;\"><span style=\"color: #000000;\">Die Trenner mit Lamellenpaket (K.O. DRUMS), die von S.T.I.T.I. entwickelt und hergestellt werden, erm\u00f6glichen die Beseitigung der fl\u00fcssigen Partikel aus einem Gas \u00fcber die Anwendung eines Lamellenpakets (vane demister).<\/span><\/p>\n<p><span style=\"color: #000000;\">Das Gas tritt in das Ger\u00e4t und durchquert das Lamellenpaket. Die st\u00e4ndigen Richtungswechsel schieben die fl\u00fcssigen Partikel gegen die Blechw\u00e4nde.<\/span><\/p>\n<p><span style=\"color: #000000;\">Die Tropfen werden zu gr\u00f6\u00dferen Tropfen und sinken durch die Schwerkraft in den unten liegenden Bereich, wo sie gesammelt und drainiert werden.<\/span><\/p>\n<p><span style=\"color: #000000;\">Es k\u00f6nnen Trenner f\u00fcr alle operativen und normativen Anspr\u00fcche geliefert werden.<\/span>[\/vc_column_text][\/vc_column_inner][vc_column_inner el_class=&#8221;ko-drums-inner&#8221; width=&#8221;1\/3&#8243;][vc_single_image image=&#8221;7639&#8243; img_size=&#8221;medium&#8221; alignment=&#8221;center&#8221; onclick=&#8221;img_link_large&#8221; img_link_target=&#8221;_blank&#8221;][\/vc_column_inner][\/vc_row_inner][\/vc_column][\/vc_row]<\/p>\n","protected":false},"excerpt":{"rendered":"<p>[vc_row type=&#8221;full-width-content&#8221;][vc_column][vc_single_image image=&#8221;7359&#8243; img_size=&#8221;full&#8221; alignment=&#8221;center&#8221;][\/vc_column][\/vc_row][vc_row][vc_column width=&#8221;1\/4&#8243;][\/vc_column][vc_column width=&#8221;3\/4&#8243;][vc_custom_heading text=&#8221;Trenner mit lamellenpaket (K.O. DRUMS)&#8221; font_container=&#8221;tag:h2|text_align:left|color:%230c397d&#8221; google_fonts=&#8221;font_family:Arimo%3Aregular%2Citalic%2C700%2C700italic|font_style:700%20bold%20regular%3A700%3Anormal&#8221;][\/vc_column][\/vc_row][vc_row css=&#8221;.vc_custom_1540203758217{margin-top: -40px !important;}&#8221;][vc_column width=&#8221;1\/4&#8243; el_class=&#8221;menu-products&#8221; offset=&#8221;vc_hidden-sm vc_hidden-xs&#8221;]GASANLAGENANLAGEN F\u00dcR FL\u00dcSSIGKEITENFILTER MIT EINSATZDOPPELSTUFIGE TRENNFILTERZYKLONENTRENNERK.O. DRUMSW\u00c4RMETAUSCHERODORIERUNG VORRICHTUNGENLANCIERUNGSABSCHEIDERKALTE FACKELNHYDRAULIKKONTROLLENSCHNELLVERSCHL\u00dcSSE QOCSTAHLKONSTRUKTIONEN[\/vc_column][vc_column width=&#8221;3\/4&#8243;][vc_row_inner css=&#8221;.vc_custom_1539771936994{margin-top: 50px !important;}&#8221;][vc_column_inner width=&#8221;2\/3&#8243;][vc_column_text] Die Trenner mit Lamellenpaket (K.O. DRUMS), die von S.T.I.T.I. entwickelt und hergestellt werden, erm\u00f6glichen die Beseitigung der fl\u00fcssigen Partikel aus<br \/><a href=\"https:\/\/stiti.it\/index.php\/de\/k-o-drums-4\/\" class=\"more\">Read more<\/a><\/p>\n","protected":false},"author":1,"featured_media":0,"parent":0,"menu_order":0,"comment_status":"closed","ping_status":"closed","template":"","meta":[],"_links":{"self":[{"href":"https:\/\/stiti.it\/index.php\/wp-json\/wp\/v2\/pages\/8300"}],"collection":[{"href":"https:\/\/stiti.it\/index.php\/wp-json\/wp\/v2\/pages"}],"about":[{"href":"https:\/\/stiti.it\/index.php\/wp-json\/wp\/v2\/types\/page"}],"author":[{"embeddable":true,"href":"https:\/\/stiti.it\/index.php\/wp-json\/wp\/v2\/users\/1"}],"replies":[{"embeddable":true,"href":"https:\/\/stiti.it\/index.php\/wp-json\/wp\/v2\/comments?post=8300"}],"version-history":[{"count":6,"href":"https:\/\/stiti.it\/index.php\/wp-json\/wp\/v2\/pages\/8300\/revisions"}],"predecessor-version":[{"id":8996,"href":"https:\/\/stiti.it\/index.php\/wp-json\/wp\/v2\/pages\/8300\/revisions\/8996"}],"wp:attachment":[{"href":"https:\/\/stiti.it\/index.php\/wp-json\/wp\/v2\/media?parent=8300"}],"curies":[{"name":"wp","href":"https:\/\/api.w.org\/{rel}","templated":true}]}}