{"id":8298,"date":"2018-10-25T14:50:16","date_gmt":"2018-10-25T14:50:16","guid":{"rendered":"http:\/\/stiti.it\/?page_id=8298"},"modified":"2022-10-14T13:30:32","modified_gmt":"2022-10-14T13:30:32","slug":"zyklonentrenner","status":"publish","type":"page","link":"https:\/\/stiti.it\/index.php\/de\/zyklonentrenner\/","title":{"rendered":"ZYKLONENTRENNER"},"content":{"rendered":"<p>[vc_row type=&#8221;full-width-content&#8221;][vc_column][vc_single_image image=&#8221;7359&#8243; img_size=&#8221;full&#8221; alignment=&#8221;center&#8221;][\/vc_column][\/vc_row][vc_row][vc_column width=&#8221;1\/4&#8243;][\/vc_column][vc_column width=&#8221;3\/4&#8243;][vc_custom_heading text=&#8221;Zyklonentrenner&#8221; font_container=&#8221;tag:h2|text_align:left|color:%230c397d&#8221; google_fonts=&#8221;font_family:Arimo%3Aregular%2Citalic%2C700%2C700italic|font_style:700%20bold%20regular%3A700%3Anormal&#8221;][\/vc_column][\/vc_row][vc_row css=&#8221;.vc_custom_1540203738321{margin-top: -40px !important;}&#8221;][vc_column width=&#8221;1\/4&#8243; el_class=&#8221;menu-products&#8221; offset=&#8221;vc_hidden-sm vc_hidden-xs&#8221;]<style>#b_7x8agwz2yosztcos8se0 a{color:#000000; background:; border-style:solid; border-color:#000000; margin-top:0px; margin-bottom:0px;  margin-left:0px; margin-right:0px; font-weight:700; border-radius:0px;}#b_7x8agwz2yosztcos8se0 a:hover{color:#ffffff ; background:#0c397d ; border-color:#0c397d;}<\/style><div class=\"ta_center tf_btn_pos\" id=\"b_7x8agwz2yosztcos8se0\" ><a class=\"rd_stroke_bt mediumlarge_rd_bt border_1px  \" href=\"http:\/\/stiti.it\/index.php\/de\/gasanlagen\/\" target=\"\" >GASANLAGEN<\/a><\/div><style>#b_139yrjgqyi5en0zdxkrk a{color:#000000; background:; border-style:solid; border-color:#000000; margin-top:10px; margin-bottom:10px;  margin-left:0px; margin-right:0px; font-weight:700; border-radius:0px;}#b_139yrjgqyi5en0zdxkrk a:hover{color:#ffffff ; background:#0c397d ; border-color:#0c397d;}<\/style><div class=\"ta_center tf_btn_pos\" id=\"b_139yrjgqyi5en0zdxkrk\" ><a class=\"rd_stroke_bt mediumlarge_rd_bt border_1px  \" href=\"http:\/\/stiti.it\/index.php\/de\/anlagen-fur-flussigkeiten\/\" target=\"\" >ANLAGEN F\u00dcR FL\u00dcSSIGKEITEN<\/a><\/div><style>#b_a83yi4l5i753hsezq520 a{color:#000000; background:; border-style:solid; border-color:#000000; margin-top:10px; margin-bottom:10px;  margin-left:0px; margin-right:0px; font-weight:700; border-radius:0px;}#b_a83yi4l5i753hsezq520 a:hover{color:#ffffff ; background:#0c397d ; border-color:#0c397d;}<\/style><div class=\"ta_center tf_btn_pos\" id=\"b_a83yi4l5i753hsezq520\" ><a class=\"rd_stroke_bt mediumlarge_rd_bt border_1px  \" href=\"http:\/\/stiti.it\/index.php\/de\/filter-mit-einsatz\/\" target=\"\" >FILTER MIT EINSATZ<\/a><\/div><style>#b_llat4w2rv74t70o3fib5 a{color:#000000; background:; border-style:solid; border-color:#000000; margin-top:10px; margin-bottom:10px;  margin-left:0px; margin-right:0px; font-weight:700; border-radius:0px;}#b_llat4w2rv74t70o3fib5 a:hover{color:#ffffff ; background:#0c397d ; border-color:#0c397d;}<\/style><div class=\"ta_center tf_btn_pos\" id=\"b_llat4w2rv74t70o3fib5\" ><a class=\"rd_stroke_bt mediumlarge_rd_bt border_1px  \" href=\"http:\/\/stiti.it\/index.php\/de\/doppelstufige-trennfilter\/\" target=\"\" >DOPPELSTUFIGE TRENNFILTER<\/a><\/div><style>#b_eguaywj884yibbfn69uh a{color:#000000; background:; border-style:solid; border-color:#000000; margin-top:10px; margin-bottom:10px;  margin-left:0px; margin-right:0px; font-weight:700; border-radius:0px;}#b_eguaywj884yibbfn69uh a:hover{color:#ffffff ; background:#0c397d ; border-color:#0c397d;}<\/style><div class=\"ta_center tf_btn_pos\" id=\"b_eguaywj884yibbfn69uh\" ><a class=\"rd_stroke_bt mediumlarge_rd_bt border_1px  \" href=\"http:\/\/stiti.it\/index.php\/de\/zyklonentrenner\/\" target=\"\" >ZYKLONENTRENNER<\/a><\/div><style>#b_qzw26p8ft3gnx7zsbdkf a{color:#000000; background:; border-style:solid; border-color:#000000; margin-top:10px; margin-bottom:10px;  margin-left:0px; margin-right:0px; font-weight:700; border-radius:0px;}#b_qzw26p8ft3gnx7zsbdkf a:hover{color:#ffffff ; background:#0c397d ; border-color:#0c397d;}<\/style><div class=\"ta_center tf_btn_pos\" id=\"b_qzw26p8ft3gnx7zsbdkf\" ><a class=\"rd_stroke_bt mediumlarge_rd_bt border_1px  \" href=\"http:\/\/stiti.it\/index.php\/de\/k-o-drums-4\/\" target=\"\" >K.O. DRUMS<\/a><\/div><style>#b_hl3onxpcdio972gfbgk1 a{color:#000000; background:; border-style:solid; border-color:#000000; margin-top:10px; margin-bottom:10px;  margin-left:0px; margin-right:0px; font-weight:700; border-radius:0px;}#b_hl3onxpcdio972gfbgk1 a:hover{color:#ffffff ; background:#0c397d ; border-color:#0c397d;}<\/style><div class=\"ta_center tf_btn_pos\" id=\"b_hl3onxpcdio972gfbgk1\" ><a class=\"rd_stroke_bt mediumlarge_rd_bt border_1px  \" href=\"http:\/\/stiti.it\/index.php\/de\/warmetauscher\/\" target=\"\" >W\u00c4RMETAUSCHER<\/a><\/div><style>#b_c91ncap3tu98qqgmr6mg a{color:#000000; background:; border-style:solid; border-color:#000000; margin-top:10px; margin-bottom:10px;  margin-left:0px; margin-right:0px; font-weight:700; border-radius:0px;}#b_c91ncap3tu98qqgmr6mg a:hover{color:#ffffff ; background:#0c397d ; border-color:#0c397d;}<\/style><div class=\"ta_center tf_btn_pos\" id=\"b_c91ncap3tu98qqgmr6mg\" ><a class=\"rd_stroke_bt mediumlarge_rd_bt border_1px  \" href=\"http:\/\/stiti.it\/index.php\/de\/odorierung-vorrichtungen\/\" target=\"\" >ODORIERUNG VORRICHTUNGEN<\/a><\/div><style>#b_v7muwq9pisyjzxqozkd4 a{color:#000000; background:; border-style:solid; border-color:#000000; margin-top:10px; margin-bottom:10px;  margin-left:0px; margin-right:0px; font-weight:700; border-radius:0px;}#b_v7muwq9pisyjzxqozkd4 a:hover{color:#ffffff ; background:#0c397d ; border-color:#0c397d;}<\/style><div class=\"ta_center tf_btn_pos\" id=\"b_v7muwq9pisyjzxqozkd4\" ><a class=\"rd_stroke_bt mediumlarge_rd_bt border_1px  \" href=\"http:\/\/stiti.it\/index.php\/de\/lancierungsfallen-und-pig-empfang\/\" target=\"\" >LANCIERUNGSABSCHEIDER<\/a><\/div><style>#b_4x0ohlsag05arv4rs4tk a{color:#000000; background:; border-style:solid; border-color:#000000; margin-top:10px; margin-bottom:10px;  margin-left:0px; margin-right:0px; font-weight:700; border-radius:0px;}#b_4x0ohlsag05arv4rs4tk a:hover{color:#ffffff ; background:#0c397d ; border-color:#0c397d;}<\/style><div class=\"ta_center tf_btn_pos\" id=\"b_4x0ohlsag05arv4rs4tk\" ><a class=\"rd_stroke_bt mediumlarge_rd_bt border_1px  \" href=\"http:\/\/stiti.it\/index.php\/de\/kalte-fackeln\/\" target=\"\" >KALTE FACKELN<\/a><\/div><style>#b_wdvkt8633c4f60lids0e a{color:#000000; background:; border-style:solid; border-color:#000000; margin-top:10px; margin-bottom:10px;  margin-left:0px; margin-right:0px; font-weight:700; border-radius:0px;}#b_wdvkt8633c4f60lids0e a:hover{color:#ffffff ; background:#0c397d ; border-color:#0c397d;}<\/style><div class=\"ta_center tf_btn_pos\" id=\"b_wdvkt8633c4f60lids0e\" ><a class=\"rd_stroke_bt mediumlarge_rd_bt border_1px  \" href=\"http:\/\/stiti.it\/index.php\/de\/hydraulikkontrollen\/\" target=\"\" >HYDRAULIKKONTROLLEN<\/a><\/div><style>#b_zpzaiu24z5bpys3slfop a{color:#000000; background:; border-style:solid; border-color:#000000; margin-top:10px; margin-bottom:10px;  margin-left:0px; margin-right:0px; font-weight:700; border-radius:0px;}#b_zpzaiu24z5bpys3slfop a:hover{color:#ffffff ; background:#0c397d ; border-color:#0c397d;}<\/style><div class=\"ta_center tf_btn_pos\" id=\"b_zpzaiu24z5bpys3slfop\" ><a class=\"rd_stroke_bt mediumlarge_rd_bt border_1px  \" href=\"http:\/\/stiti.it\/index.php\/de\/schnellverschlusse-qoc\/\" target=\"\" >SCHNELLVERSCHL\u00dcSSE QOC<\/a><\/div><style>#b_51t7u6t0jn1c3ih3v6er a{color:#000000; background:; border-style:solid; border-color:#000000; margin-top:10px; margin-bottom:10px;  margin-left:0px; margin-right:0px; font-weight:700; border-radius:0px;}#b_51t7u6t0jn1c3ih3v6er a:hover{color:#ffffff ; background:#0c397d ; border-color:#0c397d;}<\/style><div class=\"ta_center tf_btn_pos\" id=\"b_51t7u6t0jn1c3ih3v6er\" ><a class=\"rd_stroke_bt mediumlarge_rd_bt border_1px  \" href=\"http:\/\/stiti.it\/index.php\/de\/stahlkonstruktionen\/\" target=\"\" >STAHLKONSTRUKTIONEN<\/a><\/div>[\/vc_column][vc_column width=&#8221;3\/4&#8243;]<style>#ic_6btlfcq4tog9ne32835n {margin:0px auto 0px; }#ic_6btlfcq4tog9ne32835n .ic_left,#ic_6btlfcq4tog9ne32835n .ic_right,#ic_6btlfcq4tog9ne32835n .ic_left:after,#ic_6btlfcq4tog9ne32835n .ic_right:after{border-color:#ecf0f1; background:#ffffff; color:#a1b1bc; }#ic_6btlfcq4tog9ne32835n .ic_left:hover,#ic_6btlfcq4tog9ne32835n .ic_right:hover,#ic_6btlfcq4tog9ne32835n .ic_left:hover:after,#ic_6btlfcq4tog9ne32835n .ic_right:hover:after{background:#f9fafb; color:#2c3e50; }#ic_6btlfcq4tog9ne32835n .rd_ic_pager a{border-color:#ecf0f1; background:#ffffff; color:#a1b1bc; }#ic_6btlfcq4tog9ne32835n .rd_ic_pager a:hover{border-color:#288bd0; background:#288bd0; color:#ffffff; }<\/style><script type=\"text\/javascript\" charset=\"utf-8\">\r\n\t\t\t\t\r\n\t\tjQuery.noConflict();\r\n\t\/\/setup up Carousel\r\n\t\tjQuery(document).ready(function($) {\t\r\n\t\t\t\r\n\t\t\"use strict\";\r\n\t\t\r\n\t\t\t$(window).load(function(){\r\n\t\t$(\"#ic_6btlfcq4tog9ne32835n .rd_img_carousel\").carouFredSel({\r\n\t\t\t\t\t\r\n\t\t\t\t\tresponsive: true,\r\n\t\t\t\t\twidth: \"100%\",scroll:  { items:1,duration: 800},\r\n\t\t\t\t\tauto: true,\r\n\t\t\t\t\tprev: \"#ic_6btlfcq4tog9ne32835n .ic_left\",\r\n\t\t\t\t\tnext: \"#ic_6btlfcq4tog9ne32835n .ic_right\",\r\n\t\t\t\t\tpagination: \"#ic_6btlfcq4tog9ne32835n_pager\",\r\n\t\t\t\t\theight : \"variable\",\r\n\t\t\t\t\tswipe       : {\r\n             \t\t   onTouch     : true,\r\n\t\t               onMouse     : false\r\n        \t\t    },\r\n\t\t\t\t\titems: {\r\n\t\t\t\t\theight : \"variable\",\r\n\t\t\t\t\t\tvisible: {\r\n\t\t\t\t\t\t\tmin: 1,\r\n\t\t\t\t\t\t\tmax: 1\r\n\t\t\t\t\t\t}\r\n\t\t\t\t\t}\r\n\t\t\t\t});\r\n\t\t\t\t});\r\n\t\t\t\t});\r\n\t<\/script><div class=\"rd_img_carousel_ctn  hover_nav_style\" id=\"ic_6btlfcq4tog9ne32835n\"><div class=\"ic_nav\"><div class=\"ic_left\" ><\/div><div class=\"ic_right\" ><\/div><\/div><div class=\"rd_img_carousel\"><img width=\"1170\" height=\"655\" src=\"https:\/\/i0.wp.com\/stiti.it\/wp-content\/uploads\/2018\/10\/SEPARATORI_CICLONE.jpg?resize=1170%2C655&#038;ssl=1\" class=\"attachment-full\" alt=\"\" loading=\"lazy\" srcset=\"https:\/\/i0.wp.com\/stiti.it\/wp-content\/uploads\/2018\/10\/SEPARATORI_CICLONE.jpg?w=1830&amp;ssl=1 1830w, https:\/\/i0.wp.com\/stiti.it\/wp-content\/uploads\/2018\/10\/SEPARATORI_CICLONE.jpg?resize=300%2C168&amp;ssl=1 300w, https:\/\/i0.wp.com\/stiti.it\/wp-content\/uploads\/2018\/10\/SEPARATORI_CICLONE.jpg?resize=768%2C430&amp;ssl=1 768w, https:\/\/i0.wp.com\/stiti.it\/wp-content\/uploads\/2018\/10\/SEPARATORI_CICLONE.jpg?resize=1024%2C573&amp;ssl=1 1024w, https:\/\/i0.wp.com\/stiti.it\/wp-content\/uploads\/2018\/10\/SEPARATORI_CICLONE.jpg?resize=1536%2C859&amp;ssl=1 1536w\" sizes=\"(max-width: 1170px) 100vw, 1170px\" data-recalc-dims=\"1\" \/><img width=\"1024\" height=\"573\" src=\"https:\/\/i0.wp.com\/stiti.it\/wp-content\/uploads\/2022\/10\/Immagine-1-3.jpg?resize=1024%2C573&#038;ssl=1\" class=\"attachment-full\" alt=\"\" loading=\"lazy\" srcset=\"https:\/\/i0.wp.com\/stiti.it\/wp-content\/uploads\/2022\/10\/Immagine-1-3.jpg?w=1024&amp;ssl=1 1024w, https:\/\/i0.wp.com\/stiti.it\/wp-content\/uploads\/2022\/10\/Immagine-1-3.jpg?resize=300%2C168&amp;ssl=1 300w, https:\/\/i0.wp.com\/stiti.it\/wp-content\/uploads\/2022\/10\/Immagine-1-3.jpg?resize=768%2C430&amp;ssl=1 768w\" sizes=\"(max-width: 1024px) 100vw, 1024px\" data-recalc-dims=\"1\" \/><img width=\"1024\" height=\"573\" src=\"https:\/\/i0.wp.com\/stiti.it\/wp-content\/uploads\/2022\/10\/Immagine-2-3.jpg?resize=1024%2C573&#038;ssl=1\" class=\"attachment-full\" alt=\"\" loading=\"lazy\" srcset=\"https:\/\/i0.wp.com\/stiti.it\/wp-content\/uploads\/2022\/10\/Immagine-2-3.jpg?w=1024&amp;ssl=1 1024w, https:\/\/i0.wp.com\/stiti.it\/wp-content\/uploads\/2022\/10\/Immagine-2-3.jpg?resize=300%2C168&amp;ssl=1 300w, https:\/\/i0.wp.com\/stiti.it\/wp-content\/uploads\/2022\/10\/Immagine-2-3.jpg?resize=768%2C430&amp;ssl=1 768w\" sizes=\"(max-width: 1024px) 100vw, 1024px\" data-recalc-dims=\"1\" \/><\/div><\/div>[vc_row_inner][vc_column_inner width=&#8221;2\/3&#8243;][vc_column_text css=&#8221;.vc_custom_1540478989349{margin-top: 30px !important;}&#8221;]<\/p>\n<p style=\"text-align: justify;\"><span style=\"color: #000000;\">Die Zyklonentrenner (Zyklonenfilter), die von S.T.I.T.I. entwickelt und produziert werden, erm\u00f6glichen die Beseitigung von soliden und fl\u00fcssigen Partikeln aus einem Gas \u00fcber verschiedene Zyklonen.<\/span><\/p>\n<p>[\/vc_column_text][vc_column_text]<\/p>\n<p style=\"text-align: justify;\"><span style=\"color: #000000;\">Das Gas tritt in das Ger\u00e4t und durchquert die einzelnen Zyklonen. In jedem Zyklon schiebt eine Schleuderkraft die soliden und fl\u00fcssigen Partikel gegen die Zyklonenw\u00e4nde.<\/span><\/p>\n<p><span style=\"color: #000000;\">Das saubere Gas tritt von oben aus, w\u00e4hrend die (schwereren) Verschmutzungen aufgrund ihrer Schwerkraft im unten liegenden Bereich bleiben.<\/span><\/p>\n<p><span style=\"color: #000000;\">Es k\u00f6nnen Zyklonentrenner f\u00fcr alle operativen und normativen Anspr\u00fcche geliefert werden.<\/span>[\/vc_column_text][\/vc_column_inner][vc_column_inner width=&#8221;1\/3&#8243; css=&#8221;.vc_custom_1539759662222{margin-top: 50px !important;}&#8221;][vc_single_image image=&#8221;7628&#8243; img_size=&#8221;full&#8221; alignment=&#8221;center&#8221; onclick=&#8221;img_link_large&#8221; img_link_target=&#8221;_blank&#8221;][\/vc_column_inner][\/vc_row_inner][\/vc_column][\/vc_row]<\/p>\n","protected":false},"excerpt":{"rendered":"<p>[vc_row type=&#8221;full-width-content&#8221;][vc_column][vc_single_image image=&#8221;7359&#8243; img_size=&#8221;full&#8221; alignment=&#8221;center&#8221;][\/vc_column][\/vc_row][vc_row][vc_column width=&#8221;1\/4&#8243;][\/vc_column][vc_column width=&#8221;3\/4&#8243;][vc_custom_heading text=&#8221;Zyklonentrenner&#8221; font_container=&#8221;tag:h2|text_align:left|color:%230c397d&#8221; google_fonts=&#8221;font_family:Arimo%3Aregular%2Citalic%2C700%2C700italic|font_style:700%20bold%20regular%3A700%3Anormal&#8221;][\/vc_column][\/vc_row][vc_row css=&#8221;.vc_custom_1540203738321{margin-top: -40px !important;}&#8221;][vc_column width=&#8221;1\/4&#8243; el_class=&#8221;menu-products&#8221; offset=&#8221;vc_hidden-sm vc_hidden-xs&#8221;]GASANLAGENANLAGEN F\u00dcR FL\u00dcSSIGKEITENFILTER MIT EINSATZDOPPELSTUFIGE TRENNFILTERZYKLONENTRENNERK.O. DRUMSW\u00c4RMETAUSCHERODORIERUNG VORRICHTUNGENLANCIERUNGSABSCHEIDERKALTE FACKELNHYDRAULIKKONTROLLENSCHNELLVERSCHL\u00dcSSE QOCSTAHLKONSTRUKTIONEN[\/vc_column][vc_column width=&#8221;3\/4&#8243;][vc_row_inner][vc_column_inner width=&#8221;2\/3&#8243;][vc_column_text css=&#8221;.vc_custom_1540478989349{margin-top: 30px !important;}&#8221;] Die Zyklonentrenner (Zyklonenfilter), die von S.T.I.T.I. entwickelt und produziert werden, erm\u00f6glichen die Beseitigung von soliden und fl\u00fcssigen Partikeln aus einem Gas \u00fcber verschiedene Zyklonen.<br \/><a href=\"https:\/\/stiti.it\/index.php\/de\/zyklonentrenner\/\" class=\"more\">Read more<\/a><\/p>\n","protected":false},"author":1,"featured_media":0,"parent":0,"menu_order":0,"comment_status":"closed","ping_status":"closed","template":"","meta":[],"_links":{"self":[{"href":"https:\/\/stiti.it\/index.php\/wp-json\/wp\/v2\/pages\/8298"}],"collection":[{"href":"https:\/\/stiti.it\/index.php\/wp-json\/wp\/v2\/pages"}],"about":[{"href":"https:\/\/stiti.it\/index.php\/wp-json\/wp\/v2\/types\/page"}],"author":[{"embeddable":true,"href":"https:\/\/stiti.it\/index.php\/wp-json\/wp\/v2\/users\/1"}],"replies":[{"embeddable":true,"href":"https:\/\/stiti.it\/index.php\/wp-json\/wp\/v2\/comments?post=8298"}],"version-history":[{"count":6,"href":"https:\/\/stiti.it\/index.php\/wp-json\/wp\/v2\/pages\/8298\/revisions"}],"predecessor-version":[{"id":9725,"href":"https:\/\/stiti.it\/index.php\/wp-json\/wp\/v2\/pages\/8298\/revisions\/9725"}],"wp:attachment":[{"href":"https:\/\/stiti.it\/index.php\/wp-json\/wp\/v2\/media?parent=8298"}],"curies":[{"name":"wp","href":"https:\/\/api.w.org\/{rel}","templated":true}]}}