{"id":8295,"date":"2018-10-25T14:46:20","date_gmt":"2018-10-25T14:46:20","guid":{"rendered":"http:\/\/stiti.it\/?page_id=8295"},"modified":"2020-07-10T09:01:28","modified_gmt":"2020-07-10T09:01:28","slug":"doppelstufige-trennfilter","status":"publish","type":"page","link":"https:\/\/stiti.it\/index.php\/de\/doppelstufige-trennfilter\/","title":{"rendered":"DOPPELSTUFIGE TRENNFILTER"},"content":{"rendered":"<p>[vc_row type=&#8221;full-width-content&#8221;][vc_column][vc_single_image image=&#8221;7359&#8243; img_size=&#8221;full&#8221; alignment=&#8221;center&#8221;][\/vc_column][\/vc_row][vc_row][vc_column width=&#8221;1\/4&#8243;][\/vc_column][vc_column width=&#8221;3\/4&#8243;][vc_custom_heading text=&#8221;Doppelstufige trennfilter&#8221; font_container=&#8221;tag:h2|text_align:left|color:%230c397d&#8221; google_fonts=&#8221;font_family:Arimo%3Aregular%2Citalic%2C700%2C700italic|font_style:700%20bold%20regular%3A700%3Anormal&#8221;][\/vc_column][\/vc_row][vc_row css=&#8221;.vc_custom_1540203714593{margin-top: -40px !important;}&#8221;][vc_column width=&#8221;1\/4&#8243; el_class=&#8221;menu-products&#8221; offset=&#8221;vc_hidden-sm vc_hidden-xs&#8221;]<style>#b_hefgere7kblg5gp4cezj a{color:#000000; background:; border-style:solid; border-color:#000000; margin-top:0px; margin-bottom:0px;  margin-left:0px; margin-right:0px; font-weight:700; border-radius:0px;}#b_hefgere7kblg5gp4cezj a:hover{color:#ffffff ; background:#0c397d ; border-color:#0c397d;}<\/style><div class=\"ta_center tf_btn_pos\" id=\"b_hefgere7kblg5gp4cezj\" ><a class=\"rd_stroke_bt mediumlarge_rd_bt border_1px  \" href=\"http:\/\/stiti.it\/index.php\/de\/gasanlagen\/\" target=\"\" >GASANLAGEN<\/a><\/div><style>#b_cup6t9j03wxhej93brrj a{color:#000000; background:; border-style:solid; border-color:#000000; margin-top:10px; margin-bottom:10px;  margin-left:0px; margin-right:0px; font-weight:700; border-radius:0px;}#b_cup6t9j03wxhej93brrj a:hover{color:#ffffff ; background:#0c397d ; border-color:#0c397d;}<\/style><div class=\"ta_center tf_btn_pos\" id=\"b_cup6t9j03wxhej93brrj\" ><a class=\"rd_stroke_bt mediumlarge_rd_bt border_1px  \" href=\"http:\/\/stiti.it\/index.php\/de\/anlagen-fur-flussigkeiten\/\" target=\"\" >ANLAGEN F\u00dcR FL\u00dcSSIGKEITEN<\/a><\/div><style>#b_chgn3vb2d01t4ngyqh7q a{color:#000000; background:; border-style:solid; border-color:#000000; margin-top:10px; margin-bottom:10px;  margin-left:0px; margin-right:0px; font-weight:700; border-radius:0px;}#b_chgn3vb2d01t4ngyqh7q a:hover{color:#ffffff ; background:#0c397d ; border-color:#0c397d;}<\/style><div class=\"ta_center tf_btn_pos\" id=\"b_chgn3vb2d01t4ngyqh7q\" ><a class=\"rd_stroke_bt mediumlarge_rd_bt border_1px  \" href=\"http:\/\/stiti.it\/index.php\/de\/filter-mit-einsatz\/\" target=\"\" >FILTER MIT EINSATZ<\/a><\/div><style>#b_2al36pccnnaz4vekdbaw a{color:#000000; background:; border-style:solid; border-color:#000000; margin-top:10px; margin-bottom:10px;  margin-left:0px; margin-right:0px; font-weight:700; border-radius:0px;}#b_2al36pccnnaz4vekdbaw a:hover{color:#ffffff ; background:#0c397d ; border-color:#0c397d;}<\/style><div class=\"ta_center tf_btn_pos\" id=\"b_2al36pccnnaz4vekdbaw\" ><a class=\"rd_stroke_bt mediumlarge_rd_bt border_1px  \" href=\"http:\/\/stiti.it\/index.php\/de\/doppelstufige-trennfilter\/\" target=\"\" >DOPPELSTUFIGE TRENNFILTER<\/a><\/div><style>#b_3wuz80f1b14hjuqt2xwc a{color:#000000; background:; border-style:solid; border-color:#000000; margin-top:10px; margin-bottom:10px;  margin-left:0px; margin-right:0px; font-weight:700; border-radius:0px;}#b_3wuz80f1b14hjuqt2xwc a:hover{color:#ffffff ; background:#0c397d ; border-color:#0c397d;}<\/style><div class=\"ta_center tf_btn_pos\" id=\"b_3wuz80f1b14hjuqt2xwc\" ><a class=\"rd_stroke_bt mediumlarge_rd_bt border_1px  \" href=\"http:\/\/stiti.it\/index.php\/de\/zyklonentrenner\/\" target=\"\" >ZYKLONENTRENNER<\/a><\/div><style>#b_qo0vp7sclfal0d98fiu3 a{color:#000000; background:; border-style:solid; border-color:#000000; margin-top:10px; margin-bottom:10px;  margin-left:0px; margin-right:0px; font-weight:700; border-radius:0px;}#b_qo0vp7sclfal0d98fiu3 a:hover{color:#ffffff ; background:#0c397d ; border-color:#0c397d;}<\/style><div class=\"ta_center tf_btn_pos\" id=\"b_qo0vp7sclfal0d98fiu3\" ><a class=\"rd_stroke_bt mediumlarge_rd_bt border_1px  \" href=\"http:\/\/stiti.it\/index.php\/de\/k-o-drums-4\/\" target=\"\" >K.O. DRUMS<\/a><\/div><style>#b_6orjshifng82ypjyc9wz a{color:#000000; background:; border-style:solid; border-color:#000000; margin-top:10px; margin-bottom:10px;  margin-left:0px; margin-right:0px; font-weight:700; border-radius:0px;}#b_6orjshifng82ypjyc9wz a:hover{color:#ffffff ; background:#0c397d ; border-color:#0c397d;}<\/style><div class=\"ta_center tf_btn_pos\" id=\"b_6orjshifng82ypjyc9wz\" ><a class=\"rd_stroke_bt mediumlarge_rd_bt border_1px  \" href=\"http:\/\/stiti.it\/index.php\/de\/warmetauscher\/\" target=\"\" >W\u00c4RMETAUSCHER<\/a><\/div><style>#b_zr17nzaoxcw4y1hz5o5p a{color:#000000; background:; border-style:solid; border-color:#000000; margin-top:10px; margin-bottom:10px;  margin-left:0px; margin-right:0px; font-weight:700; border-radius:0px;}#b_zr17nzaoxcw4y1hz5o5p a:hover{color:#ffffff ; background:#0c397d ; border-color:#0c397d;}<\/style><div class=\"ta_center tf_btn_pos\" id=\"b_zr17nzaoxcw4y1hz5o5p\" ><a class=\"rd_stroke_bt mediumlarge_rd_bt border_1px  \" href=\"http:\/\/stiti.it\/index.php\/de\/odorierung-vorrichtungen\/\" target=\"\" >ODORIERUNG VORRICHTUNGEN<\/a><\/div><style>#b_gfva5pi9suqu8561ssqp a{color:#000000; background:; border-style:solid; border-color:#000000; margin-top:10px; margin-bottom:10px;  margin-left:0px; margin-right:0px; font-weight:700; border-radius:0px;}#b_gfva5pi9suqu8561ssqp a:hover{color:#ffffff ; background:#0c397d ; border-color:#0c397d;}<\/style><div class=\"ta_center tf_btn_pos\" id=\"b_gfva5pi9suqu8561ssqp\" ><a class=\"rd_stroke_bt mediumlarge_rd_bt border_1px  \" href=\"http:\/\/stiti.it\/index.php\/de\/lancierungsfallen-und-pig-empfang\/\" target=\"\" >LANCIERUNGSABSCHEIDER<\/a><\/div><style>#b_y3skr8mynv8jud2gn7ca a{color:#000000; background:; border-style:solid; border-color:#000000; margin-top:10px; margin-bottom:10px;  margin-left:0px; margin-right:0px; font-weight:700; border-radius:0px;}#b_y3skr8mynv8jud2gn7ca a:hover{color:#ffffff ; background:#0c397d ; border-color:#0c397d;}<\/style><div class=\"ta_center tf_btn_pos\" id=\"b_y3skr8mynv8jud2gn7ca\" ><a class=\"rd_stroke_bt mediumlarge_rd_bt border_1px  \" href=\"http:\/\/stiti.it\/index.php\/de\/kalte-fackeln\/\" target=\"\" >KALTE FACKELN<\/a><\/div><style>#b_f4u5iwtm1rkwvjm0xdpi a{color:#000000; background:; border-style:solid; border-color:#000000; margin-top:10px; margin-bottom:10px;  margin-left:0px; margin-right:0px; font-weight:700; border-radius:0px;}#b_f4u5iwtm1rkwvjm0xdpi a:hover{color:#ffffff ; background:#0c397d ; border-color:#0c397d;}<\/style><div class=\"ta_center tf_btn_pos\" id=\"b_f4u5iwtm1rkwvjm0xdpi\" ><a class=\"rd_stroke_bt mediumlarge_rd_bt border_1px  \" href=\"http:\/\/stiti.it\/index.php\/de\/hydraulikkontrollen\/\" target=\"\" >HYDRAULIKKONTROLLEN<\/a><\/div><style>#b_ndbqke24kuk40mm56jgt a{color:#000000; background:; border-style:solid; border-color:#000000; margin-top:10px; margin-bottom:10px;  margin-left:0px; margin-right:0px; font-weight:700; border-radius:0px;}#b_ndbqke24kuk40mm56jgt a:hover{color:#ffffff ; background:#0c397d ; border-color:#0c397d;}<\/style><div class=\"ta_center tf_btn_pos\" id=\"b_ndbqke24kuk40mm56jgt\" ><a class=\"rd_stroke_bt mediumlarge_rd_bt border_1px  \" href=\"http:\/\/stiti.it\/index.php\/de\/schnellverschlusse-qoc\/\" target=\"\" >SCHNELLVERSCHL\u00dcSSE QOC<\/a><\/div><style>#b_mf0fccltthjnov0lf8n3 a{color:#000000; background:; border-style:solid; border-color:#000000; margin-top:10px; margin-bottom:10px;  margin-left:0px; margin-right:0px; font-weight:700; border-radius:0px;}#b_mf0fccltthjnov0lf8n3 a:hover{color:#ffffff ; background:#0c397d ; border-color:#0c397d;}<\/style><div class=\"ta_center tf_btn_pos\" id=\"b_mf0fccltthjnov0lf8n3\" ><a class=\"rd_stroke_bt mediumlarge_rd_bt border_1px  \" href=\"http:\/\/stiti.it\/index.php\/de\/stahlkonstruktionen\/\" target=\"\" >STAHLKONSTRUKTIONEN<\/a><\/div>[\/vc_column][vc_column width=&#8221;3\/4&#8243;]<style>#ic_psieij642hik3tqcmg0l {margin:0px auto 0px; }#ic_psieij642hik3tqcmg0l .ic_left,#ic_psieij642hik3tqcmg0l .ic_right,#ic_psieij642hik3tqcmg0l .ic_left:after,#ic_psieij642hik3tqcmg0l .ic_right:after{border-color:#ecf0f1; background:#ffffff; color:#a1b1bc; }#ic_psieij642hik3tqcmg0l .ic_left:hover,#ic_psieij642hik3tqcmg0l .ic_right:hover,#ic_psieij642hik3tqcmg0l .ic_left:hover:after,#ic_psieij642hik3tqcmg0l .ic_right:hover:after{background:#f9fafb; color:#2c3e50; }#ic_psieij642hik3tqcmg0l .rd_ic_pager a{border-color:#ecf0f1; background:#ffffff; color:#a1b1bc; }#ic_psieij642hik3tqcmg0l .rd_ic_pager a:hover{border-color:#288bd0; background:#288bd0; color:#ffffff; }<\/style><script type=\"text\/javascript\" charset=\"utf-8\">\r\n\t\t\t\t\r\n\t\tjQuery.noConflict();\r\n\t\/\/setup up Carousel\r\n\t\tjQuery(document).ready(function($) {\t\r\n\t\t\t\r\n\t\t\"use strict\";\r\n\t\t\r\n\t\t\t$(window).load(function(){\r\n\t\t$(\"#ic_psieij642hik3tqcmg0l .rd_img_carousel\").carouFredSel({\r\n\t\t\t\t\t\r\n\t\t\t\t\tresponsive: true,\r\n\t\t\t\t\twidth: \"100%\",scroll:  { items:1,duration: 800},\r\n\t\t\t\t\tauto: true,\r\n\t\t\t\t\tprev: \"#ic_psieij642hik3tqcmg0l .ic_left\",\r\n\t\t\t\t\tnext: \"#ic_psieij642hik3tqcmg0l .ic_right\",\r\n\t\t\t\t\tpagination: \"#ic_psieij642hik3tqcmg0l_pager\",\r\n\t\t\t\t\theight : \"variable\",\r\n\t\t\t\t\tswipe       : {\r\n             \t\t   onTouch     : true,\r\n\t\t               onMouse     : false\r\n        \t\t    },\r\n\t\t\t\t\titems: {\r\n\t\t\t\t\theight : \"variable\",\r\n\t\t\t\t\t\tvisible: {\r\n\t\t\t\t\t\t\tmin: 1,\r\n\t\t\t\t\t\t\tmax: 1\r\n\t\t\t\t\t\t}\r\n\t\t\t\t\t}\r\n\t\t\t\t});\r\n\t\t\t\t});\r\n\t\t\t\t});\r\n\t<\/script><div class=\"rd_img_carousel_ctn  hover_nav_style\" id=\"ic_psieij642hik3tqcmg0l\"><div class=\"ic_nav\"><div class=\"ic_left\" ><\/div><div class=\"ic_right\" ><\/div><\/div><div class=\"rd_img_carousel\"><img width=\"1170\" height=\"878\" src=\"https:\/\/i0.wp.com\/stiti.it\/wp-content\/uploads\/2020\/07\/IMG_9359-min-3.jpg?resize=1170%2C878&#038;ssl=1\" class=\"attachment-full\" alt=\"\" loading=\"lazy\" srcset=\"https:\/\/i0.wp.com\/stiti.it\/wp-content\/uploads\/2020\/07\/IMG_9359-min-3.jpg?w=4032&amp;ssl=1 4032w, https:\/\/i0.wp.com\/stiti.it\/wp-content\/uploads\/2020\/07\/IMG_9359-min-3.jpg?resize=300%2C225&amp;ssl=1 300w, https:\/\/i0.wp.com\/stiti.it\/wp-content\/uploads\/2020\/07\/IMG_9359-min-3.jpg?resize=768%2C576&amp;ssl=1 768w, https:\/\/i0.wp.com\/stiti.it\/wp-content\/uploads\/2020\/07\/IMG_9359-min-3.jpg?resize=1024%2C768&amp;ssl=1 1024w, https:\/\/i0.wp.com\/stiti.it\/wp-content\/uploads\/2020\/07\/IMG_9359-min-3.jpg?resize=1536%2C1152&amp;ssl=1 1536w, https:\/\/i0.wp.com\/stiti.it\/wp-content\/uploads\/2020\/07\/IMG_9359-min-3.jpg?resize=2048%2C1536&amp;ssl=1 2048w, https:\/\/i0.wp.com\/stiti.it\/wp-content\/uploads\/2020\/07\/IMG_9359-min-3.jpg?w=2340&amp;ssl=1 2340w, https:\/\/i0.wp.com\/stiti.it\/wp-content\/uploads\/2020\/07\/IMG_9359-min-3.jpg?w=3510&amp;ssl=1 3510w\" sizes=\"(max-width: 1170px) 100vw, 1170px\" data-recalc-dims=\"1\" \/><img width=\"1170\" height=\"878\" src=\"https:\/\/i0.wp.com\/stiti.it\/wp-content\/uploads\/2020\/07\/IMG_9340-min-3.jpg?resize=1170%2C878&#038;ssl=1\" class=\"attachment-full\" alt=\"\" loading=\"lazy\" srcset=\"https:\/\/i0.wp.com\/stiti.it\/wp-content\/uploads\/2020\/07\/IMG_9340-min-3.jpg?w=4032&amp;ssl=1 4032w, https:\/\/i0.wp.com\/stiti.it\/wp-content\/uploads\/2020\/07\/IMG_9340-min-3.jpg?resize=300%2C225&amp;ssl=1 300w, https:\/\/i0.wp.com\/stiti.it\/wp-content\/uploads\/2020\/07\/IMG_9340-min-3.jpg?resize=768%2C576&amp;ssl=1 768w, https:\/\/i0.wp.com\/stiti.it\/wp-content\/uploads\/2020\/07\/IMG_9340-min-3.jpg?resize=1024%2C768&amp;ssl=1 1024w, https:\/\/i0.wp.com\/stiti.it\/wp-content\/uploads\/2020\/07\/IMG_9340-min-3.jpg?resize=1536%2C1152&amp;ssl=1 1536w, https:\/\/i0.wp.com\/stiti.it\/wp-content\/uploads\/2020\/07\/IMG_9340-min-3.jpg?resize=2048%2C1536&amp;ssl=1 2048w, https:\/\/i0.wp.com\/stiti.it\/wp-content\/uploads\/2020\/07\/IMG_9340-min-3.jpg?w=2340&amp;ssl=1 2340w, https:\/\/i0.wp.com\/stiti.it\/wp-content\/uploads\/2020\/07\/IMG_9340-min-3.jpg?w=3510&amp;ssl=1 3510w\" sizes=\"(max-width: 1170px) 100vw, 1170px\" data-recalc-dims=\"1\" \/><img width=\"1170\" height=\"655\" src=\"https:\/\/i0.wp.com\/stiti.it\/wp-content\/uploads\/2018\/10\/filtri-separatori_def.jpg?resize=1170%2C655&#038;ssl=1\" class=\"attachment-full\" alt=\"\" loading=\"lazy\" srcset=\"https:\/\/i0.wp.com\/stiti.it\/wp-content\/uploads\/2018\/10\/filtri-separatori_def.jpg?w=1830&amp;ssl=1 1830w, https:\/\/i0.wp.com\/stiti.it\/wp-content\/uploads\/2018\/10\/filtri-separatori_def.jpg?resize=300%2C168&amp;ssl=1 300w, https:\/\/i0.wp.com\/stiti.it\/wp-content\/uploads\/2018\/10\/filtri-separatori_def.jpg?resize=768%2C430&amp;ssl=1 768w, https:\/\/i0.wp.com\/stiti.it\/wp-content\/uploads\/2018\/10\/filtri-separatori_def.jpg?resize=1024%2C573&amp;ssl=1 1024w, https:\/\/i0.wp.com\/stiti.it\/wp-content\/uploads\/2018\/10\/filtri-separatori_def.jpg?resize=1536%2C859&amp;ssl=1 1536w\" sizes=\"(max-width: 1170px) 100vw, 1170px\" data-recalc-dims=\"1\" \/><img width=\"1170\" height=\"655\" src=\"https:\/\/i0.wp.com\/stiti.it\/wp-content\/uploads\/2018\/10\/filtri-separatori_def1.jpg?resize=1170%2C655&#038;ssl=1\" class=\"attachment-full\" alt=\"\" loading=\"lazy\" srcset=\"https:\/\/i0.wp.com\/stiti.it\/wp-content\/uploads\/2018\/10\/filtri-separatori_def1.jpg?w=1830&amp;ssl=1 1830w, https:\/\/i0.wp.com\/stiti.it\/wp-content\/uploads\/2018\/10\/filtri-separatori_def1.jpg?resize=300%2C168&amp;ssl=1 300w, https:\/\/i0.wp.com\/stiti.it\/wp-content\/uploads\/2018\/10\/filtri-separatori_def1.jpg?resize=768%2C430&amp;ssl=1 768w, https:\/\/i0.wp.com\/stiti.it\/wp-content\/uploads\/2018\/10\/filtri-separatori_def1.jpg?resize=1024%2C573&amp;ssl=1 1024w, https:\/\/i0.wp.com\/stiti.it\/wp-content\/uploads\/2018\/10\/filtri-separatori_def1.jpg?resize=1536%2C859&amp;ssl=1 1536w\" sizes=\"(max-width: 1170px) 100vw, 1170px\" data-recalc-dims=\"1\" \/><\/div><\/div>[vc_column_text css=&#8221;.vc_custom_1540478718413{margin-top: 30px !important;}&#8221;]<\/p>\n<p style=\"text-align: justify;\"><span style=\"color: #000000;\">Die von S.T.I.T.I. entwickelten und gebauten Trennfilter erm\u00f6glichen die Beseitigung der soliden und fl\u00fcssigen Partikel aus einem Gas \u00fcber die Anwendung von zwei Filtrierungsstufen.<\/span><\/p>\n<p><span style=\"color: #000000;\">Die zweistufigen Trennfilter k\u00f6nnen wie folgt entwickelt werden:<\/span>[\/vc_column_text][vc_row_inner][vc_column_inner width=&#8221;1\/2&#8243;][vc_column_text]<\/p>\n<p class=\"contenuto_pagina12\"><span style=\"color: #000000;\">A. Filtereins\u00e4tze f\u00fcr die erste Druckreduzierung und Lamellenpaket f\u00fcr die zweite Druckreduzierung.<\/span><\/p>\n<p>[\/vc_column_text][vc_single_image image=&#8221;7616&#8243; img_size=&#8221;medium&#8221; alignment=&#8221;center&#8221; css=&#8221;.vc_custom_1540302487604{margin-top: 50px !important;}&#8221;][\/vc_column_inner][vc_column_inner width=&#8221;1\/2&#8243;][vc_column_text]<\/p>\n<p class=\"contenuto_pagina12\"><span style=\"color: #000000;\">B.\u00a0Minizyklonen f\u00fcr die erste Druckreduzierung und Eins\u00e4tze f\u00fcr die zweite Druckreduzierung.<\/span><\/p>\n<p>[\/vc_column_text][vc_single_image image=&#8221;8051&#8243; img_size=&#8221;medium&#8221; alignment=&#8221;center&#8221;][\/vc_column_inner][\/vc_row_inner][vc_row_inner][vc_column_inner][vc_column_text]<\/p>\n<p class=\"contenuto_pagina12\"><span style=\"color: #000000;\">Die doppelstufigen Trennfilter sind mit einer schnellen \u00d6ffnungs- und Schlie\u00dfvorrichtung ausgestattet und k\u00f6nnen auf Skid montiert geliefert werden (skid mounted).<\/span><br \/>\n<span style=\"color: #000000;\">Es k\u00f6nnen Trennfilter f\u00fcr alle operativen und normativen Anspr\u00fcche geliefert werden.<\/span><\/p>\n<p>[\/vc_column_text][\/vc_column_inner][\/vc_row_inner][\/vc_column][\/vc_row]<\/p>\n","protected":false},"excerpt":{"rendered":"<p>[vc_row type=&#8221;full-width-content&#8221;][vc_column][vc_single_image image=&#8221;7359&#8243; img_size=&#8221;full&#8221; alignment=&#8221;center&#8221;][\/vc_column][\/vc_row][vc_row][vc_column width=&#8221;1\/4&#8243;][\/vc_column][vc_column width=&#8221;3\/4&#8243;][vc_custom_heading text=&#8221;Doppelstufige trennfilter&#8221; font_container=&#8221;tag:h2|text_align:left|color:%230c397d&#8221; google_fonts=&#8221;font_family:Arimo%3Aregular%2Citalic%2C700%2C700italic|font_style:700%20bold%20regular%3A700%3Anormal&#8221;][\/vc_column][\/vc_row][vc_row css=&#8221;.vc_custom_1540203714593{margin-top: -40px !important;}&#8221;][vc_column width=&#8221;1\/4&#8243; el_class=&#8221;menu-products&#8221; offset=&#8221;vc_hidden-sm vc_hidden-xs&#8221;]GASANLAGENANLAGEN F\u00dcR FL\u00dcSSIGKEITENFILTER MIT EINSATZDOPPELSTUFIGE TRENNFILTERZYKLONENTRENNERK.O. DRUMSW\u00c4RMETAUSCHERODORIERUNG VORRICHTUNGENLANCIERUNGSABSCHEIDERKALTE FACKELNHYDRAULIKKONTROLLENSCHNELLVERSCHL\u00dcSSE QOCSTAHLKONSTRUKTIONEN[\/vc_column][vc_column width=&#8221;3\/4&#8243;][vc_column_text css=&#8221;.vc_custom_1540478718413{margin-top: 30px !important;}&#8221;] Die von S.T.I.T.I. entwickelten und gebauten Trennfilter erm\u00f6glichen die Beseitigung der soliden und fl\u00fcssigen Partikel aus einem Gas \u00fcber die Anwendung von zwei Filtrierungsstufen.<br \/><a href=\"https:\/\/stiti.it\/index.php\/de\/doppelstufige-trennfilter\/\" class=\"more\">Read more<\/a><\/p>\n","protected":false},"author":1,"featured_media":0,"parent":0,"menu_order":0,"comment_status":"closed","ping_status":"closed","template":"","meta":[],"_links":{"self":[{"href":"https:\/\/stiti.it\/index.php\/wp-json\/wp\/v2\/pages\/8295"}],"collection":[{"href":"https:\/\/stiti.it\/index.php\/wp-json\/wp\/v2\/pages"}],"about":[{"href":"https:\/\/stiti.it\/index.php\/wp-json\/wp\/v2\/types\/page"}],"author":[{"embeddable":true,"href":"https:\/\/stiti.it\/index.php\/wp-json\/wp\/v2\/users\/1"}],"replies":[{"embeddable":true,"href":"https:\/\/stiti.it\/index.php\/wp-json\/wp\/v2\/comments?post=8295"}],"version-history":[{"count":6,"href":"https:\/\/stiti.it\/index.php\/wp-json\/wp\/v2\/pages\/8295\/revisions"}],"predecessor-version":[{"id":9497,"href":"https:\/\/stiti.it\/index.php\/wp-json\/wp\/v2\/pages\/8295\/revisions\/9497"}],"wp:attachment":[{"href":"https:\/\/stiti.it\/index.php\/wp-json\/wp\/v2\/media?parent=8295"}],"curies":[{"name":"wp","href":"https:\/\/api.w.org\/{rel}","templated":true}]}}