{"id":8197,"date":"2018-10-24T15:00:37","date_gmt":"2018-10-24T15:00:37","guid":{"rendered":"http:\/\/stiti.it\/?page_id=8197"},"modified":"2018-12-04T09:57:22","modified_gmt":"2018-12-04T09:57:22","slug":"fermetures-rapides-qoc","status":"publish","type":"page","link":"https:\/\/stiti.it\/index.php\/fr\/fermetures-rapides-qoc\/","title":{"rendered":"FERMETURES RAPIDES QOC"},"content":{"rendered":"<p>[vc_row type=&#8221;full-width-content&#8221;][vc_column][vc_single_image image=&#8221;7359&#8243; img_size=&#8221;full&#8221; alignment=&#8221;center&#8221;][\/vc_column][\/vc_row][vc_row][vc_column width=&#8221;1\/4&#8243;][\/vc_column][vc_column width=&#8221;3\/4&#8243;][vc_custom_heading text=&#8221;Fermetures rapides qoc&#8221; font_container=&#8221;tag:h2|text_align:left|color:%230c397d&#8221; google_fonts=&#8221;font_family:Arimo%3Aregular%2Citalic%2C700%2C700italic|font_style:700%20bold%20regular%3A700%3Anormal&#8221;][\/vc_column][\/vc_row][vc_row css=&#8221;.vc_custom_1540204141106{margin-top: -40px !important;}&#8221;][vc_column width=&#8221;1\/4&#8243; el_class=&#8221;menu-products&#8221; offset=&#8221;vc_hidden-sm vc_hidden-xs&#8221;]<style>#b_det37jt40micjk8lhziv a{color:#000000; background:; border-style:solid; border-color:#000000; margin-top:0px; margin-bottom:0px;  margin-left:0px; margin-right:0px; font-weight:700; border-radius:0px;}#b_det37jt40micjk8lhziv a:hover{color:#ffffff ; background:#0c397d ; border-color:#0c397d;}<\/style><div class=\"ta_center tf_btn_pos\" id=\"b_det37jt40micjk8lhziv\" ><a class=\"rd_stroke_bt mediumlarge_rd_bt border_1px  \" href=\"http:\/\/stiti.it\/index.php\/fr\/usines-a-gaz\/\" target=\"\" >USINES A GAZ<\/a><\/div><style>#b_w80btp5bmbac58b7gwcl a{color:#000000; background:; border-style:solid; border-color:#000000; margin-top:10px; margin-bottom:10px;  margin-left:0px; margin-right:0px; font-weight:700; border-radius:0px;}#b_w80btp5bmbac58b7gwcl a:hover{color:#ffffff ; background:#0c397d ; border-color:#0c397d;}<\/style><div class=\"ta_center tf_btn_pos\" id=\"b_w80btp5bmbac58b7gwcl\" ><a class=\"rd_stroke_bt mediumlarge_rd_bt border_1px  \" href=\"http:\/\/stiti.it\/index.php\/fr\/stations-de-traitement-de-produits-liquides\/\" target=\"\" >STATIONS DE TRAITEMENT DE PRODUITS LIQUIDES<\/a><\/div><style>#b_8z0zqj0rvm3fvr9vjz7m a{color:#000000; background:; border-style:solid; border-color:#000000; margin-top:10px; margin-bottom:10px;  margin-left:0px; margin-right:0px; font-weight:700; border-radius:0px;}#b_8z0zqj0rvm3fvr9vjz7m a:hover{color:#ffffff ; background:#0c397d ; border-color:#0c397d;}<\/style><div class=\"ta_center tf_btn_pos\" id=\"b_8z0zqj0rvm3fvr9vjz7m\" ><a class=\"rd_stroke_bt mediumlarge_rd_bt border_1px  \" href=\"http:\/\/stiti.it\/index.php\/fr\/filtres-a-cartouche\/\" target=\"\" >FILTRES A CARTOUCHE<\/a><\/div><style>#b_gxjkupnr4h9ock7wc1ay a{color:#000000; background:; border-style:solid; border-color:#000000; margin-top:10px; margin-bottom:10px;  margin-left:0px; margin-right:0px; font-weight:700; border-radius:0px;}#b_gxjkupnr4h9ock7wc1ay a:hover{color:#ffffff ; background:#0c397d ; border-color:#0c397d;}<\/style><div class=\"ta_center tf_btn_pos\" id=\"b_gxjkupnr4h9ock7wc1ay\" ><a class=\"rd_stroke_bt mediumlarge_rd_bt border_1px  \" href=\"http:\/\/stiti.it\/index.php\/fr\/filtres-separateurs-a-deux-etages\/\" target=\"\" >FILTERS S\u00c9PARATORS<\/a><\/div><style>#b_fvufa66h511mirhfuu0o a{color:#000000; background:; border-style:solid; border-color:#000000; margin-top:10px; margin-bottom:10px;  margin-left:0px; margin-right:0px; font-weight:700; border-radius:0px;}#b_fvufa66h511mirhfuu0o a:hover{color:#ffffff ; background:#0c397d ; border-color:#0c397d;}<\/style><div class=\"ta_center tf_btn_pos\" id=\"b_fvufa66h511mirhfuu0o\" ><a class=\"rd_stroke_bt mediumlarge_rd_bt border_1px  \" href=\"http:\/\/stiti.it\/index.php\/fr\/separateurs-a-cyclones\/\" target=\"\" >SEPARATEURS A CYCLONES<\/a><\/div><style>#b_7ne4cj72r713yj5qbbks a{color:#000000; background:; border-style:solid; border-color:#000000; margin-top:10px; margin-bottom:10px;  margin-left:0px; margin-right:0px; font-weight:700; border-radius:0px;}#b_7ne4cj72r713yj5qbbks a:hover{color:#ffffff ; background:#0c397d ; border-color:#0c397d;}<\/style><div class=\"ta_center tf_btn_pos\" id=\"b_7ne4cj72r713yj5qbbks\" ><a class=\"rd_stroke_bt mediumlarge_rd_bt border_1px  \" href=\"http:\/\/stiti.it\/index.php\/fr\/k-o-drums-3\/\" target=\"\" >K.O. DRUMS<\/a><\/div><style>#b_2opwy97ynsfhwdsc8llr a{color:#000000; background:; border-style:solid; border-color:#000000; margin-top:10px; margin-bottom:10px;  margin-left:0px; margin-right:0px; font-weight:700; border-radius:0px;}#b_2opwy97ynsfhwdsc8llr a:hover{color:#ffffff ; background:#0c397d ; border-color:#0c397d;}<\/style><div class=\"ta_center tf_btn_pos\" id=\"b_2opwy97ynsfhwdsc8llr\" ><a class=\"rd_stroke_bt mediumlarge_rd_bt border_1px  \" href=\"http:\/\/stiti.it\/index.php\/fr\/echangeurs-thermiques\/\" target=\"\" >ECHANGEURS THERMIQUES<\/a><\/div><style>#b_d85l6s8wmbdoob52qozh a{color:#000000; background:; border-style:solid; border-color:#000000; margin-top:10px; margin-bottom:10px;  margin-left:0px; margin-right:0px; font-weight:700; border-radius:0px;}#b_d85l6s8wmbdoob52qozh a:hover{color:#ffffff ; background:#0c397d ; border-color:#0c397d;}<\/style><div class=\"ta_center tf_btn_pos\" id=\"b_d85l6s8wmbdoob52qozh\" ><a class=\"rd_stroke_bt mediumlarge_rd_bt border_1px  \" href=\"http:\/\/stiti.it\/index.php\/fr\/odoriseur\/\" target=\"\" >ODORISEURS<\/a><\/div><style>#b_roloykxhgg1t87tgch4k a{color:#000000; background:; border-style:solid; border-color:#000000; margin-top:10px; margin-bottom:10px;  margin-left:0px; margin-right:0px; font-weight:700; border-radius:0px;}#b_roloykxhgg1t87tgch4k a:hover{color:#ffffff ; background:#0c397d ; border-color:#0c397d;}<\/style><div class=\"ta_center tf_btn_pos\" id=\"b_roloykxhgg1t87tgch4k\" ><a class=\"rd_stroke_bt mediumlarge_rd_bt border_1px  \" href=\"http:\/\/stiti.it\/index.php\/fr\/gare\/\" target=\"\" >GARES<\/a><\/div><style>#b_ebqpu24hm8n04sipnz4s a{color:#000000; background:; border-style:solid; border-color:#000000; margin-top:10px; margin-bottom:10px;  margin-left:0px; margin-right:0px; font-weight:700; border-radius:0px;}#b_ebqpu24hm8n04sipnz4s a:hover{color:#ffffff ; background:#0c397d ; border-color:#0c397d;}<\/style><div class=\"ta_center tf_btn_pos\" id=\"b_ebqpu24hm8n04sipnz4s\" ><a class=\"rd_stroke_bt mediumlarge_rd_bt border_1px  \" href=\"http:\/\/stiti.it\/index.php\/fr\/torches-froides\/\" target=\"\" >TORCHES FROIDES<\/a><\/div><style>#b_8by4560wzj6ue72ssufp a{color:#000000; background:; border-style:solid; border-color:#000000; margin-top:10px; margin-bottom:10px;  margin-left:0px; margin-right:0px; font-weight:700; border-radius:0px;}#b_8by4560wzj6ue72ssufp a:hover{color:#ffffff ; background:#0c397d ; border-color:#0c397d;}<\/style><div class=\"ta_center tf_btn_pos\" id=\"b_8by4560wzj6ue72ssufp\" ><a class=\"rd_stroke_bt mediumlarge_rd_bt border_1px  \" href=\"http:\/\/stiti.it\/index.php\/fr\/gardes-hydrauliques\/\" target=\"\" >GARDES HYDRAULIQUES<\/a><\/div><style>#b_u68ugza0fmv4x3k86j2h a{color:#000000; background:; border-style:solid; border-color:#000000; margin-top:10px; margin-bottom:10px;  margin-left:0px; margin-right:0px; font-weight:700; border-radius:0px;}#b_u68ugza0fmv4x3k86j2h a:hover{color:#ffffff ; background:#0c397d ; border-color:#0c397d;}<\/style><div class=\"ta_center tf_btn_pos\" id=\"b_u68ugza0fmv4x3k86j2h\" ><a class=\"rd_stroke_bt mediumlarge_rd_bt border_1px  \" href=\"http:\/\/stiti.it\/index.php\/fr\/fermetures-rapides-qoc\/\" target=\"\" >FERMETURES RAPIDES QOC<\/a><\/div><style>#b_cbysh8ddnnzij74txvvg a{color:#000000; background:; border-style:solid; border-color:#000000; margin-top:10px; margin-bottom:10px;  margin-left:0px; margin-right:0px; font-weight:700; border-radius:0px;}#b_cbysh8ddnnzij74txvvg a:hover{color:#ffffff ; background:#0c397d ; border-color:#0c397d;}<\/style><div class=\"ta_center tf_btn_pos\" id=\"b_cbysh8ddnnzij74txvvg\" ><a class=\"rd_stroke_bt mediumlarge_rd_bt border_1px  \" href=\"http:\/\/stiti.it\/index.php\/fr\/structures-en-acier\/\" target=\"\" >STRUCTURES EN ACIER<\/a><\/div>[\/vc_column][vc_column width=&#8221;3\/4&#8243;]<style>#ic_lbvs1ft5zq1e5cl2xlmk {margin:0px auto 0px; }#ic_lbvs1ft5zq1e5cl2xlmk .ic_left,#ic_lbvs1ft5zq1e5cl2xlmk .ic_right,#ic_lbvs1ft5zq1e5cl2xlmk .ic_left:after,#ic_lbvs1ft5zq1e5cl2xlmk .ic_right:after{border-color:#ecf0f1; background:#ffffff; color:#a1b1bc; }#ic_lbvs1ft5zq1e5cl2xlmk .ic_left:hover,#ic_lbvs1ft5zq1e5cl2xlmk .ic_right:hover,#ic_lbvs1ft5zq1e5cl2xlmk .ic_left:hover:after,#ic_lbvs1ft5zq1e5cl2xlmk .ic_right:hover:after{background:#f9fafb; color:#2c3e50; }#ic_lbvs1ft5zq1e5cl2xlmk .rd_ic_pager a{border-color:#ecf0f1; background:#ffffff; color:#a1b1bc; }#ic_lbvs1ft5zq1e5cl2xlmk .rd_ic_pager a:hover{border-color:#288bd0; background:#288bd0; color:#ffffff; }<\/style><script type=\"text\/javascript\" charset=\"utf-8\">\r\n\t\t\t\t\r\n\t\tjQuery.noConflict();\r\n\t\/\/setup up Carousel\r\n\t\tjQuery(document).ready(function($) {\t\r\n\t\t\t\r\n\t\t\"use strict\";\r\n\t\t\r\n\t\t\t$(window).load(function(){\r\n\t\t$(\"#ic_lbvs1ft5zq1e5cl2xlmk .rd_img_carousel\").carouFredSel({\r\n\t\t\t\t\t\r\n\t\t\t\t\tresponsive: true,\r\n\t\t\t\t\twidth: \"100%\",scroll:  { items:1,duration: 800},\r\n\t\t\t\t\tauto: true,\r\n\t\t\t\t\tprev: \"#ic_lbvs1ft5zq1e5cl2xlmk .ic_left\",\r\n\t\t\t\t\tnext: \"#ic_lbvs1ft5zq1e5cl2xlmk .ic_right\",\r\n\t\t\t\t\tpagination: \"#ic_lbvs1ft5zq1e5cl2xlmk_pager\",\r\n\t\t\t\t\theight : \"variable\",\r\n\t\t\t\t\tswipe       : {\r\n             \t\t   onTouch     : true,\r\n\t\t               onMouse     : false\r\n        \t\t    },\r\n\t\t\t\t\titems: {\r\n\t\t\t\t\theight : \"variable\",\r\n\t\t\t\t\t\tvisible: {\r\n\t\t\t\t\t\t\tmin: 1,\r\n\t\t\t\t\t\t\tmax: 1\r\n\t\t\t\t\t\t}\r\n\t\t\t\t\t}\r\n\t\t\t\t});\r\n\t\t\t\t});\r\n\t\t\t\t});\r\n\t<\/script><div class=\"rd_img_carousel_ctn  hover_nav_style\" id=\"ic_lbvs1ft5zq1e5cl2xlmk\"><div class=\"ic_nav\"><div class=\"ic_left\" ><\/div><div class=\"ic_right\" ><\/div><\/div><div class=\"rd_img_carousel\"><img width=\"1170\" height=\"655\" src=\"https:\/\/i0.wp.com\/stiti.it\/wp-content\/uploads\/2018\/10\/CHIUSURA-QOC.jpg?resize=1170%2C655&#038;ssl=1\" class=\"attachment-full\" alt=\"\" loading=\"lazy\" srcset=\"https:\/\/i0.wp.com\/stiti.it\/wp-content\/uploads\/2018\/10\/CHIUSURA-QOC.jpg?w=1830&amp;ssl=1 1830w, https:\/\/i0.wp.com\/stiti.it\/wp-content\/uploads\/2018\/10\/CHIUSURA-QOC.jpg?resize=300%2C168&amp;ssl=1 300w, https:\/\/i0.wp.com\/stiti.it\/wp-content\/uploads\/2018\/10\/CHIUSURA-QOC.jpg?resize=768%2C430&amp;ssl=1 768w, https:\/\/i0.wp.com\/stiti.it\/wp-content\/uploads\/2018\/10\/CHIUSURA-QOC.jpg?resize=1024%2C573&amp;ssl=1 1024w, https:\/\/i0.wp.com\/stiti.it\/wp-content\/uploads\/2018\/10\/CHIUSURA-QOC.jpg?resize=1536%2C859&amp;ssl=1 1536w\" sizes=\"(max-width: 1170px) 100vw, 1170px\" data-recalc-dims=\"1\" \/><img width=\"1170\" height=\"655\" src=\"https:\/\/i0.wp.com\/stiti.it\/wp-content\/uploads\/2018\/10\/CHIUSURA-QOC1.jpg?resize=1170%2C655&#038;ssl=1\" class=\"attachment-full\" alt=\"\" loading=\"lazy\" srcset=\"https:\/\/i0.wp.com\/stiti.it\/wp-content\/uploads\/2018\/10\/CHIUSURA-QOC1.jpg?w=1830&amp;ssl=1 1830w, https:\/\/i0.wp.com\/stiti.it\/wp-content\/uploads\/2018\/10\/CHIUSURA-QOC1.jpg?resize=300%2C168&amp;ssl=1 300w, https:\/\/i0.wp.com\/stiti.it\/wp-content\/uploads\/2018\/10\/CHIUSURA-QOC1.jpg?resize=768%2C430&amp;ssl=1 768w, https:\/\/i0.wp.com\/stiti.it\/wp-content\/uploads\/2018\/10\/CHIUSURA-QOC1.jpg?resize=1024%2C573&amp;ssl=1 1024w, https:\/\/i0.wp.com\/stiti.it\/wp-content\/uploads\/2018\/10\/CHIUSURA-QOC1.jpg?resize=1536%2C859&amp;ssl=1 1536w\" sizes=\"(max-width: 1170px) 100vw, 1170px\" data-recalc-dims=\"1\" \/><img width=\"1170\" height=\"655\" src=\"https:\/\/i0.wp.com\/stiti.it\/wp-content\/uploads\/2018\/10\/CHIUSURA-QOC2.jpg?resize=1170%2C655&#038;ssl=1\" class=\"attachment-full\" alt=\"\" loading=\"lazy\" srcset=\"https:\/\/i0.wp.com\/stiti.it\/wp-content\/uploads\/2018\/10\/CHIUSURA-QOC2.jpg?w=1830&amp;ssl=1 1830w, https:\/\/i0.wp.com\/stiti.it\/wp-content\/uploads\/2018\/10\/CHIUSURA-QOC2.jpg?resize=300%2C168&amp;ssl=1 300w, https:\/\/i0.wp.com\/stiti.it\/wp-content\/uploads\/2018\/10\/CHIUSURA-QOC2.jpg?resize=768%2C430&amp;ssl=1 768w, https:\/\/i0.wp.com\/stiti.it\/wp-content\/uploads\/2018\/10\/CHIUSURA-QOC2.jpg?resize=1024%2C573&amp;ssl=1 1024w, https:\/\/i0.wp.com\/stiti.it\/wp-content\/uploads\/2018\/10\/CHIUSURA-QOC2.jpg?resize=1536%2C859&amp;ssl=1 1536w\" sizes=\"(max-width: 1170px) 100vw, 1170px\" data-recalc-dims=\"1\" \/><\/div><\/div>[vc_row_inner css=&#8221;.vc_custom_1539785086824{margin-top: 50px !important;}&#8221;][vc_column_inner][vc_column_text]<\/p>\n<p style=\"text-align: justify;\"><span style=\"color: #000000;\">Les fermetures rapides con\u00e7ues et fabriqu\u00e9es par S.T.I.T.I. permettent d&#8217;ouvrir et de fermer de fa\u00e7on rapide un appareil.<\/span><\/p>\n<p style=\"text-align: justify;\"><span style=\"color: #000000;\">S.T.I.T.I. con\u00e7oit et fabrique deux types de fermetures rapides:<\/span><\/p>\n<p>[\/vc_column_text][\/vc_column_inner][\/vc_row_inner][vc_row_inner el_id=&#8221;row-qoc-3D&#8221;][vc_column_inner width=&#8221;1\/3&#8243; offset=&#8221;vc_hidden-sm vc_hidden-xs&#8221;][vc_column_text]<\/p>\n<ul>\n<li><span style=\"color: #000000;\">\u00e0 m\u00e2choires<\/span><\/li>\n<\/ul>\n<p>[\/vc_column_text][\/vc_column_inner][vc_column_inner width=&#8221;1\/3&#8243;][vc_single_image image=&#8221;7704&#8243; img_size=&#8221;medium&#8221; onclick=&#8221;img_link_large&#8221;][\/vc_column_inner][vc_column_inner el_class=&#8221;video-qoc&#8221; width=&#8221;1\/3&#8243;]<style>#b_rqixl1ogeybep85sbw25 a{color:#0c397d; background:; margin-top:0px; margin-bottom:0px;  margin-left:0px; margin-right:0px; font-weight:700; border-radius:0px;}#b_rqixl1ogeybep85sbw25 a:hover{color: ; background: ;}<\/style><div class=\"ta_left tf_btn_pos\" id=\"b_rqixl1ogeybep85sbw25\" ><a class=\"rd_normal_bt mediumlarge_rd_bt bt_icon_left   \" href=\"http:\/\/stiti.it\/wp-content\/uploads\/2018\/10\/chiusura_a_ganasce.mp4\" target=\"yes\" ><i class=\"ec-videos\" ><\/i><span>\u00e0 m\u00e2choires<\/span><\/a><\/div><style>#b_rqixl1ogeybep85sbw25 i {color:#0c397d;}#b_rqixl1ogeybep85sbw25 a:hover i{color:;}<\/style><style> @font-face{font-family: 'ec'; src:url('https:\/\/stiti.it\/wp-content\/themes\/TheFox\/includes\/4k-icons\/icons\/4k-icons-pack02\/icons\/fonts\/ec.eot'); src:url('https:\/\/stiti.it\/wp-content\/themes\/TheFox\/includes\/4k-icons\/icons\/4k-icons-pack02\/icons\/fonts\/ec.eot?#iefix') format('embedded-opentype'), url('https:\/\/stiti.it\/wp-content\/themes\/TheFox\/includes\/4k-icons\/icons\/4k-icons-pack02\/icons\/fonts\/ec.woff') format('woff'), url('https:\/\/stiti.it\/wp-content\/themes\/TheFox\/includes\/4k-icons\/icons\/4k-icons-pack02\/icons\/fonts\/ec.ttf') format('truetype'), url('https:\/\/stiti.it\/wp-content\/themes\/TheFox\/includes\/4k-icons\/icons\/4k-icons-pack02\/icons\/fonts\/ec.svg#oi') format('svg'); font-weight: normal; font-style: normal;}#b_rqixl1ogeybep85sbw25 .ec-videos:before{font-family: 'ec'; font-weight: normal; font-style: normal;}#b_rqixl1ogeybep85sbw25 .ec-videos:before{content: \"\\e00e\";}<\/style>\n[\/vc_column_inner][\/vc_row_inner][vc_row_inner el_id=&#8221;row-qoc-3D&#8221;][vc_column_inner width=&#8221;1\/3&#8243; offset=&#8221;vc_hidden-sm vc_hidden-xs&#8221;][vc_column_text]<\/p>\n<ul>\n<li><span style=\"color: #000000;\">\u00e0 cloisons<\/span><\/li>\n<\/ul>\n<p>[\/vc_column_text][\/vc_column_inner][vc_column_inner width=&#8221;1\/3&#8243;][vc_single_image image=&#8221;7700&#8243; img_size=&#8221;medium&#8221; onclick=&#8221;img_link_large&#8221;][\/vc_column_inner][vc_column_inner el_class=&#8221;video-qoc&#8221; width=&#8221;1\/3&#8243;]<style>#b_kezxy41tiemwtm7wmcl5 a{color:#0c397d; background:; margin-top:0px; margin-bottom:0px;  margin-left:0px; margin-right:0px; font-weight:700; border-radius:0px;}#b_kezxy41tiemwtm7wmcl5 a:hover{color: ; background: ;}<\/style><div class=\"ta_left tf_btn_pos\" id=\"b_kezxy41tiemwtm7wmcl5\" ><a class=\"rd_normal_bt mediumlarge_rd_bt bt_icon_left   \" href=\"http:\/\/stiti.it\/wp-content\/uploads\/2018\/10\/chiusura_a_setti.mp4\" target=\"yes\" ><i class=\"ec-videos\" ><\/i><span>\u00e0 cloisons<\/span><\/a><\/div><style>#b_kezxy41tiemwtm7wmcl5 i {color:#0c397d;}#b_kezxy41tiemwtm7wmcl5 a:hover i{color:;}<\/style><style> @font-face{font-family: 'ec'; src:url('https:\/\/stiti.it\/wp-content\/themes\/TheFox\/includes\/4k-icons\/icons\/4k-icons-pack02\/icons\/fonts\/ec.eot'); src:url('https:\/\/stiti.it\/wp-content\/themes\/TheFox\/includes\/4k-icons\/icons\/4k-icons-pack02\/icons\/fonts\/ec.eot?#iefix') format('embedded-opentype'), url('https:\/\/stiti.it\/wp-content\/themes\/TheFox\/includes\/4k-icons\/icons\/4k-icons-pack02\/icons\/fonts\/ec.woff') format('woff'), url('https:\/\/stiti.it\/wp-content\/themes\/TheFox\/includes\/4k-icons\/icons\/4k-icons-pack02\/icons\/fonts\/ec.ttf') format('truetype'), url('https:\/\/stiti.it\/wp-content\/themes\/TheFox\/includes\/4k-icons\/icons\/4k-icons-pack02\/icons\/fonts\/ec.svg#oi') format('svg'); font-weight: normal; font-style: normal;}#b_kezxy41tiemwtm7wmcl5 .ec-videos:before{font-family: 'ec'; font-weight: normal; font-style: normal;}#b_kezxy41tiemwtm7wmcl5 .ec-videos:before{content: \"\\e00e\";}<\/style>\n[\/vc_column_inner][\/vc_row_inner][vc_column_text]<\/p>\n<p class=\"contenuto_pagina12\"><span style=\"color: #000000;\">Les fermetures peuvent \u00eatre mont\u00e9es sur les filtres, les s\u00e9parateurs, sur les gares de lancement et de r\u00e9ception, etc.<\/span><br \/>\n<span style=\"color: #000000;\">Elles sont dot\u00e9es d&#8217;un dispositif de s\u00e9curit\u00e9 qui emp\u00eache l&#8217;ouverture de la fermeture lorsque l&#8217;appareil est sous pression.<\/span><\/p>\n<p>[\/vc_column_text][\/vc_column][\/vc_row]<\/p>\n","protected":false},"excerpt":{"rendered":"<p>[vc_row type=&#8221;full-width-content&#8221;][vc_column][vc_single_image image=&#8221;7359&#8243; img_size=&#8221;full&#8221; alignment=&#8221;center&#8221;][\/vc_column][\/vc_row][vc_row][vc_column width=&#8221;1\/4&#8243;][\/vc_column][vc_column width=&#8221;3\/4&#8243;][vc_custom_heading text=&#8221;Fermetures rapides qoc&#8221; font_container=&#8221;tag:h2|text_align:left|color:%230c397d&#8221; google_fonts=&#8221;font_family:Arimo%3Aregular%2Citalic%2C700%2C700italic|font_style:700%20bold%20regular%3A700%3Anormal&#8221;][\/vc_column][\/vc_row][vc_row css=&#8221;.vc_custom_1540204141106{margin-top: -40px !important;}&#8221;][vc_column width=&#8221;1\/4&#8243; el_class=&#8221;menu-products&#8221; offset=&#8221;vc_hidden-sm vc_hidden-xs&#8221;]USINES A GAZSTATIONS DE TRAITEMENT DE PRODUITS LIQUIDESFILTRES A CARTOUCHEFILTERS S\u00c9PARATORSSEPARATEURS A CYCLONESK.O. DRUMSECHANGEURS THERMIQUESODORISEURSGARESTORCHES FROIDESGARDES HYDRAULIQUESFERMETURES RAPIDES QOCSTRUCTURES EN ACIER[\/vc_column][vc_column width=&#8221;3\/4&#8243;][vc_row_inner css=&#8221;.vc_custom_1539785086824{margin-top: 50px !important;}&#8221;][vc_column_inner][vc_column_text] Les fermetures rapides con\u00e7ues et fabriqu\u00e9es par S.T.I.T.I. permettent d&#8217;ouvrir et de<br \/><a href=\"https:\/\/stiti.it\/index.php\/fr\/fermetures-rapides-qoc\/\" class=\"more\">Read more<\/a><\/p>\n","protected":false},"author":1,"featured_media":0,"parent":0,"menu_order":0,"comment_status":"closed","ping_status":"closed","template":"","meta":[],"_links":{"self":[{"href":"https:\/\/stiti.it\/index.php\/wp-json\/wp\/v2\/pages\/8197"}],"collection":[{"href":"https:\/\/stiti.it\/index.php\/wp-json\/wp\/v2\/pages"}],"about":[{"href":"https:\/\/stiti.it\/index.php\/wp-json\/wp\/v2\/types\/page"}],"author":[{"embeddable":true,"href":"https:\/\/stiti.it\/index.php\/wp-json\/wp\/v2\/users\/1"}],"replies":[{"embeddable":true,"href":"https:\/\/stiti.it\/index.php\/wp-json\/wp\/v2\/comments?post=8197"}],"version-history":[{"count":8,"href":"https:\/\/stiti.it\/index.php\/wp-json\/wp\/v2\/pages\/8197\/revisions"}],"predecessor-version":[{"id":9114,"href":"https:\/\/stiti.it\/index.php\/wp-json\/wp\/v2\/pages\/8197\/revisions\/9114"}],"wp:attachment":[{"href":"https:\/\/stiti.it\/index.php\/wp-json\/wp\/v2\/media?parent=8197"}],"curies":[{"name":"wp","href":"https:\/\/api.w.org\/{rel}","templated":true}]}}