{"id":8194,"date":"2018-10-24T14:58:02","date_gmt":"2018-10-24T14:58:02","guid":{"rendered":"http:\/\/stiti.it\/?page_id=8194"},"modified":"2018-12-04T09:56:43","modified_gmt":"2018-12-04T09:56:43","slug":"gardes-hydrauliques","status":"publish","type":"page","link":"https:\/\/stiti.it\/index.php\/fr\/gardes-hydrauliques\/","title":{"rendered":"GARDES HYDRAULIQUES"},"content":{"rendered":"<p>[vc_row type=&#8221;full-width-content&#8221;][vc_column][vc_single_image image=&#8221;7359&#8243; img_size=&#8221;full&#8221; alignment=&#8221;center&#8221;][\/vc_column][\/vc_row][vc_row][vc_column width=&#8221;1\/4&#8243;][\/vc_column][vc_column width=&#8221;3\/4&#8243;][vc_custom_heading text=&#8221;Gardes hydrauliques&#8221; font_container=&#8221;tag:h2|text_align:left|color:%230c397d&#8221; google_fonts=&#8221;font_family:Arimo%3Aregular%2Citalic%2C700%2C700italic|font_style:700%20bold%20regular%3A700%3Anormal&#8221;][\/vc_column][\/vc_row][vc_row css=&#8221;.vc_custom_1540203878250{margin-top: -40px !important;}&#8221;][vc_column width=&#8221;1\/4&#8243; el_class=&#8221;menu-products&#8221; offset=&#8221;vc_hidden-sm vc_hidden-xs&#8221;]<style>#b_l465rm64noxgjyrd8exn a{color:#000000; background:; border-style:solid; border-color:#000000; margin-top:0px; margin-bottom:0px;  margin-left:0px; margin-right:0px; font-weight:700; border-radius:0px;}#b_l465rm64noxgjyrd8exn a:hover{color:#ffffff ; background:#0c397d ; border-color:#0c397d;}<\/style><div class=\"ta_center tf_btn_pos\" id=\"b_l465rm64noxgjyrd8exn\" ><a class=\"rd_stroke_bt mediumlarge_rd_bt border_1px  \" href=\"http:\/\/stiti.it\/index.php\/fr\/usines-a-gaz\/\" target=\"\" >USINES A GAZ<\/a><\/div><style>#b_gwh2ou3kdxw2mykpc6je a{color:#000000; background:; border-style:solid; border-color:#000000; margin-top:10px; margin-bottom:10px;  margin-left:0px; margin-right:0px; font-weight:700; border-radius:0px;}#b_gwh2ou3kdxw2mykpc6je a:hover{color:#ffffff ; background:#0c397d ; border-color:#0c397d;}<\/style><div class=\"ta_center tf_btn_pos\" id=\"b_gwh2ou3kdxw2mykpc6je\" ><a class=\"rd_stroke_bt mediumlarge_rd_bt border_1px  \" href=\"http:\/\/stiti.it\/index.php\/fr\/stations-de-traitement-de-produits-liquides\/\" target=\"\" >STATIONS DE TRAITEMENT DE PRODUITS LIQUIDES<\/a><\/div><style>#b_l13cykf0ht6naxeqmh43 a{color:#000000; background:; border-style:solid; border-color:#000000; margin-top:10px; margin-bottom:10px;  margin-left:0px; margin-right:0px; font-weight:700; border-radius:0px;}#b_l13cykf0ht6naxeqmh43 a:hover{color:#ffffff ; background:#0c397d ; border-color:#0c397d;}<\/style><div class=\"ta_center tf_btn_pos\" id=\"b_l13cykf0ht6naxeqmh43\" ><a class=\"rd_stroke_bt mediumlarge_rd_bt border_1px  \" href=\"http:\/\/stiti.it\/index.php\/fr\/filtres-a-cartouche\/\" target=\"\" >FILTRES A CARTOUCHE<\/a><\/div><style>#b_45p5st635s429e5aukuc a{color:#000000; background:; border-style:solid; border-color:#000000; margin-top:10px; margin-bottom:10px;  margin-left:0px; margin-right:0px; font-weight:700; border-radius:0px;}#b_45p5st635s429e5aukuc a:hover{color:#ffffff ; background:#0c397d ; border-color:#0c397d;}<\/style><div class=\"ta_center tf_btn_pos\" id=\"b_45p5st635s429e5aukuc\" ><a class=\"rd_stroke_bt mediumlarge_rd_bt border_1px  \" href=\"http:\/\/stiti.it\/index.php\/fr\/filtres-separateurs-a-deux-etages\/\" target=\"\" >FILTERS S\u00c9PARATORS<\/a><\/div><style>#b_95sb8f61l7079mo58ju6 a{color:#000000; background:; border-style:solid; border-color:#000000; margin-top:10px; margin-bottom:10px;  margin-left:0px; margin-right:0px; font-weight:700; border-radius:0px;}#b_95sb8f61l7079mo58ju6 a:hover{color:#ffffff ; background:#0c397d ; border-color:#0c397d;}<\/style><div class=\"ta_center tf_btn_pos\" id=\"b_95sb8f61l7079mo58ju6\" ><a class=\"rd_stroke_bt mediumlarge_rd_bt border_1px  \" href=\"http:\/\/stiti.it\/index.php\/fr\/separateurs-a-cyclones\/\" target=\"\" >SEPARATEURS A CYCLONES<\/a><\/div><style>#b_cpw6q7brp82t26xlzmea a{color:#000000; background:; border-style:solid; border-color:#000000; margin-top:10px; margin-bottom:10px;  margin-left:0px; margin-right:0px; font-weight:700; border-radius:0px;}#b_cpw6q7brp82t26xlzmea a:hover{color:#ffffff ; background:#0c397d ; border-color:#0c397d;}<\/style><div class=\"ta_center tf_btn_pos\" id=\"b_cpw6q7brp82t26xlzmea\" ><a class=\"rd_stroke_bt mediumlarge_rd_bt border_1px  \" href=\"http:\/\/stiti.it\/index.php\/fr\/k-o-drums-3\/\" target=\"\" >K.O. DRUMS<\/a><\/div><style>#b_5jwixmc5fiq68wivp1nk a{color:#000000; background:; border-style:solid; border-color:#000000; margin-top:10px; margin-bottom:10px;  margin-left:0px; margin-right:0px; font-weight:700; border-radius:0px;}#b_5jwixmc5fiq68wivp1nk a:hover{color:#ffffff ; background:#0c397d ; border-color:#0c397d;}<\/style><div class=\"ta_center tf_btn_pos\" id=\"b_5jwixmc5fiq68wivp1nk\" ><a class=\"rd_stroke_bt mediumlarge_rd_bt border_1px  \" href=\"http:\/\/stiti.it\/index.php\/fr\/echangeurs-thermiques\/\" target=\"\" >ECHANGEURS THERMIQUES<\/a><\/div><style>#b_lvui5xeohu36m8me2m99 a{color:#000000; background:; border-style:solid; border-color:#000000; margin-top:10px; margin-bottom:10px;  margin-left:0px; margin-right:0px; font-weight:700; border-radius:0px;}#b_lvui5xeohu36m8me2m99 a:hover{color:#ffffff ; background:#0c397d ; border-color:#0c397d;}<\/style><div class=\"ta_center tf_btn_pos\" id=\"b_lvui5xeohu36m8me2m99\" ><a class=\"rd_stroke_bt mediumlarge_rd_bt border_1px  \" href=\"http:\/\/stiti.it\/index.php\/fr\/odoriseur\/\" target=\"\" >ODORISEURS<\/a><\/div><style>#b_exyrg7ppy4qfx5bkjwbu a{color:#000000; background:; border-style:solid; border-color:#000000; margin-top:10px; margin-bottom:10px;  margin-left:0px; margin-right:0px; font-weight:700; border-radius:0px;}#b_exyrg7ppy4qfx5bkjwbu a:hover{color:#ffffff ; background:#0c397d ; border-color:#0c397d;}<\/style><div class=\"ta_center tf_btn_pos\" id=\"b_exyrg7ppy4qfx5bkjwbu\" ><a class=\"rd_stroke_bt mediumlarge_rd_bt border_1px  \" href=\"http:\/\/stiti.it\/index.php\/fr\/gare\/\" target=\"\" >GARES<\/a><\/div><style>#b_rc24ihxrh1vnml4n301b a{color:#000000; background:; border-style:solid; border-color:#000000; margin-top:10px; margin-bottom:10px;  margin-left:0px; margin-right:0px; font-weight:700; border-radius:0px;}#b_rc24ihxrh1vnml4n301b a:hover{color:#ffffff ; background:#0c397d ; border-color:#0c397d;}<\/style><div class=\"ta_center tf_btn_pos\" id=\"b_rc24ihxrh1vnml4n301b\" ><a class=\"rd_stroke_bt mediumlarge_rd_bt border_1px  \" href=\"http:\/\/stiti.it\/index.php\/fr\/torches-froides\/\" target=\"\" >TORCHES FROIDES<\/a><\/div><style>#b_qus943nqzzryrfqm87mt a{color:#000000; background:; border-style:solid; border-color:#000000; margin-top:10px; margin-bottom:10px;  margin-left:0px; margin-right:0px; font-weight:700; border-radius:0px;}#b_qus943nqzzryrfqm87mt a:hover{color:#ffffff ; background:#0c397d ; border-color:#0c397d;}<\/style><div class=\"ta_center tf_btn_pos\" id=\"b_qus943nqzzryrfqm87mt\" ><a class=\"rd_stroke_bt mediumlarge_rd_bt border_1px  \" href=\"http:\/\/stiti.it\/index.php\/fr\/gardes-hydrauliques\/\" target=\"\" >GARDES HYDRAULIQUES<\/a><\/div><style>#b_dxqi3iya2g2jluyelwqe a{color:#000000; background:; border-style:solid; border-color:#000000; margin-top:10px; margin-bottom:10px;  margin-left:0px; margin-right:0px; font-weight:700; border-radius:0px;}#b_dxqi3iya2g2jluyelwqe a:hover{color:#ffffff ; background:#0c397d ; border-color:#0c397d;}<\/style><div class=\"ta_center tf_btn_pos\" id=\"b_dxqi3iya2g2jluyelwqe\" ><a class=\"rd_stroke_bt mediumlarge_rd_bt border_1px  \" href=\"http:\/\/stiti.it\/index.php\/fr\/fermetures-rapides-qoc\/\" target=\"\" >FERMETURES RAPIDES QOC<\/a><\/div><style>#b_mp5utavhp41xk0julnrw a{color:#000000; background:; border-style:solid; border-color:#000000; margin-top:10px; margin-bottom:10px;  margin-left:0px; margin-right:0px; font-weight:700; border-radius:0px;}#b_mp5utavhp41xk0julnrw a:hover{color:#ffffff ; background:#0c397d ; border-color:#0c397d;}<\/style><div class=\"ta_center tf_btn_pos\" id=\"b_mp5utavhp41xk0julnrw\" ><a class=\"rd_stroke_bt mediumlarge_rd_bt border_1px  \" href=\"http:\/\/stiti.it\/index.php\/fr\/structures-en-acier\/\" target=\"\" >STRUCTURES EN ACIER<\/a><\/div>[\/vc_column][vc_column width=&#8221;3\/4&#8243;]<style>#ic_3hrww7oebnj3ckzvv0qn {margin:0px auto 0px; }#ic_3hrww7oebnj3ckzvv0qn .ic_left,#ic_3hrww7oebnj3ckzvv0qn .ic_right,#ic_3hrww7oebnj3ckzvv0qn .ic_left:after,#ic_3hrww7oebnj3ckzvv0qn .ic_right:after{border-color:#ecf0f1; background:#ffffff; color:#a1b1bc; }#ic_3hrww7oebnj3ckzvv0qn .ic_left:hover,#ic_3hrww7oebnj3ckzvv0qn .ic_right:hover,#ic_3hrww7oebnj3ckzvv0qn .ic_left:hover:after,#ic_3hrww7oebnj3ckzvv0qn .ic_right:hover:after{background:#f9fafb; color:#2c3e50; }#ic_3hrww7oebnj3ckzvv0qn .rd_ic_pager a{border-color:#ecf0f1; background:#ffffff; color:#a1b1bc; }#ic_3hrww7oebnj3ckzvv0qn .rd_ic_pager a:hover{border-color:#288bd0; background:#288bd0; color:#ffffff; }<\/style><script type=\"text\/javascript\" charset=\"utf-8\">\r\n\t\t\t\t\r\n\t\tjQuery.noConflict();\r\n\t\/\/setup up Carousel\r\n\t\tjQuery(document).ready(function($) {\t\r\n\t\t\t\r\n\t\t\"use strict\";\r\n\t\t\r\n\t\t\t$(window).load(function(){\r\n\t\t$(\"#ic_3hrww7oebnj3ckzvv0qn .rd_img_carousel\").carouFredSel({\r\n\t\t\t\t\t\r\n\t\t\t\t\tresponsive: true,\r\n\t\t\t\t\twidth: \"100%\",scroll:  { items:1,duration: 800},\r\n\t\t\t\t\tauto: true,\r\n\t\t\t\t\tprev: \"#ic_3hrww7oebnj3ckzvv0qn .ic_left\",\r\n\t\t\t\t\tnext: \"#ic_3hrww7oebnj3ckzvv0qn .ic_right\",\r\n\t\t\t\t\tpagination: \"#ic_3hrww7oebnj3ckzvv0qn_pager\",\r\n\t\t\t\t\theight : \"variable\",\r\n\t\t\t\t\tswipe       : {\r\n             \t\t   onTouch     : true,\r\n\t\t               onMouse     : false\r\n        \t\t    },\r\n\t\t\t\t\titems: {\r\n\t\t\t\t\theight : \"variable\",\r\n\t\t\t\t\t\tvisible: {\r\n\t\t\t\t\t\t\tmin: 1,\r\n\t\t\t\t\t\t\tmax: 1\r\n\t\t\t\t\t\t}\r\n\t\t\t\t\t}\r\n\t\t\t\t});\r\n\t\t\t\t});\r\n\t\t\t\t});\r\n\t<\/script><div class=\"rd_img_carousel_ctn  hover_nav_style\" id=\"ic_3hrww7oebnj3ckzvv0qn\"><div class=\"ic_nav\"><div class=\"ic_left\" ><\/div><div class=\"ic_right\" ><\/div><\/div><div class=\"rd_img_carousel\"><img width=\"1170\" height=\"655\" src=\"https:\/\/i0.wp.com\/stiti.it\/wp-content\/uploads\/2018\/10\/GUARDIA-IDRAULICA1.jpg?resize=1170%2C655&#038;ssl=1\" class=\"attachment-full\" alt=\"\" loading=\"lazy\" srcset=\"https:\/\/i0.wp.com\/stiti.it\/wp-content\/uploads\/2018\/10\/GUARDIA-IDRAULICA1.jpg?w=1830&amp;ssl=1 1830w, https:\/\/i0.wp.com\/stiti.it\/wp-content\/uploads\/2018\/10\/GUARDIA-IDRAULICA1.jpg?resize=300%2C168&amp;ssl=1 300w, https:\/\/i0.wp.com\/stiti.it\/wp-content\/uploads\/2018\/10\/GUARDIA-IDRAULICA1.jpg?resize=768%2C430&amp;ssl=1 768w, https:\/\/i0.wp.com\/stiti.it\/wp-content\/uploads\/2018\/10\/GUARDIA-IDRAULICA1.jpg?resize=1024%2C573&amp;ssl=1 1024w, https:\/\/i0.wp.com\/stiti.it\/wp-content\/uploads\/2018\/10\/GUARDIA-IDRAULICA1.jpg?resize=1536%2C859&amp;ssl=1 1536w\" sizes=\"(max-width: 1170px) 100vw, 1170px\" data-recalc-dims=\"1\" \/><\/div><\/div>[vc_row_inner css=&#8221;.vc_custom_1539783880539{margin-top: 50px !important;}&#8221;][vc_column_inner][vc_column_text]<\/p>\n<p style=\"text-align: justify;\"><span style=\"color: #000000;\">La garde hydraulique (arr\u00eate-flammes sur garde hydraulique) con\u00e7ue et fabriqu\u00e9e par S.T.I.T.I. a pour but de recevoir les rejets des dispositifs de s\u00e9curit\u00e9 pour \u00e9viter un retour de flamme.<\/span><\/p>\n<p><span style=\"color: #000000;\">Des gardes hydrauliques peuvent \u00eatre fournies pour n&#8217;importe quelle condition op\u00e9rationnelle et r\u00e9glementaire.<\/span><\/p>\n<p>[\/vc_column_text][\/vc_column_inner][\/vc_row_inner][vc_row_inner][vc_column_inner width=&#8221;1\/4&#8243;][\/vc_column_inner][vc_column_inner el_class=&#8221;guardie-1&#8243; width=&#8221;1\/4&#8243;][vc_single_image image=&#8221;7683&#8243; img_size=&#8221;full&#8221; onclick=&#8221;img_link_large&#8221; img_link_target=&#8221;_blank&#8221; el_class=&#8221;img-guardie-1&#8243;][\/vc_column_inner][vc_column_inner el_class=&#8221;guardie-2&#8243; width=&#8221;1\/4&#8243;][vc_single_image image=&#8221;7690&#8243; img_size=&#8221;full&#8221; onclick=&#8221;img_link_large&#8221; img_link_target=&#8221;_blank&#8221; el_class=&#8221;img-guardie-2&#8243;][\/vc_column_inner][vc_column_inner width=&#8221;1\/4&#8243;][\/vc_column_inner][\/vc_row_inner][\/vc_column][\/vc_row]<\/p>\n","protected":false},"excerpt":{"rendered":"<p>[vc_row type=&#8221;full-width-content&#8221;][vc_column][vc_single_image image=&#8221;7359&#8243; img_size=&#8221;full&#8221; alignment=&#8221;center&#8221;][\/vc_column][\/vc_row][vc_row][vc_column width=&#8221;1\/4&#8243;][\/vc_column][vc_column width=&#8221;3\/4&#8243;][vc_custom_heading text=&#8221;Gardes hydrauliques&#8221; font_container=&#8221;tag:h2|text_align:left|color:%230c397d&#8221; google_fonts=&#8221;font_family:Arimo%3Aregular%2Citalic%2C700%2C700italic|font_style:700%20bold%20regular%3A700%3Anormal&#8221;][\/vc_column][\/vc_row][vc_row css=&#8221;.vc_custom_1540203878250{margin-top: -40px !important;}&#8221;][vc_column width=&#8221;1\/4&#8243; el_class=&#8221;menu-products&#8221; offset=&#8221;vc_hidden-sm vc_hidden-xs&#8221;]USINES A GAZSTATIONS DE TRAITEMENT DE PRODUITS LIQUIDESFILTRES A CARTOUCHEFILTERS S\u00c9PARATORSSEPARATEURS A CYCLONESK.O. DRUMSECHANGEURS THERMIQUESODORISEURSGARESTORCHES FROIDESGARDES HYDRAULIQUESFERMETURES RAPIDES QOCSTRUCTURES EN ACIER[\/vc_column][vc_column width=&#8221;3\/4&#8243;][vc_row_inner css=&#8221;.vc_custom_1539783880539{margin-top: 50px !important;}&#8221;][vc_column_inner][vc_column_text] La garde hydraulique (arr\u00eate-flammes sur garde hydraulique) con\u00e7ue et fabriqu\u00e9e par S.T.I.T.I. a<br \/><a href=\"https:\/\/stiti.it\/index.php\/fr\/gardes-hydrauliques\/\" class=\"more\">Read more<\/a><\/p>\n","protected":false},"author":1,"featured_media":0,"parent":0,"menu_order":0,"comment_status":"closed","ping_status":"closed","template":"","meta":[],"_links":{"self":[{"href":"https:\/\/stiti.it\/index.php\/wp-json\/wp\/v2\/pages\/8194"}],"collection":[{"href":"https:\/\/stiti.it\/index.php\/wp-json\/wp\/v2\/pages"}],"about":[{"href":"https:\/\/stiti.it\/index.php\/wp-json\/wp\/v2\/types\/page"}],"author":[{"embeddable":true,"href":"https:\/\/stiti.it\/index.php\/wp-json\/wp\/v2\/users\/1"}],"replies":[{"embeddable":true,"href":"https:\/\/stiti.it\/index.php\/wp-json\/wp\/v2\/comments?post=8194"}],"version-history":[{"count":8,"href":"https:\/\/stiti.it\/index.php\/wp-json\/wp\/v2\/pages\/8194\/revisions"}],"predecessor-version":[{"id":9113,"href":"https:\/\/stiti.it\/index.php\/wp-json\/wp\/v2\/pages\/8194\/revisions\/9113"}],"wp:attachment":[{"href":"https:\/\/stiti.it\/index.php\/wp-json\/wp\/v2\/media?parent=8194"}],"curies":[{"name":"wp","href":"https:\/\/api.w.org\/{rel}","templated":true}]}}