{"id":8186,"date":"2018-10-24T14:54:59","date_gmt":"2018-10-24T14:54:59","guid":{"rendered":"http:\/\/stiti.it\/?page_id=8186"},"modified":"2018-12-04T09:54:45","modified_gmt":"2018-12-04T09:54:45","slug":"gare","status":"publish","type":"page","link":"https:\/\/stiti.it\/index.php\/fr\/gare\/","title":{"rendered":"GARES"},"content":{"rendered":"<p>[vc_row type=&#8221;full-width-content&#8221;][vc_column][vc_single_image image=&#8221;7359&#8243; img_size=&#8221;full&#8221; alignment=&#8221;center&#8221;][\/vc_column][\/vc_row][vc_row][vc_column width=&#8221;1\/4&#8243;][\/vc_column][vc_column width=&#8221;3\/4&#8243;][vc_custom_heading text=&#8221;Gare de lancement et de reception des racleurs&#8221; font_container=&#8221;tag:h2|text_align:left|color:%230c397d&#8221; google_fonts=&#8221;font_family:Arimo%3Aregular%2Citalic%2C700%2C700italic|font_style:700%20bold%20regular%3A700%3Anormal&#8221;][\/vc_column][\/vc_row][vc_row css=&#8221;.vc_custom_1540203815323{margin-top: -40px !important;}&#8221;][vc_column width=&#8221;1\/4&#8243; el_class=&#8221;menu-products&#8221; offset=&#8221;vc_hidden-sm vc_hidden-xs&#8221;]<style>#b_0sy0mbplkkwzus0bpavv a{color:#000000; background:; border-style:solid; border-color:#000000; margin-top:0px; margin-bottom:0px;  margin-left:0px; margin-right:0px; font-weight:700; border-radius:0px;}#b_0sy0mbplkkwzus0bpavv a:hover{color:#ffffff ; background:#0c397d ; border-color:#0c397d;}<\/style><div class=\"ta_center tf_btn_pos\" id=\"b_0sy0mbplkkwzus0bpavv\" ><a class=\"rd_stroke_bt mediumlarge_rd_bt border_1px  \" href=\"http:\/\/stiti.it\/index.php\/fr\/usines-a-gaz\/\" target=\"\" >USINES A GAZ<\/a><\/div><style>#b_gkwpvyy7ad2zu9bgy3dh a{color:#000000; background:; border-style:solid; border-color:#000000; margin-top:10px; margin-bottom:10px;  margin-left:0px; margin-right:0px; font-weight:700; border-radius:0px;}#b_gkwpvyy7ad2zu9bgy3dh a:hover{color:#ffffff ; background:#0c397d ; border-color:#0c397d;}<\/style><div class=\"ta_center tf_btn_pos\" id=\"b_gkwpvyy7ad2zu9bgy3dh\" ><a class=\"rd_stroke_bt mediumlarge_rd_bt border_1px  \" href=\"http:\/\/stiti.it\/index.php\/fr\/stations-de-traitement-de-produits-liquides\/\" target=\"\" >STATIONS DE TRAITEMENT DE PRODUITS LIQUIDES<\/a><\/div><style>#b_iyqu5tn6zi78r1syzi7m a{color:#000000; background:; border-style:solid; border-color:#000000; margin-top:10px; margin-bottom:10px;  margin-left:0px; margin-right:0px; font-weight:700; border-radius:0px;}#b_iyqu5tn6zi78r1syzi7m a:hover{color:#ffffff ; background:#0c397d ; border-color:#0c397d;}<\/style><div class=\"ta_center tf_btn_pos\" id=\"b_iyqu5tn6zi78r1syzi7m\" ><a class=\"rd_stroke_bt mediumlarge_rd_bt border_1px  \" href=\"http:\/\/stiti.it\/index.php\/fr\/filtres-a-cartouche\/\" target=\"\" >FILTRES A CARTOUCHE<\/a><\/div><style>#b_gz5acmi2td5zcahrfjgz a{color:#000000; background:; border-style:solid; border-color:#000000; margin-top:10px; margin-bottom:10px;  margin-left:0px; margin-right:0px; font-weight:700; border-radius:0px;}#b_gz5acmi2td5zcahrfjgz a:hover{color:#ffffff ; background:#0c397d ; border-color:#0c397d;}<\/style><div class=\"ta_center tf_btn_pos\" id=\"b_gz5acmi2td5zcahrfjgz\" ><a class=\"rd_stroke_bt mediumlarge_rd_bt border_1px  \" href=\"http:\/\/stiti.it\/index.php\/fr\/filtres-separateurs-a-deux-etages\/\" target=\"\" >FILTERS S\u00c9PARATORS<\/a><\/div><style>#b_pksrgk616wp7tw7ok12o a{color:#000000; background:; border-style:solid; border-color:#000000; margin-top:10px; margin-bottom:10px;  margin-left:0px; margin-right:0px; font-weight:700; border-radius:0px;}#b_pksrgk616wp7tw7ok12o a:hover{color:#ffffff ; background:#0c397d ; border-color:#0c397d;}<\/style><div class=\"ta_center tf_btn_pos\" id=\"b_pksrgk616wp7tw7ok12o\" ><a class=\"rd_stroke_bt mediumlarge_rd_bt border_1px  \" href=\"http:\/\/stiti.it\/index.php\/fr\/separateurs-a-cyclones\/\" target=\"\" >SEPARATEURS A CYCLONES<\/a><\/div><style>#b_a4vhdzfohsnyv92m6q4h a{color:#000000; background:; border-style:solid; border-color:#000000; margin-top:10px; margin-bottom:10px;  margin-left:0px; margin-right:0px; font-weight:700; border-radius:0px;}#b_a4vhdzfohsnyv92m6q4h a:hover{color:#ffffff ; background:#0c397d ; border-color:#0c397d;}<\/style><div class=\"ta_center tf_btn_pos\" id=\"b_a4vhdzfohsnyv92m6q4h\" ><a class=\"rd_stroke_bt mediumlarge_rd_bt border_1px  \" href=\"http:\/\/stiti.it\/index.php\/fr\/k-o-drums-3\/\" target=\"\" >K.O. DRUMS<\/a><\/div><style>#b_bn6sf5nqubx4u6fx8r6m a{color:#000000; background:; border-style:solid; border-color:#000000; margin-top:10px; margin-bottom:10px;  margin-left:0px; margin-right:0px; font-weight:700; border-radius:0px;}#b_bn6sf5nqubx4u6fx8r6m a:hover{color:#ffffff ; background:#0c397d ; border-color:#0c397d;}<\/style><div class=\"ta_center tf_btn_pos\" id=\"b_bn6sf5nqubx4u6fx8r6m\" ><a class=\"rd_stroke_bt mediumlarge_rd_bt border_1px  \" href=\"http:\/\/stiti.it\/index.php\/fr\/echangeurs-thermiques\/\" target=\"\" >ECHANGEURS THERMIQUES<\/a><\/div><style>#b_6473x916pax32jfkm41s a{color:#000000; background:; border-style:solid; border-color:#000000; margin-top:10px; margin-bottom:10px;  margin-left:0px; margin-right:0px; font-weight:700; border-radius:0px;}#b_6473x916pax32jfkm41s a:hover{color:#ffffff ; background:#0c397d ; border-color:#0c397d;}<\/style><div class=\"ta_center tf_btn_pos\" id=\"b_6473x916pax32jfkm41s\" ><a class=\"rd_stroke_bt mediumlarge_rd_bt border_1px  \" href=\"http:\/\/stiti.it\/index.php\/fr\/odoriseur\/\" target=\"\" >ODORISEURS<\/a><\/div><style>#b_bcgd327zm6ygnvpdeq9s a{color:#000000; background:; border-style:solid; border-color:#000000; margin-top:10px; margin-bottom:10px;  margin-left:0px; margin-right:0px; font-weight:700; border-radius:0px;}#b_bcgd327zm6ygnvpdeq9s a:hover{color:#ffffff ; background:#0c397d ; border-color:#0c397d;}<\/style><div class=\"ta_center tf_btn_pos\" id=\"b_bcgd327zm6ygnvpdeq9s\" ><a class=\"rd_stroke_bt mediumlarge_rd_bt border_1px  \" href=\"http:\/\/stiti.it\/index.php\/fr\/gare\/\" target=\"\" >GARES<\/a><\/div><style>#b_k9pvz1abcp0kxcj6tkmt a{color:#000000; background:; border-style:solid; border-color:#000000; margin-top:10px; margin-bottom:10px;  margin-left:0px; margin-right:0px; font-weight:700; border-radius:0px;}#b_k9pvz1abcp0kxcj6tkmt a:hover{color:#ffffff ; background:#0c397d ; border-color:#0c397d;}<\/style><div class=\"ta_center tf_btn_pos\" id=\"b_k9pvz1abcp0kxcj6tkmt\" ><a class=\"rd_stroke_bt mediumlarge_rd_bt border_1px  \" href=\"http:\/\/stiti.it\/index.php\/fr\/torches-froides\/\" target=\"\" >TORCHES FROIDES<\/a><\/div><style>#b_xc45y6a3brhuw2j4rybk a{color:#000000; background:; border-style:solid; border-color:#000000; margin-top:10px; margin-bottom:10px;  margin-left:0px; margin-right:0px; font-weight:700; border-radius:0px;}#b_xc45y6a3brhuw2j4rybk a:hover{color:#ffffff ; background:#0c397d ; border-color:#0c397d;}<\/style><div class=\"ta_center tf_btn_pos\" id=\"b_xc45y6a3brhuw2j4rybk\" ><a class=\"rd_stroke_bt mediumlarge_rd_bt border_1px  \" href=\"http:\/\/stiti.it\/index.php\/fr\/gardes-hydrauliques\/\" target=\"\" >GARDES HYDRAULIQUES<\/a><\/div><style>#b_yclimdnb6mf2vwkhatnl a{color:#000000; background:; border-style:solid; border-color:#000000; margin-top:10px; margin-bottom:10px;  margin-left:0px; margin-right:0px; font-weight:700; border-radius:0px;}#b_yclimdnb6mf2vwkhatnl a:hover{color:#ffffff ; background:#0c397d ; border-color:#0c397d;}<\/style><div class=\"ta_center tf_btn_pos\" id=\"b_yclimdnb6mf2vwkhatnl\" ><a class=\"rd_stroke_bt mediumlarge_rd_bt border_1px  \" href=\"http:\/\/stiti.it\/index.php\/fr\/fermetures-rapides-qoc\/\" target=\"\" >FERMETURES RAPIDES QOC<\/a><\/div><style>#b_0ynogmolgf1a90hfjx3f a{color:#000000; background:; border-style:solid; border-color:#000000; margin-top:10px; margin-bottom:10px;  margin-left:0px; margin-right:0px; font-weight:700; border-radius:0px;}#b_0ynogmolgf1a90hfjx3f a:hover{color:#ffffff ; background:#0c397d ; border-color:#0c397d;}<\/style><div class=\"ta_center tf_btn_pos\" id=\"b_0ynogmolgf1a90hfjx3f\" ><a class=\"rd_stroke_bt mediumlarge_rd_bt border_1px  \" href=\"http:\/\/stiti.it\/index.php\/fr\/structures-en-acier\/\" target=\"\" >STRUCTURES EN ACIER<\/a><\/div>[\/vc_column][vc_column width=&#8221;3\/4&#8243;]<style>#ic_m0rfs3uoji49391a434n {margin:0px auto 0px; }#ic_m0rfs3uoji49391a434n .ic_left,#ic_m0rfs3uoji49391a434n .ic_right,#ic_m0rfs3uoji49391a434n .ic_left:after,#ic_m0rfs3uoji49391a434n .ic_right:after{border-color:#ecf0f1; background:#ffffff; color:#a1b1bc; }#ic_m0rfs3uoji49391a434n .ic_left:hover,#ic_m0rfs3uoji49391a434n .ic_right:hover,#ic_m0rfs3uoji49391a434n .ic_left:hover:after,#ic_m0rfs3uoji49391a434n .ic_right:hover:after{background:#f9fafb; color:#2c3e50; }#ic_m0rfs3uoji49391a434n .rd_ic_pager a{border-color:#ecf0f1; background:#ffffff; color:#a1b1bc; }#ic_m0rfs3uoji49391a434n .rd_ic_pager a:hover{border-color:#288bd0; background:#288bd0; color:#ffffff; }<\/style><script type=\"text\/javascript\" charset=\"utf-8\">\r\n\t\t\t\t\r\n\t\tjQuery.noConflict();\r\n\t\/\/setup up Carousel\r\n\t\tjQuery(document).ready(function($) {\t\r\n\t\t\t\r\n\t\t\"use strict\";\r\n\t\t\r\n\t\t\t$(window).load(function(){\r\n\t\t$(\"#ic_m0rfs3uoji49391a434n .rd_img_carousel\").carouFredSel({\r\n\t\t\t\t\t\r\n\t\t\t\t\tresponsive: true,\r\n\t\t\t\t\twidth: \"100%\",scroll:  { items:1,duration: 800},\r\n\t\t\t\t\tauto: true,\r\n\t\t\t\t\tprev: \"#ic_m0rfs3uoji49391a434n .ic_left\",\r\n\t\t\t\t\tnext: \"#ic_m0rfs3uoji49391a434n .ic_right\",\r\n\t\t\t\t\tpagination: \"#ic_m0rfs3uoji49391a434n_pager\",\r\n\t\t\t\t\theight : \"variable\",\r\n\t\t\t\t\tswipe       : {\r\n             \t\t   onTouch     : true,\r\n\t\t               onMouse     : false\r\n        \t\t    },\r\n\t\t\t\t\titems: {\r\n\t\t\t\t\theight : \"variable\",\r\n\t\t\t\t\t\tvisible: {\r\n\t\t\t\t\t\t\tmin: 1,\r\n\t\t\t\t\t\t\tmax: 1\r\n\t\t\t\t\t\t}\r\n\t\t\t\t\t}\r\n\t\t\t\t});\r\n\t\t\t\t});\r\n\t\t\t\t});\r\n\t<\/script><div class=\"rd_img_carousel_ctn  hover_nav_style\" id=\"ic_m0rfs3uoji49391a434n\"><div class=\"ic_nav\"><div class=\"ic_left\" ><\/div><div class=\"ic_right\" ><\/div><\/div><div class=\"rd_img_carousel\"><img width=\"1170\" height=\"655\" src=\"https:\/\/i0.wp.com\/stiti.it\/wp-content\/uploads\/2018\/10\/TRAPPOLE.jpg?resize=1170%2C655&#038;ssl=1\" class=\"attachment-full\" alt=\"\" loading=\"lazy\" srcset=\"https:\/\/i0.wp.com\/stiti.it\/wp-content\/uploads\/2018\/10\/TRAPPOLE.jpg?w=1830&amp;ssl=1 1830w, https:\/\/i0.wp.com\/stiti.it\/wp-content\/uploads\/2018\/10\/TRAPPOLE.jpg?resize=300%2C168&amp;ssl=1 300w, https:\/\/i0.wp.com\/stiti.it\/wp-content\/uploads\/2018\/10\/TRAPPOLE.jpg?resize=768%2C430&amp;ssl=1 768w, https:\/\/i0.wp.com\/stiti.it\/wp-content\/uploads\/2018\/10\/TRAPPOLE.jpg?resize=1024%2C573&amp;ssl=1 1024w, https:\/\/i0.wp.com\/stiti.it\/wp-content\/uploads\/2018\/10\/TRAPPOLE.jpg?resize=1536%2C859&amp;ssl=1 1536w\" sizes=\"(max-width: 1170px) 100vw, 1170px\" data-recalc-dims=\"1\" \/><\/div><\/div>[vc_row_inner css=&#8221;.vc_custom_1539782495565{margin-top: 50px !important;}&#8221;][vc_column_inner width=&#8221;2\/3&#8243;][vc_column_text]<\/p>\n<p style=\"text-align: justify;\"><span style=\"color: #000000;\">Les gares con\u00e7ues et fabriqu\u00e9es par S.T.I.T.I. permettent le lancement et la r\u00e9ception des racleurs pour le nettoyage et l&#8217;inspection des gazoducs (gares bidirectionnelles fixes ou mobiles).<\/span><\/p>\n<p><span style=\"color: #000000;\">A la demande du client, elles peuvent \u00eatre mont\u00e9es sur ch\u00e2ssis mobile (ch\u00e2ssis mobile mont\u00e9) et pourvues d&#8217;un dispositif d&#8217;ouverture et de fermeture rapide, d&#8217;un indicateur de passage de racleur (d\u00e9tecteur de racleurs) et d&#8217;un syst\u00e8me de manutention des racleurs.<\/span><\/p>\n<p><span style=\"color: #000000;\">Des gares peuvent \u00eatre fournies pour n&#8217;importe quelle condition op\u00e9rationnelle et r\u00e9glementaire.<\/span>[\/vc_column_text][\/vc_column_inner][vc_column_inner width=&#8221;1\/3&#8243;][vc_single_image image=&#8221;7668&#8243; img_size=&#8221;full&#8221; onclick=&#8221;img_link_large&#8221; img_link_target=&#8221;_blank&#8221; el_class=&#8221;img-odorizzatori-1&#8243;][\/vc_column_inner][\/vc_row_inner][\/vc_column][\/vc_row]<\/p>\n","protected":false},"excerpt":{"rendered":"<p>[vc_row type=&#8221;full-width-content&#8221;][vc_column][vc_single_image image=&#8221;7359&#8243; img_size=&#8221;full&#8221; alignment=&#8221;center&#8221;][\/vc_column][\/vc_row][vc_row][vc_column width=&#8221;1\/4&#8243;][\/vc_column][vc_column width=&#8221;3\/4&#8243;][vc_custom_heading text=&#8221;Gare de lancement et de reception des racleurs&#8221; font_container=&#8221;tag:h2|text_align:left|color:%230c397d&#8221; google_fonts=&#8221;font_family:Arimo%3Aregular%2Citalic%2C700%2C700italic|font_style:700%20bold%20regular%3A700%3Anormal&#8221;][\/vc_column][\/vc_row][vc_row css=&#8221;.vc_custom_1540203815323{margin-top: -40px !important;}&#8221;][vc_column width=&#8221;1\/4&#8243; el_class=&#8221;menu-products&#8221; offset=&#8221;vc_hidden-sm vc_hidden-xs&#8221;]USINES A GAZSTATIONS DE TRAITEMENT DE PRODUITS LIQUIDESFILTRES A CARTOUCHEFILTERS S\u00c9PARATORSSEPARATEURS A CYCLONESK.O. DRUMSECHANGEURS THERMIQUESODORISEURSGARESTORCHES FROIDESGARDES HYDRAULIQUESFERMETURES RAPIDES QOCSTRUCTURES EN ACIER[\/vc_column][vc_column width=&#8221;3\/4&#8243;][vc_row_inner css=&#8221;.vc_custom_1539782495565{margin-top: 50px !important;}&#8221;][vc_column_inner width=&#8221;2\/3&#8243;][vc_column_text] Les gares con\u00e7ues et fabriqu\u00e9es par<br \/><a href=\"https:\/\/stiti.it\/index.php\/fr\/gare\/\" class=\"more\">Read more<\/a><\/p>\n","protected":false},"author":1,"featured_media":0,"parent":0,"menu_order":0,"comment_status":"closed","ping_status":"closed","template":"","meta":[],"_links":{"self":[{"href":"https:\/\/stiti.it\/index.php\/wp-json\/wp\/v2\/pages\/8186"}],"collection":[{"href":"https:\/\/stiti.it\/index.php\/wp-json\/wp\/v2\/pages"}],"about":[{"href":"https:\/\/stiti.it\/index.php\/wp-json\/wp\/v2\/types\/page"}],"author":[{"embeddable":true,"href":"https:\/\/stiti.it\/index.php\/wp-json\/wp\/v2\/users\/1"}],"replies":[{"embeddable":true,"href":"https:\/\/stiti.it\/index.php\/wp-json\/wp\/v2\/comments?post=8186"}],"version-history":[{"count":7,"href":"https:\/\/stiti.it\/index.php\/wp-json\/wp\/v2\/pages\/8186\/revisions"}],"predecessor-version":[{"id":9110,"href":"https:\/\/stiti.it\/index.php\/wp-json\/wp\/v2\/pages\/8186\/revisions\/9110"}],"wp:attachment":[{"href":"https:\/\/stiti.it\/index.php\/wp-json\/wp\/v2\/media?parent=8186"}],"curies":[{"name":"wp","href":"https:\/\/api.w.org\/{rel}","templated":true}]}}