{"id":8176,"date":"2018-10-24T14:48:51","date_gmt":"2018-10-24T14:48:51","guid":{"rendered":"http:\/\/stiti.it\/?page_id=8176"},"modified":"2018-12-04T13:48:01","modified_gmt":"2018-12-04T13:48:01","slug":"k-o-drums-3","status":"publish","type":"page","link":"https:\/\/stiti.it\/index.php\/fr\/k-o-drums-3\/","title":{"rendered":"K.O. DRUMS"},"content":{"rendered":"<p>[vc_row type=&#8221;full-width-content&#8221;][vc_column][vc_single_image image=&#8221;7359&#8243; img_size=&#8221;full&#8221; alignment=&#8221;center&#8221;][\/vc_column][\/vc_row][vc_row][vc_column width=&#8221;1\/4&#8243;][\/vc_column][vc_column width=&#8221;3\/4&#8243;][vc_custom_heading text=&#8221;S\u00e9parateurs compos\u00e9s d&#8217;un bloc lamellaire (K.O. DRUMS)&#8221; font_container=&#8221;tag:h2|text_align:left|color:%230c397d&#8221; google_fonts=&#8221;font_family:Arimo%3Aregular%2Citalic%2C700%2C700italic|font_style:700%20bold%20regular%3A700%3Anormal&#8221;][\/vc_column][\/vc_row][vc_row css=&#8221;.vc_custom_1540203758217{margin-top: -40px !important;}&#8221;][vc_column width=&#8221;1\/4&#8243; el_class=&#8221;menu-products&#8221; offset=&#8221;vc_hidden-sm vc_hidden-xs&#8221;]<style>#b_b3xmts418ssctekv3ojd a{color:#000000; background:; border-style:solid; border-color:#000000; margin-top:0px; margin-bottom:0px;  margin-left:0px; margin-right:0px; font-weight:700; border-radius:0px;}#b_b3xmts418ssctekv3ojd a:hover{color:#ffffff ; background:#0c397d ; border-color:#0c397d;}<\/style><div class=\"ta_center tf_btn_pos\" id=\"b_b3xmts418ssctekv3ojd\" ><a class=\"rd_stroke_bt mediumlarge_rd_bt border_1px  \" href=\"http:\/\/stiti.it\/index.php\/fr\/usines-a-gaz\/\" target=\"\" >USINES A GAZ<\/a><\/div><style>#b_hwygrz7qmk26irxmmrhr a{color:#000000; background:; border-style:solid; border-color:#000000; margin-top:10px; margin-bottom:10px;  margin-left:0px; margin-right:0px; font-weight:700; border-radius:0px;}#b_hwygrz7qmk26irxmmrhr a:hover{color:#ffffff ; background:#0c397d ; border-color:#0c397d;}<\/style><div class=\"ta_center tf_btn_pos\" id=\"b_hwygrz7qmk26irxmmrhr\" ><a class=\"rd_stroke_bt mediumlarge_rd_bt border_1px  \" href=\"http:\/\/stiti.it\/index.php\/fr\/stations-de-traitement-de-produits-liquides\/\" target=\"\" >STATIONS DE TRAITEMENT DE PRODUITS LIQUIDES<\/a><\/div><style>#b_pc6m6n0l7lbncf1t0ybj a{color:#000000; background:; border-style:solid; border-color:#000000; margin-top:10px; margin-bottom:10px;  margin-left:0px; margin-right:0px; font-weight:700; border-radius:0px;}#b_pc6m6n0l7lbncf1t0ybj a:hover{color:#ffffff ; background:#0c397d ; border-color:#0c397d;}<\/style><div class=\"ta_center tf_btn_pos\" id=\"b_pc6m6n0l7lbncf1t0ybj\" ><a class=\"rd_stroke_bt mediumlarge_rd_bt border_1px  \" href=\"http:\/\/stiti.it\/index.php\/fr\/filtres-a-cartouche\/\" target=\"\" >FILTRES A CARTOUCHE<\/a><\/div><style>#b_15bzgez8l0kbyegfa0kk a{color:#000000; background:; border-style:solid; border-color:#000000; margin-top:10px; margin-bottom:10px;  margin-left:0px; margin-right:0px; font-weight:700; border-radius:0px;}#b_15bzgez8l0kbyegfa0kk a:hover{color:#ffffff ; background:#0c397d ; border-color:#0c397d;}<\/style><div class=\"ta_center tf_btn_pos\" id=\"b_15bzgez8l0kbyegfa0kk\" ><a class=\"rd_stroke_bt mediumlarge_rd_bt border_1px  \" href=\"http:\/\/stiti.it\/index.php\/fr\/filtres-separateurs-a-deux-etages\/\" target=\"\" >FILTERS S\u00c9PARATORS<\/a><\/div><style>#b_0v1ijgj5pyvrawcgj4oy a{color:#000000; background:; border-style:solid; border-color:#000000; margin-top:10px; margin-bottom:10px;  margin-left:0px; margin-right:0px; font-weight:700; border-radius:0px;}#b_0v1ijgj5pyvrawcgj4oy a:hover{color:#ffffff ; background:#0c397d ; border-color:#0c397d;}<\/style><div class=\"ta_center tf_btn_pos\" id=\"b_0v1ijgj5pyvrawcgj4oy\" ><a class=\"rd_stroke_bt mediumlarge_rd_bt border_1px  \" href=\"http:\/\/stiti.it\/index.php\/fr\/separateurs-a-cyclones\/\" target=\"\" >SEPARATEURS A CYCLONES<\/a><\/div><style>#b_52no6d4fttvcomriqgc5 a{color:#000000; background:; border-style:solid; border-color:#000000; margin-top:10px; margin-bottom:10px;  margin-left:0px; margin-right:0px; font-weight:700; border-radius:0px;}#b_52no6d4fttvcomriqgc5 a:hover{color:#ffffff ; background:#0c397d ; border-color:#0c397d;}<\/style><div class=\"ta_center tf_btn_pos\" id=\"b_52no6d4fttvcomriqgc5\" ><a class=\"rd_stroke_bt mediumlarge_rd_bt border_1px  \" href=\"http:\/\/stiti.it\/index.php\/fr\/k-o-drums-3\/\" target=\"\" >K.O. DRUMS<\/a><\/div><style>#b_y7frwu8b1p72zmck7xg5 a{color:#000000; background:; border-style:solid; border-color:#000000; margin-top:10px; margin-bottom:10px;  margin-left:0px; margin-right:0px; font-weight:700; border-radius:0px;}#b_y7frwu8b1p72zmck7xg5 a:hover{color:#ffffff ; background:#0c397d ; border-color:#0c397d;}<\/style><div class=\"ta_center tf_btn_pos\" id=\"b_y7frwu8b1p72zmck7xg5\" ><a class=\"rd_stroke_bt mediumlarge_rd_bt border_1px  \" href=\"http:\/\/stiti.it\/index.php\/fr\/echangeurs-thermiques\/\" target=\"\" >ECHANGEURS THERMIQUES<\/a><\/div><style>#b_03jmpcipgbzedr4a1h8f a{color:#000000; background:; border-style:solid; border-color:#000000; margin-top:10px; margin-bottom:10px;  margin-left:0px; margin-right:0px; font-weight:700; border-radius:0px;}#b_03jmpcipgbzedr4a1h8f a:hover{color:#ffffff ; background:#0c397d ; border-color:#0c397d;}<\/style><div class=\"ta_center tf_btn_pos\" id=\"b_03jmpcipgbzedr4a1h8f\" ><a class=\"rd_stroke_bt mediumlarge_rd_bt border_1px  \" href=\"http:\/\/stiti.it\/index.php\/fr\/odoriseur\/\" target=\"\" >ODORISEURS<\/a><\/div><style>#b_3ldszd0n0fzikcz36hj8 a{color:#000000; background:; border-style:solid; border-color:#000000; margin-top:10px; margin-bottom:10px;  margin-left:0px; margin-right:0px; font-weight:700; border-radius:0px;}#b_3ldszd0n0fzikcz36hj8 a:hover{color:#ffffff ; background:#0c397d ; border-color:#0c397d;}<\/style><div class=\"ta_center tf_btn_pos\" id=\"b_3ldszd0n0fzikcz36hj8\" ><a class=\"rd_stroke_bt mediumlarge_rd_bt border_1px  \" href=\"http:\/\/stiti.it\/index.php\/fr\/gare\/\" target=\"\" >GARES<\/a><\/div><style>#b_6pl662n4k2i1jrnt3lrj a{color:#000000; background:; border-style:solid; border-color:#000000; margin-top:10px; margin-bottom:10px;  margin-left:0px; margin-right:0px; font-weight:700; border-radius:0px;}#b_6pl662n4k2i1jrnt3lrj a:hover{color:#ffffff ; background:#0c397d ; border-color:#0c397d;}<\/style><div class=\"ta_center tf_btn_pos\" id=\"b_6pl662n4k2i1jrnt3lrj\" ><a class=\"rd_stroke_bt mediumlarge_rd_bt border_1px  \" href=\"http:\/\/stiti.it\/index.php\/fr\/torches-froides\/\" target=\"\" >TORCHES FROIDES<\/a><\/div><style>#b_7qep0gj3e47x1qn50jwc a{color:#000000; background:; border-style:solid; border-color:#000000; margin-top:10px; margin-bottom:10px;  margin-left:0px; margin-right:0px; font-weight:700; border-radius:0px;}#b_7qep0gj3e47x1qn50jwc a:hover{color:#ffffff ; background:#0c397d ; border-color:#0c397d;}<\/style><div class=\"ta_center tf_btn_pos\" id=\"b_7qep0gj3e47x1qn50jwc\" ><a class=\"rd_stroke_bt mediumlarge_rd_bt border_1px  \" href=\"http:\/\/stiti.it\/index.php\/fr\/gardes-hydrauliques\/\" target=\"\" >GARDES HYDRAULIQUES<\/a><\/div><style>#b_acm8fd44mrsvmkbz63lb a{color:#000000; background:; border-style:solid; border-color:#000000; margin-top:10px; margin-bottom:10px;  margin-left:0px; margin-right:0px; font-weight:700; border-radius:0px;}#b_acm8fd44mrsvmkbz63lb a:hover{color:#ffffff ; background:#0c397d ; border-color:#0c397d;}<\/style><div class=\"ta_center tf_btn_pos\" id=\"b_acm8fd44mrsvmkbz63lb\" ><a class=\"rd_stroke_bt mediumlarge_rd_bt border_1px  \" href=\"http:\/\/stiti.it\/index.php\/fr\/fermetures-rapides-qoc\/\" target=\"\" >FERMETURES RAPIDES QOC<\/a><\/div><style>#b_e3ny7b80rjkec6uskvn6 a{color:#000000; background:; border-style:solid; border-color:#000000; margin-top:10px; margin-bottom:10px;  margin-left:0px; margin-right:0px; font-weight:700; border-radius:0px;}#b_e3ny7b80rjkec6uskvn6 a:hover{color:#ffffff ; background:#0c397d ; border-color:#0c397d;}<\/style><div class=\"ta_center tf_btn_pos\" id=\"b_e3ny7b80rjkec6uskvn6\" ><a class=\"rd_stroke_bt mediumlarge_rd_bt border_1px  \" href=\"http:\/\/stiti.it\/index.php\/fr\/structures-en-acier\/\" target=\"\" >STRUCTURES EN ACIER<\/a><\/div>[\/vc_column][vc_column width=&#8221;3\/4&#8243;]<style>#ic_nffzoaq87h0j3akfrxsg {margin:0px auto 0px; }#ic_nffzoaq87h0j3akfrxsg .ic_left,#ic_nffzoaq87h0j3akfrxsg .ic_right,#ic_nffzoaq87h0j3akfrxsg .ic_left:after,#ic_nffzoaq87h0j3akfrxsg .ic_right:after{border-color:#ecf0f1; background:#ffffff; color:#a1b1bc; }#ic_nffzoaq87h0j3akfrxsg .ic_left:hover,#ic_nffzoaq87h0j3akfrxsg .ic_right:hover,#ic_nffzoaq87h0j3akfrxsg .ic_left:hover:after,#ic_nffzoaq87h0j3akfrxsg .ic_right:hover:after{background:#f9fafb; color:#2c3e50; }#ic_nffzoaq87h0j3akfrxsg .rd_ic_pager a{border-color:#ecf0f1; background:#ffffff; color:#a1b1bc; }#ic_nffzoaq87h0j3akfrxsg .rd_ic_pager a:hover{border-color:#288bd0; background:#288bd0; color:#ffffff; }<\/style><script type=\"text\/javascript\" charset=\"utf-8\">\r\n\t\t\t\t\r\n\t\tjQuery.noConflict();\r\n\t\/\/setup up Carousel\r\n\t\tjQuery(document).ready(function($) {\t\r\n\t\t\t\r\n\t\t\"use strict\";\r\n\t\t\r\n\t\t\t$(window).load(function(){\r\n\t\t$(\"#ic_nffzoaq87h0j3akfrxsg .rd_img_carousel\").carouFredSel({\r\n\t\t\t\t\t\r\n\t\t\t\t\tresponsive: true,\r\n\t\t\t\t\twidth: \"100%\",scroll:  { items:1,duration: 800},\r\n\t\t\t\t\tauto: true,\r\n\t\t\t\t\tprev: \"#ic_nffzoaq87h0j3akfrxsg .ic_left\",\r\n\t\t\t\t\tnext: \"#ic_nffzoaq87h0j3akfrxsg .ic_right\",\r\n\t\t\t\t\tpagination: \"#ic_nffzoaq87h0j3akfrxsg_pager\",\r\n\t\t\t\t\theight : \"variable\",\r\n\t\t\t\t\tswipe       : {\r\n             \t\t   onTouch     : true,\r\n\t\t               onMouse     : false\r\n        \t\t    },\r\n\t\t\t\t\titems: {\r\n\t\t\t\t\theight : \"variable\",\r\n\t\t\t\t\t\tvisible: {\r\n\t\t\t\t\t\t\tmin: 1,\r\n\t\t\t\t\t\t\tmax: 1\r\n\t\t\t\t\t\t}\r\n\t\t\t\t\t}\r\n\t\t\t\t});\r\n\t\t\t\t});\r\n\t\t\t\t});\r\n\t<\/script><div class=\"rd_img_carousel_ctn  hover_nav_style\" id=\"ic_nffzoaq87h0j3akfrxsg\"><div class=\"ic_nav\"><div class=\"ic_left\" ><\/div><div class=\"ic_right\" ><\/div><\/div><div class=\"rd_img_carousel\"><img width=\"1170\" height=\"655\" src=\"https:\/\/i0.wp.com\/stiti.it\/wp-content\/uploads\/2018\/10\/DRUMS_def1.jpg?resize=1170%2C655&#038;ssl=1\" class=\"attachment-full\" alt=\"\" loading=\"lazy\" srcset=\"https:\/\/i0.wp.com\/stiti.it\/wp-content\/uploads\/2018\/10\/DRUMS_def1.jpg?w=1830&amp;ssl=1 1830w, https:\/\/i0.wp.com\/stiti.it\/wp-content\/uploads\/2018\/10\/DRUMS_def1.jpg?resize=300%2C168&amp;ssl=1 300w, https:\/\/i0.wp.com\/stiti.it\/wp-content\/uploads\/2018\/10\/DRUMS_def1.jpg?resize=768%2C430&amp;ssl=1 768w, https:\/\/i0.wp.com\/stiti.it\/wp-content\/uploads\/2018\/10\/DRUMS_def1.jpg?resize=1024%2C573&amp;ssl=1 1024w, https:\/\/i0.wp.com\/stiti.it\/wp-content\/uploads\/2018\/10\/DRUMS_def1.jpg?resize=1536%2C859&amp;ssl=1 1536w\" sizes=\"(max-width: 1170px) 100vw, 1170px\" data-recalc-dims=\"1\" \/><\/div><\/div>[vc_row_inner css=&#8221;.vc_custom_1539771936994{margin-top: 50px !important;}&#8221;][vc_column_inner width=&#8221;2\/3&#8243;][vc_column_text]<\/p>\n<p style=\"text-align: justify;\"><span style=\"color: #000000;\">Les s\u00e9parateurs compos\u00e9s d&#8217;un bloc lamellaire (K.O. DRUMS) con\u00e7us et fabriqu\u00e9s par S.T.I.T.I. permettent d&#8217;\u00e9liminer les particules liquides contenues dans un gaz en employant un bloc lamellaire (aube de d\u00e9sembuage).<\/span><\/p>\n<p><span style=\"color: #000000;\">Le gaz entre dans l&#8217;appareil et traverse le bloc lamellaire. Les changements soudains de direction repoussent les particules liquides contre les parois de la t\u00f4le.<\/span><\/p>\n<p><span style=\"color: #000000;\">Les gouttes s&#8217;unissant pour former des gouttes de tailles plus grandes tombent par gravit\u00e9 dans la partie inf\u00e9rieure o\u00f9 elles sont recueillies et drain\u00e9es.<\/span><\/p>\n<p><span style=\"color: #000000;\">Des s\u00e9parateurs peuvent \u00eatre fournis pour n&#8217;importe quelle condition op\u00e9rationnelle et r\u00e9glementaire.<\/span>[\/vc_column_text][\/vc_column_inner][vc_column_inner el_class=&#8221;ko-drums-inner&#8221; width=&#8221;1\/3&#8243;][vc_single_image image=&#8221;7639&#8243; img_size=&#8221;medium&#8221; alignment=&#8221;center&#8221; onclick=&#8221;img_link_large&#8221; img_link_target=&#8221;_blank&#8221;][\/vc_column_inner][\/vc_row_inner][\/vc_column][\/vc_row]<\/p>\n","protected":false},"excerpt":{"rendered":"<p>[vc_row type=&#8221;full-width-content&#8221;][vc_column][vc_single_image image=&#8221;7359&#8243; img_size=&#8221;full&#8221; alignment=&#8221;center&#8221;][\/vc_column][\/vc_row][vc_row][vc_column width=&#8221;1\/4&#8243;][\/vc_column][vc_column width=&#8221;3\/4&#8243;][vc_custom_heading text=&#8221;S\u00e9parateurs compos\u00e9s d&#8217;un bloc lamellaire (K.O. DRUMS)&#8221; font_container=&#8221;tag:h2|text_align:left|color:%230c397d&#8221; google_fonts=&#8221;font_family:Arimo%3Aregular%2Citalic%2C700%2C700italic|font_style:700%20bold%20regular%3A700%3Anormal&#8221;][\/vc_column][\/vc_row][vc_row css=&#8221;.vc_custom_1540203758217{margin-top: -40px !important;}&#8221;][vc_column width=&#8221;1\/4&#8243; el_class=&#8221;menu-products&#8221; offset=&#8221;vc_hidden-sm vc_hidden-xs&#8221;]USINES A GAZSTATIONS DE TRAITEMENT DE PRODUITS LIQUIDESFILTRES A CARTOUCHEFILTERS S\u00c9PARATORSSEPARATEURS A CYCLONESK.O. DRUMSECHANGEURS THERMIQUESODORISEURSGARESTORCHES FROIDESGARDES HYDRAULIQUESFERMETURES RAPIDES QOCSTRUCTURES EN ACIER[\/vc_column][vc_column width=&#8221;3\/4&#8243;][vc_row_inner css=&#8221;.vc_custom_1539771936994{margin-top: 50px !important;}&#8221;][vc_column_inner width=&#8221;2\/3&#8243;][vc_column_text] Les s\u00e9parateurs compos\u00e9s d&#8217;un bloc lamellaire (K.O.<br \/><a href=\"https:\/\/stiti.it\/index.php\/fr\/k-o-drums-3\/\" class=\"more\">Read more<\/a><\/p>\n","protected":false},"author":1,"featured_media":0,"parent":0,"menu_order":0,"comment_status":"closed","ping_status":"closed","template":"","meta":[],"_links":{"self":[{"href":"https:\/\/stiti.it\/index.php\/wp-json\/wp\/v2\/pages\/8176"}],"collection":[{"href":"https:\/\/stiti.it\/index.php\/wp-json\/wp\/v2\/pages"}],"about":[{"href":"https:\/\/stiti.it\/index.php\/wp-json\/wp\/v2\/types\/page"}],"author":[{"embeddable":true,"href":"https:\/\/stiti.it\/index.php\/wp-json\/wp\/v2\/users\/1"}],"replies":[{"embeddable":true,"href":"https:\/\/stiti.it\/index.php\/wp-json\/wp\/v2\/comments?post=8176"}],"version-history":[{"count":7,"href":"https:\/\/stiti.it\/index.php\/wp-json\/wp\/v2\/pages\/8176\/revisions"}],"predecessor-version":[{"id":9133,"href":"https:\/\/stiti.it\/index.php\/wp-json\/wp\/v2\/pages\/8176\/revisions\/9133"}],"wp:attachment":[{"href":"https:\/\/stiti.it\/index.php\/wp-json\/wp\/v2\/media?parent=8176"}],"curies":[{"name":"wp","href":"https:\/\/api.w.org\/{rel}","templated":true}]}}