{"id":8163,"date":"2018-10-24T14:15:06","date_gmt":"2018-10-24T14:15:06","guid":{"rendered":"http:\/\/stiti.it\/?page_id=8163"},"modified":"2018-12-04T08:26:57","modified_gmt":"2018-12-04T08:26:57","slug":"stations-de-traitement-de-produits-liquides","status":"publish","type":"page","link":"https:\/\/stiti.it\/index.php\/fr\/stations-de-traitement-de-produits-liquides\/","title":{"rendered":"STATIONS DE TRAITEMENT DE PRODUITS LIQUIDES"},"content":{"rendered":"<p>[vc_row type=&#8221;full-width-content&#8221;][vc_column][vc_single_image image=&#8221;7359&#8243; img_size=&#8221;full&#8221; alignment=&#8221;center&#8221;][\/vc_column][\/vc_row][vc_row][vc_column width=&#8221;1\/4&#8243;][\/vc_column][vc_column width=&#8221;3\/4&#8243;][vc_custom_heading text=&#8221;Stations de traitement de produits liquides&#8221; font_container=&#8221;tag:h2|text_align:left|color:%230c397d&#8221; google_fonts=&#8221;font_family:Arimo%3Aregular%2Citalic%2C700%2C700italic|font_style:700%20bold%20regular%3A700%3Anormal&#8221;][\/vc_column][\/vc_row][vc_row css=&#8221;.vc_custom_1540203627034{margin-top: -40px !important;}&#8221;][vc_column width=&#8221;1\/4&#8243; el_class=&#8221;menu-products&#8221; offset=&#8221;vc_hidden-sm vc_hidden-xs&#8221;]<style>#b_89ppmehnr2m3nh7npedf a{color:#000000; background:; border-style:solid; border-color:#000000; margin-top:0px; margin-bottom:0px;  margin-left:0px; margin-right:0px; font-weight:700; border-radius:0px;}#b_89ppmehnr2m3nh7npedf a:hover{color:#ffffff ; background:#0c397d ; border-color:#0c397d;}<\/style><div class=\"ta_center tf_btn_pos\" id=\"b_89ppmehnr2m3nh7npedf\" ><a class=\"rd_stroke_bt mediumlarge_rd_bt border_1px  \" href=\"http:\/\/stiti.it\/index.php\/fr\/usines-a-gaz\/\" target=\"\" >USINES A GAZ<\/a><\/div><style>#b_kfmk80h81ot2mxo1qpkr a{color:#000000; background:; border-style:solid; border-color:#000000; margin-top:10px; margin-bottom:10px;  margin-left:0px; margin-right:0px; font-weight:700; border-radius:0px;}#b_kfmk80h81ot2mxo1qpkr a:hover{color:#ffffff ; background:#0c397d ; border-color:#0c397d;}<\/style><div class=\"ta_center tf_btn_pos\" id=\"b_kfmk80h81ot2mxo1qpkr\" ><a class=\"rd_stroke_bt mediumlarge_rd_bt border_1px  \" href=\"http:\/\/stiti.it\/index.php\/fr\/stations-de-traitement-de-produits-liquides\/\" target=\"\" >STATIONS DE TRAITEMENT DE PRODUITS LIQUIDES<\/a><\/div><style>#b_t969umw4kkofqv4jfwsi a{color:#000000; background:; border-style:solid; border-color:#000000; margin-top:10px; margin-bottom:10px;  margin-left:0px; margin-right:0px; font-weight:700; border-radius:0px;}#b_t969umw4kkofqv4jfwsi a:hover{color:#ffffff ; background:#0c397d ; border-color:#0c397d;}<\/style><div class=\"ta_center tf_btn_pos\" id=\"b_t969umw4kkofqv4jfwsi\" ><a class=\"rd_stroke_bt mediumlarge_rd_bt border_1px  \" href=\"http:\/\/stiti.it\/index.php\/fr\/filtres-a-cartouche\/\" target=\"\" >FILTRES A CARTOUCHE<\/a><\/div><style>#b_mrqd5mpocju8syrij7fx a{color:#000000; background:; border-style:solid; border-color:#000000; margin-top:10px; margin-bottom:10px;  margin-left:0px; margin-right:0px; font-weight:700; border-radius:0px;}#b_mrqd5mpocju8syrij7fx a:hover{color:#ffffff ; background:#0c397d ; border-color:#0c397d;}<\/style><div class=\"ta_center tf_btn_pos\" id=\"b_mrqd5mpocju8syrij7fx\" ><a class=\"rd_stroke_bt mediumlarge_rd_bt border_1px  \" href=\"http:\/\/stiti.it\/index.php\/fr\/filtres-separateurs-a-deux-etages\/\" target=\"\" >FILTERS S\u00c9PARATORS<\/a><\/div><style>#b_ous4otovrygzqm6tahjf a{color:#000000; background:; border-style:solid; border-color:#000000; margin-top:10px; margin-bottom:10px;  margin-left:0px; margin-right:0px; font-weight:700; border-radius:0px;}#b_ous4otovrygzqm6tahjf a:hover{color:#ffffff ; background:#0c397d ; border-color:#0c397d;}<\/style><div class=\"ta_center tf_btn_pos\" id=\"b_ous4otovrygzqm6tahjf\" ><a class=\"rd_stroke_bt mediumlarge_rd_bt border_1px  \" href=\"http:\/\/stiti.it\/index.php\/fr\/separateurs-a-cyclones\/\" target=\"\" >SEPARATEURS A CYCLONES<\/a><\/div><style>#b_7cyscnu556w7aotpuh4i a{color:#000000; background:; border-style:solid; border-color:#000000; margin-top:10px; margin-bottom:10px;  margin-left:0px; margin-right:0px; font-weight:700; border-radius:0px;}#b_7cyscnu556w7aotpuh4i a:hover{color:#ffffff ; background:#0c397d ; border-color:#0c397d;}<\/style><div class=\"ta_center tf_btn_pos\" id=\"b_7cyscnu556w7aotpuh4i\" ><a class=\"rd_stroke_bt mediumlarge_rd_bt border_1px  \" href=\"http:\/\/stiti.it\/index.php\/fr\/k-o-drums-3\/\" target=\"\" >K.O. DRUMS<\/a><\/div><style>#b_he95fqkcju9vdpwmv6ze a{color:#000000; background:; border-style:solid; border-color:#000000; margin-top:10px; margin-bottom:10px;  margin-left:0px; margin-right:0px; font-weight:700; border-radius:0px;}#b_he95fqkcju9vdpwmv6ze a:hover{color:#ffffff ; background:#0c397d ; border-color:#0c397d;}<\/style><div class=\"ta_center tf_btn_pos\" id=\"b_he95fqkcju9vdpwmv6ze\" ><a class=\"rd_stroke_bt mediumlarge_rd_bt border_1px  \" href=\"http:\/\/stiti.it\/index.php\/fr\/echangeurs-thermiques\/\" target=\"\" >ECHANGEURS THERMIQUES<\/a><\/div><style>#b_18d4fu0fat97sbth1b63 a{color:#000000; background:; border-style:solid; border-color:#000000; margin-top:10px; margin-bottom:10px;  margin-left:0px; margin-right:0px; font-weight:700; border-radius:0px;}#b_18d4fu0fat97sbth1b63 a:hover{color:#ffffff ; background:#0c397d ; border-color:#0c397d;}<\/style><div class=\"ta_center tf_btn_pos\" id=\"b_18d4fu0fat97sbth1b63\" ><a class=\"rd_stroke_bt mediumlarge_rd_bt border_1px  \" href=\"http:\/\/stiti.it\/index.php\/fr\/odoriseur\/\" target=\"\" >ODORISEURS<\/a><\/div><style>#b_bg4qrivbmc3p9rcnms63 a{color:#000000; background:; border-style:solid; border-color:#000000; margin-top:10px; margin-bottom:10px;  margin-left:0px; margin-right:0px; font-weight:700; border-radius:0px;}#b_bg4qrivbmc3p9rcnms63 a:hover{color:#ffffff ; background:#0c397d ; border-color:#0c397d;}<\/style><div class=\"ta_center tf_btn_pos\" id=\"b_bg4qrivbmc3p9rcnms63\" ><a class=\"rd_stroke_bt mediumlarge_rd_bt border_1px  \" href=\"http:\/\/stiti.it\/index.php\/fr\/gare\/\" target=\"\" >GARES<\/a><\/div><style>#b_f1rl7hskzy99wc6evrad a{color:#000000; background:; border-style:solid; border-color:#000000; margin-top:10px; margin-bottom:10px;  margin-left:0px; margin-right:0px; font-weight:700; border-radius:0px;}#b_f1rl7hskzy99wc6evrad a:hover{color:#ffffff ; background:#0c397d ; border-color:#0c397d;}<\/style><div class=\"ta_center tf_btn_pos\" id=\"b_f1rl7hskzy99wc6evrad\" ><a class=\"rd_stroke_bt mediumlarge_rd_bt border_1px  \" href=\"http:\/\/stiti.it\/index.php\/fr\/torches-froides\/\" target=\"\" >TORCHES FROIDES<\/a><\/div><style>#b_qp865ehnb54xzl8e6mps a{color:#000000; background:; border-style:solid; border-color:#000000; margin-top:10px; margin-bottom:10px;  margin-left:0px; margin-right:0px; font-weight:700; border-radius:0px;}#b_qp865ehnb54xzl8e6mps a:hover{color:#ffffff ; background:#0c397d ; border-color:#0c397d;}<\/style><div class=\"ta_center tf_btn_pos\" id=\"b_qp865ehnb54xzl8e6mps\" ><a class=\"rd_stroke_bt mediumlarge_rd_bt border_1px  \" href=\"http:\/\/stiti.it\/index.php\/fr\/gardes-hydrauliques\/\" target=\"\" >GARDES HYDRAULIQUES<\/a><\/div><style>#b_60ed5gcvt06spl5is5rh a{color:#000000; background:; border-style:solid; border-color:#000000; margin-top:10px; margin-bottom:10px;  margin-left:0px; margin-right:0px; font-weight:700; border-radius:0px;}#b_60ed5gcvt06spl5is5rh a:hover{color:#ffffff ; background:#0c397d ; border-color:#0c397d;}<\/style><div class=\"ta_center tf_btn_pos\" id=\"b_60ed5gcvt06spl5is5rh\" ><a class=\"rd_stroke_bt mediumlarge_rd_bt border_1px  \" href=\"http:\/\/stiti.it\/index.php\/fr\/fermetures-rapides-qoc\/\" target=\"\" >FERMETURES RAPIDES QOC<\/a><\/div><style>#b_as15jo4u0c2my25cso9t a{color:#000000; background:; border-style:solid; border-color:#000000; margin-top:10px; margin-bottom:10px;  margin-left:0px; margin-right:0px; font-weight:700; border-radius:0px;}#b_as15jo4u0c2my25cso9t a:hover{color:#ffffff ; background:#0c397d ; border-color:#0c397d;}<\/style><div class=\"ta_center tf_btn_pos\" id=\"b_as15jo4u0c2my25cso9t\" ><a class=\"rd_stroke_bt mediumlarge_rd_bt border_1px  \" href=\"http:\/\/stiti.it\/index.php\/fr\/structures-en-acier\/\" target=\"\" >STRUCTURES EN ACIER<\/a><\/div>[\/vc_column][vc_column width=&#8221;3\/4&#8243;]<style>#ic_31zsywz2uufgx771cz5f {margin:0px auto 0px; }#ic_31zsywz2uufgx771cz5f .ic_left,#ic_31zsywz2uufgx771cz5f .ic_right,#ic_31zsywz2uufgx771cz5f .ic_left:after,#ic_31zsywz2uufgx771cz5f .ic_right:after{border-color:#ecf0f1; background:#ffffff; color:#a1b1bc; }#ic_31zsywz2uufgx771cz5f .ic_left:hover,#ic_31zsywz2uufgx771cz5f .ic_right:hover,#ic_31zsywz2uufgx771cz5f .ic_left:hover:after,#ic_31zsywz2uufgx771cz5f .ic_right:hover:after{background:#f9fafb; color:#2c3e50; }#ic_31zsywz2uufgx771cz5f .rd_ic_pager a{border-color:#ecf0f1; background:#ffffff; color:#a1b1bc; }#ic_31zsywz2uufgx771cz5f .rd_ic_pager a:hover{border-color:#288bd0; background:#288bd0; color:#ffffff; }<\/style><script type=\"text\/javascript\" charset=\"utf-8\">\r\n\t\t\t\t\r\n\t\tjQuery.noConflict();\r\n\t\/\/setup up Carousel\r\n\t\tjQuery(document).ready(function($) {\t\r\n\t\t\t\r\n\t\t\"use strict\";\r\n\t\t\r\n\t\t\t$(window).load(function(){\r\n\t\t$(\"#ic_31zsywz2uufgx771cz5f .rd_img_carousel\").carouFredSel({\r\n\t\t\t\t\t\r\n\t\t\t\t\tresponsive: true,\r\n\t\t\t\t\twidth: \"100%\",scroll:  { items:1,duration: 800},\r\n\t\t\t\t\tauto: true,\r\n\t\t\t\t\tprev: \"#ic_31zsywz2uufgx771cz5f .ic_left\",\r\n\t\t\t\t\tnext: \"#ic_31zsywz2uufgx771cz5f .ic_right\",\r\n\t\t\t\t\tpagination: \"#ic_31zsywz2uufgx771cz5f_pager\",\r\n\t\t\t\t\theight : \"variable\",\r\n\t\t\t\t\tswipe       : {\r\n             \t\t   onTouch     : true,\r\n\t\t               onMouse     : false\r\n        \t\t    },\r\n\t\t\t\t\titems: {\r\n\t\t\t\t\theight : \"variable\",\r\n\t\t\t\t\t\tvisible: {\r\n\t\t\t\t\t\t\tmin: 1,\r\n\t\t\t\t\t\t\tmax: 1\r\n\t\t\t\t\t\t}\r\n\t\t\t\t\t}\r\n\t\t\t\t});\r\n\t\t\t\t});\r\n\t\t\t\t});\r\n\t<\/script><div class=\"rd_img_carousel_ctn  hover_nav_style\" id=\"ic_31zsywz2uufgx771cz5f\"><div class=\"ic_nav\"><div class=\"ic_left\" ><\/div><div class=\"ic_right\" ><\/div><\/div><div class=\"rd_img_carousel\"><img width=\"1170\" height=\"655\" src=\"https:\/\/i0.wp.com\/stiti.it\/wp-content\/uploads\/2018\/10\/impianto-liquidi2.jpg?resize=1170%2C655&#038;ssl=1\" class=\"attachment-full\" alt=\"\" loading=\"lazy\" srcset=\"https:\/\/i0.wp.com\/stiti.it\/wp-content\/uploads\/2018\/10\/impianto-liquidi2.jpg?w=1830&amp;ssl=1 1830w, https:\/\/i0.wp.com\/stiti.it\/wp-content\/uploads\/2018\/10\/impianto-liquidi2.jpg?resize=300%2C168&amp;ssl=1 300w, https:\/\/i0.wp.com\/stiti.it\/wp-content\/uploads\/2018\/10\/impianto-liquidi2.jpg?resize=768%2C430&amp;ssl=1 768w, https:\/\/i0.wp.com\/stiti.it\/wp-content\/uploads\/2018\/10\/impianto-liquidi2.jpg?resize=1024%2C573&amp;ssl=1 1024w, https:\/\/i0.wp.com\/stiti.it\/wp-content\/uploads\/2018\/10\/impianto-liquidi2.jpg?resize=1536%2C859&amp;ssl=1 1536w\" sizes=\"(max-width: 1170px) 100vw, 1170px\" data-recalc-dims=\"1\" \/><img width=\"1170\" height=\"655\" src=\"https:\/\/i0.wp.com\/stiti.it\/wp-content\/uploads\/2018\/10\/impianto-liquidiok.jpg?resize=1170%2C655&#038;ssl=1\" class=\"attachment-full\" alt=\"\" loading=\"lazy\" srcset=\"https:\/\/i0.wp.com\/stiti.it\/wp-content\/uploads\/2018\/10\/impianto-liquidiok.jpg?w=1830&amp;ssl=1 1830w, https:\/\/i0.wp.com\/stiti.it\/wp-content\/uploads\/2018\/10\/impianto-liquidiok.jpg?resize=300%2C168&amp;ssl=1 300w, https:\/\/i0.wp.com\/stiti.it\/wp-content\/uploads\/2018\/10\/impianto-liquidiok.jpg?resize=768%2C430&amp;ssl=1 768w, https:\/\/i0.wp.com\/stiti.it\/wp-content\/uploads\/2018\/10\/impianto-liquidiok.jpg?resize=1024%2C573&amp;ssl=1 1024w, https:\/\/i0.wp.com\/stiti.it\/wp-content\/uploads\/2018\/10\/impianto-liquidiok.jpg?resize=1536%2C859&amp;ssl=1 1536w\" sizes=\"(max-width: 1170px) 100vw, 1170px\" data-recalc-dims=\"1\" \/><\/div><\/div>[vc_row_inner css=&#8221;.vc_custom_1539760150822{margin-top: 50px !important;}&#8221;][vc_column_inner][vc_column_text]<\/p>\n<p style=\"text-align: justify;\"><span style=\"color: #000000;\">STITI est en mesure de fournir des usines compl\u00e8tes &#8220;cl\u00e9s en main&#8221; destin\u00e9es au filtrage, la s\u00e9paration, le chauffage, la r\u00e9duction et la mesure d&#8217;hydrocarbures liquides (\u00e9thyl\u00e8ne, fioul domestique, GPL, etc.) Nous concevons et r\u00e9alisons des stations qui sont en mesure de satisfaire toutes les exigences du client et de standard demand\u00e9. Dans le cadre de la fourniture d&#8217;usine &#8220;cl\u00e9 en main&#8221;, nous effectuons aussi tout un ensemble d&#8217;activit\u00e9s sur place. A la demande du client, nous pouvons nous occuper de la supervision lors de la mise en service et du lancement, de la r\u00e9ception provisoire, de la mise en service, du lancement et de la formation.<\/span><\/p>\n<p>[\/vc_column_text][vc_custom_heading text=&#8221;Typologies d&#8217;usines:&#8221; font_container=&#8221;tag:h3|text_align:left|color:%230c397d&#8221; google_fonts=&#8221;font_family:Arimo%3Aregular%2Citalic%2C700%2C700italic|font_style:700%20bold%20regular%3A700%3Anormal&#8221;][vc_column_text]<\/p>\n<ul>\n<li><span style=\"color: #000000;\">Usines stations de traitement de produits liquides<\/span><\/li>\n<li><span style=\"color: #000000;\">Usines stations de r\u00e9duction et de mesure de produits liquides<\/span><\/li>\n<\/ul>\n<p>[\/vc_column_text][\/vc_column_inner][\/vc_row_inner][\/vc_column][\/vc_row]<\/p>\n","protected":false},"excerpt":{"rendered":"<p>[vc_row type=&#8221;full-width-content&#8221;][vc_column][vc_single_image image=&#8221;7359&#8243; img_size=&#8221;full&#8221; alignment=&#8221;center&#8221;][\/vc_column][\/vc_row][vc_row][vc_column width=&#8221;1\/4&#8243;][\/vc_column][vc_column width=&#8221;3\/4&#8243;][vc_custom_heading text=&#8221;Stations de traitement de produits liquides&#8221; font_container=&#8221;tag:h2|text_align:left|color:%230c397d&#8221; google_fonts=&#8221;font_family:Arimo%3Aregular%2Citalic%2C700%2C700italic|font_style:700%20bold%20regular%3A700%3Anormal&#8221;][\/vc_column][\/vc_row][vc_row css=&#8221;.vc_custom_1540203627034{margin-top: -40px !important;}&#8221;][vc_column width=&#8221;1\/4&#8243; el_class=&#8221;menu-products&#8221; offset=&#8221;vc_hidden-sm vc_hidden-xs&#8221;]USINES A GAZSTATIONS DE TRAITEMENT DE PRODUITS LIQUIDESFILTRES A CARTOUCHEFILTERS S\u00c9PARATORSSEPARATEURS A CYCLONESK.O. DRUMSECHANGEURS THERMIQUESODORISEURSGARESTORCHES FROIDESGARDES HYDRAULIQUESFERMETURES RAPIDES QOCSTRUCTURES EN ACIER[\/vc_column][vc_column width=&#8221;3\/4&#8243;][vc_row_inner css=&#8221;.vc_custom_1539760150822{margin-top: 50px !important;}&#8221;][vc_column_inner][vc_column_text] STITI est en mesure de fournir des usines compl\u00e8tes<br \/><a href=\"https:\/\/stiti.it\/index.php\/fr\/stations-de-traitement-de-produits-liquides\/\" class=\"more\">Read more<\/a><\/p>\n","protected":false},"author":1,"featured_media":0,"parent":0,"menu_order":0,"comment_status":"closed","ping_status":"closed","template":"","meta":[],"_links":{"self":[{"href":"https:\/\/stiti.it\/index.php\/wp-json\/wp\/v2\/pages\/8163"}],"collection":[{"href":"https:\/\/stiti.it\/index.php\/wp-json\/wp\/v2\/pages"}],"about":[{"href":"https:\/\/stiti.it\/index.php\/wp-json\/wp\/v2\/types\/page"}],"author":[{"embeddable":true,"href":"https:\/\/stiti.it\/index.php\/wp-json\/wp\/v2\/users\/1"}],"replies":[{"embeddable":true,"href":"https:\/\/stiti.it\/index.php\/wp-json\/wp\/v2\/comments?post=8163"}],"version-history":[{"count":5,"href":"https:\/\/stiti.it\/index.php\/wp-json\/wp\/v2\/pages\/8163\/revisions"}],"predecessor-version":[{"id":9101,"href":"https:\/\/stiti.it\/index.php\/wp-json\/wp\/v2\/pages\/8163\/revisions\/9101"}],"wp:attachment":[{"href":"https:\/\/stiti.it\/index.php\/wp-json\/wp\/v2\/media?parent=8163"}],"curies":[{"name":"wp","href":"https:\/\/api.w.org\/{rel}","templated":true}]}}