{"id":8032,"date":"2018-10-23T11:01:55","date_gmt":"2018-10-23T11:01:55","guid":{"rendered":"http:\/\/stiti.it\/?page_id=8032"},"modified":"2024-11-06T15:12:50","modified_gmt":"2024-11-06T15:12:50","slug":"dokumentation","status":"publish","type":"page","link":"https:\/\/stiti.it\/index.php\/de\/dokumentation\/","title":{"rendered":"DOKUMENTATION"},"content":{"rendered":"<p>[vc_row type=&#8221;full-width-content&#8221;][vc_column][vc_single_image image=&#8221;7359&#8243; img_size=&#8221;full&#8221; alignment=&#8221;center&#8221;][\/vc_column][\/vc_row][vc_row][vc_column]<style>#b_p9gxmh8ql64renbguf80 a{color:#0c397d; background:; margin-top:0px; margin-bottom:0px;  margin-left:0px; margin-right:0px; font-weight:900; border-radius:0px;}#b_p9gxmh8ql64renbguf80 a:hover{color: ; background: ;}<\/style><div class=\"ta_left tf_btn_pos\" id=\"b_p9gxmh8ql64renbguf80\" ><a class=\"rd_normal_bt mediumlarge_rd_bt bt_icon_left   \" href=\"http:\/\/stiti.it\/wp-content\/uploads\/2018\/12\/Catalogo-S.T.I.T.I_1..pdf\" target=\"yes\" ><i class=\"imf-file-pdf\" ><\/i><span>Katalog<\/span><\/a><\/div><style>#b_p9gxmh8ql64renbguf80 i {color:#0c397d;}#b_p9gxmh8ql64renbguf80 a:hover i{color:;}<\/style><style> @font-face{font-family: 'imf'; src:url('https:\/\/stiti.it\/wp-content\/themes\/TheFox\/includes\/4k-icons\/icons\/4k-icons-pack03\/icons\/fonts\/imf.eot'); src:url('https:\/\/stiti.it\/wp-content\/themes\/TheFox\/includes\/4k-icons\/icons\/4k-icons-pack03\/icons\/fonts\/imf.eot?#iefix') format('embedded-opentype'), url('https:\/\/stiti.it\/wp-content\/themes\/TheFox\/includes\/4k-icons\/icons\/4k-icons-pack03\/icons\/fonts\/imf.woff') format('woff'), url('https:\/\/stiti.it\/wp-content\/themes\/TheFox\/includes\/4k-icons\/icons\/4k-icons-pack03\/icons\/fonts\/imf.ttf') format('truetype'), url('https:\/\/stiti.it\/wp-content\/themes\/TheFox\/includes\/4k-icons\/icons\/4k-icons-pack03\/icons\/fonts\/imf.svg#oi') format('svg'); font-weight: normal; font-style: normal;}#b_p9gxmh8ql64renbguf80 .imf-file-pdf:before{font-family: 'imf'; font-weight: normal; font-style: normal;}#b_p9gxmh8ql64renbguf80 .imf-file-pdf:before{content: \"\\e4e2\";}<\/style>\n<style>#l_aa1wjde8bomy4q8rk2hl{width:1000px;}#l_aa1wjde8bomy4q8rk2hl.sc_line ,#l_aa1wjde8bomy4q8rk2hl .sc_line { height:1px; background:#8ba5bf;}#l_aa1wjde8bomy4q8rk2hl {margin:20px 0 20px 0; padding:0;}<\/style><div class=\"clearfix\"><\/div><div id=\"l_aa1wjde8bomy4q8rk2hl\"  class=\"sc_line rd_line_normal\" ><\/div><style>#b_c8ljljwu39j0f973vfhg a{color:#0c397d; background:; margin-top:0px; margin-bottom:0px;  margin-left:0px; margin-right:0px; font-weight:900; border-radius:0px;}#b_c8ljljwu39j0f973vfhg a:hover{color: ; background: ;}<\/style><div class=\"ta_left tf_btn_pos\" id=\"b_c8ljljwu39j0f973vfhg\" ><a class=\"rd_normal_bt mediumlarge_rd_bt bt_icon_left   \" href=\"http:\/\/stiti.it\/wp-content\/uploads\/2021\/03\/Heat-exchangers-SKI.pdf\" target=\"yes\" ><i class=\"imf-file-pdf\" ><\/i><span>Brosch\u00fcre W\u00e4rmetauscher &#8211; SKI<\/span><\/a><\/div><style>#b_c8ljljwu39j0f973vfhg i {color:#0c397d;}#b_c8ljljwu39j0f973vfhg a:hover i{color:;}<\/style><style> @font-face{font-family: 'imf'; src:url('https:\/\/stiti.it\/wp-content\/themes\/TheFox\/includes\/4k-icons\/icons\/4k-icons-pack03\/icons\/fonts\/imf.eot'); src:url('https:\/\/stiti.it\/wp-content\/themes\/TheFox\/includes\/4k-icons\/icons\/4k-icons-pack03\/icons\/fonts\/imf.eot?#iefix') format('embedded-opentype'), url('https:\/\/stiti.it\/wp-content\/themes\/TheFox\/includes\/4k-icons\/icons\/4k-icons-pack03\/icons\/fonts\/imf.woff') format('woff'), url('https:\/\/stiti.it\/wp-content\/themes\/TheFox\/includes\/4k-icons\/icons\/4k-icons-pack03\/icons\/fonts\/imf.ttf') format('truetype'), url('https:\/\/stiti.it\/wp-content\/themes\/TheFox\/includes\/4k-icons\/icons\/4k-icons-pack03\/icons\/fonts\/imf.svg#oi') format('svg'); font-weight: normal; font-style: normal;}#b_c8ljljwu39j0f973vfhg .imf-file-pdf:before{font-family: 'imf'; font-weight: normal; font-style: normal;}#b_c8ljljwu39j0f973vfhg .imf-file-pdf:before{content: \"\\e4e2\";}<\/style>\n<style>#l_m8z1vg18dqygepw1x8ug{width:1000px;}#l_m8z1vg18dqygepw1x8ug.sc_line ,#l_m8z1vg18dqygepw1x8ug .sc_line { height:1px; background:#8ba5bf;}#l_m8z1vg18dqygepw1x8ug {margin:20px 0 20px 0; padding:0;}<\/style><div class=\"clearfix\"><\/div><div id=\"l_m8z1vg18dqygepw1x8ug\"  class=\"sc_line rd_line_normal\" ><\/div><style>#b_689bl1crohrd166z2gn9 a{color:#0c397d; background:; margin-top:0px; margin-bottom:0px;  margin-left:0px; margin-right:0px; font-weight:900; border-radius:0px;}#b_689bl1crohrd166z2gn9 a:hover{color: ; background: ;}<\/style><div class=\"ta_left tf_btn_pos\" id=\"b_689bl1crohrd166z2gn9\" ><a class=\"rd_normal_bt mediumlarge_rd_bt bt_icon_left   \" href=\"http:\/\/stiti.it\/wp-content\/uploads\/2018\/12\/Filters-BF_1.pdf\" target=\"yes\" ><i class=\"imf-file-pdf\" ><\/i><span>Brosch\u00fcre Filter &#8211; BF<\/span><\/a><\/div><style>#b_689bl1crohrd166z2gn9 i {color:#0c397d;}#b_689bl1crohrd166z2gn9 a:hover i{color:;}<\/style><style> @font-face{font-family: 'imf'; src:url('https:\/\/stiti.it\/wp-content\/themes\/TheFox\/includes\/4k-icons\/icons\/4k-icons-pack03\/icons\/fonts\/imf.eot'); src:url('https:\/\/stiti.it\/wp-content\/themes\/TheFox\/includes\/4k-icons\/icons\/4k-icons-pack03\/icons\/fonts\/imf.eot?#iefix') format('embedded-opentype'), url('https:\/\/stiti.it\/wp-content\/themes\/TheFox\/includes\/4k-icons\/icons\/4k-icons-pack03\/icons\/fonts\/imf.woff') format('woff'), url('https:\/\/stiti.it\/wp-content\/themes\/TheFox\/includes\/4k-icons\/icons\/4k-icons-pack03\/icons\/fonts\/imf.ttf') format('truetype'), url('https:\/\/stiti.it\/wp-content\/themes\/TheFox\/includes\/4k-icons\/icons\/4k-icons-pack03\/icons\/fonts\/imf.svg#oi') format('svg'); font-weight: normal; font-style: normal;}#b_689bl1crohrd166z2gn9 .imf-file-pdf:before{font-family: 'imf'; font-weight: normal; font-style: normal;}#b_689bl1crohrd166z2gn9 .imf-file-pdf:before{content: \"\\e4e2\";}<\/style>\n<style>#l_7of5e116vv6xd6jydh1p{width:1000px;}#l_7of5e116vv6xd6jydh1p.sc_line ,#l_7of5e116vv6xd6jydh1p .sc_line { height:1px; background:#8ba5bf;}#l_7of5e116vv6xd6jydh1p {margin:20px 0 20px 0; padding:0;}<\/style><div class=\"clearfix\"><\/div><div id=\"l_7of5e116vv6xd6jydh1p\"  class=\"sc_line rd_line_normal\" ><\/div><style>#b_vixmwoqrrsx91ncl3c0c a{color:#0c397d; background:; margin-top:0px; margin-bottom:0px;  margin-left:0px; margin-right:0px; font-weight:900; border-radius:0px;}#b_vixmwoqrrsx91ncl3c0c a:hover{color: ; background: ;}<\/style><div class=\"ta_left tf_btn_pos\" id=\"b_vixmwoqrrsx91ncl3c0c\" ><a class=\"rd_normal_bt mediumlarge_rd_bt bt_icon_left   \" href=\"http:\/\/stiti.it\/wp-content\/uploads\/2018\/12\/Filters-MF-15-bar_1.pdf\" target=\"yes\" ><i class=\"imf-file-pdf\" ><\/i><span>Brosch\u00fcre Filter &#8211; MF (15 bar)<\/span><\/a><\/div><style>#b_vixmwoqrrsx91ncl3c0c i {color:#0c397d;}#b_vixmwoqrrsx91ncl3c0c a:hover i{color:;}<\/style><style> @font-face{font-family: 'imf'; src:url('https:\/\/stiti.it\/wp-content\/themes\/TheFox\/includes\/4k-icons\/icons\/4k-icons-pack03\/icons\/fonts\/imf.eot'); src:url('https:\/\/stiti.it\/wp-content\/themes\/TheFox\/includes\/4k-icons\/icons\/4k-icons-pack03\/icons\/fonts\/imf.eot?#iefix') format('embedded-opentype'), url('https:\/\/stiti.it\/wp-content\/themes\/TheFox\/includes\/4k-icons\/icons\/4k-icons-pack03\/icons\/fonts\/imf.woff') format('woff'), url('https:\/\/stiti.it\/wp-content\/themes\/TheFox\/includes\/4k-icons\/icons\/4k-icons-pack03\/icons\/fonts\/imf.ttf') format('truetype'), url('https:\/\/stiti.it\/wp-content\/themes\/TheFox\/includes\/4k-icons\/icons\/4k-icons-pack03\/icons\/fonts\/imf.svg#oi') format('svg'); font-weight: normal; font-style: normal;}#b_vixmwoqrrsx91ncl3c0c .imf-file-pdf:before{font-family: 'imf'; font-weight: normal; font-style: normal;}#b_vixmwoqrrsx91ncl3c0c .imf-file-pdf:before{content: \"\\e4e2\";}<\/style>\n<style>#l_0ds7wmtyzpugq9jjmtj8{width:1000px;}#l_0ds7wmtyzpugq9jjmtj8.sc_line ,#l_0ds7wmtyzpugq9jjmtj8 .sc_line { height:1px; background:#8ba5bf;}#l_0ds7wmtyzpugq9jjmtj8 {margin:20px 0 20px 0; padding:0;}<\/style><div class=\"clearfix\"><\/div><div id=\"l_0ds7wmtyzpugq9jjmtj8\"  class=\"sc_line rd_line_normal\" ><\/div><style>#b_5rqivv4umwvs5ja4kxhs a{color:#0c397d; background:; margin-top:0px; margin-bottom:0px;  margin-left:0px; margin-right:0px; font-weight:900; border-radius:0px;}#b_5rqivv4umwvs5ja4kxhs a:hover{color: ; background: ;}<\/style><div class=\"ta_left tf_btn_pos\" id=\"b_5rqivv4umwvs5ja4kxhs\" ><a class=\"rd_normal_bt mediumlarge_rd_bt bt_icon_left   \" href=\"http:\/\/stiti.it\/wp-content\/uploads\/2018\/12\/Filters-MF-19-bar_1.pdf\" target=\"yes\" ><i class=\"imf-file-pdf\" ><\/i><span>Brosch\u00fcre Filter &#8211; MF (19 bar)<\/span><\/a><\/div><style>#b_5rqivv4umwvs5ja4kxhs i {color:#0c397d;}#b_5rqivv4umwvs5ja4kxhs a:hover i{color:;}<\/style><style> @font-face{font-family: 'imf'; src:url('https:\/\/stiti.it\/wp-content\/themes\/TheFox\/includes\/4k-icons\/icons\/4k-icons-pack03\/icons\/fonts\/imf.eot'); src:url('https:\/\/stiti.it\/wp-content\/themes\/TheFox\/includes\/4k-icons\/icons\/4k-icons-pack03\/icons\/fonts\/imf.eot?#iefix') format('embedded-opentype'), url('https:\/\/stiti.it\/wp-content\/themes\/TheFox\/includes\/4k-icons\/icons\/4k-icons-pack03\/icons\/fonts\/imf.woff') format('woff'), url('https:\/\/stiti.it\/wp-content\/themes\/TheFox\/includes\/4k-icons\/icons\/4k-icons-pack03\/icons\/fonts\/imf.ttf') format('truetype'), url('https:\/\/stiti.it\/wp-content\/themes\/TheFox\/includes\/4k-icons\/icons\/4k-icons-pack03\/icons\/fonts\/imf.svg#oi') format('svg'); font-weight: normal; font-style: normal;}#b_5rqivv4umwvs5ja4kxhs .imf-file-pdf:before{font-family: 'imf'; font-weight: normal; font-style: normal;}#b_5rqivv4umwvs5ja4kxhs .imf-file-pdf:before{content: \"\\e4e2\";}<\/style>\n<style>#l_8dsqzzb3xls2ckbe2kha{width:1000px;}#l_8dsqzzb3xls2ckbe2kha.sc_line ,#l_8dsqzzb3xls2ckbe2kha .sc_line { height:1px; background:#8ba5bf;}#l_8dsqzzb3xls2ckbe2kha {margin:20px 0 20px 0; padding:0;}<\/style><div class=\"clearfix\"><\/div><div id=\"l_8dsqzzb3xls2ckbe2kha\"  class=\"sc_line rd_line_normal\" ><\/div><style>#b_a14v07lheick96o173ju a{color:#0c397d; background:; margin-top:0px; margin-bottom:0px;  margin-left:0px; margin-right:0px; font-weight:900; border-radius:0px;}#b_a14v07lheick96o173ju a:hover{color: ; background: ;}<\/style><div class=\"ta_left tf_btn_pos\" id=\"b_a14v07lheick96o173ju\" ><a class=\"rd_normal_bt mediumlarge_rd_bt bt_icon_left   \" href=\"http:\/\/stiti.it\/wp-content\/uploads\/2018\/12\/Filters-AFR_1.pdf\" target=\"yes\" ><i class=\"imf-file-pdf\" ><\/i><span>Brosch\u00fcre Filter &#8211; AFR<\/span><\/a><\/div><style>#b_a14v07lheick96o173ju i {color:#0c397d;}#b_a14v07lheick96o173ju a:hover i{color:;}<\/style><style> @font-face{font-family: 'imf'; src:url('https:\/\/stiti.it\/wp-content\/themes\/TheFox\/includes\/4k-icons\/icons\/4k-icons-pack03\/icons\/fonts\/imf.eot'); src:url('https:\/\/stiti.it\/wp-content\/themes\/TheFox\/includes\/4k-icons\/icons\/4k-icons-pack03\/icons\/fonts\/imf.eot?#iefix') format('embedded-opentype'), url('https:\/\/stiti.it\/wp-content\/themes\/TheFox\/includes\/4k-icons\/icons\/4k-icons-pack03\/icons\/fonts\/imf.woff') format('woff'), url('https:\/\/stiti.it\/wp-content\/themes\/TheFox\/includes\/4k-icons\/icons\/4k-icons-pack03\/icons\/fonts\/imf.ttf') format('truetype'), url('https:\/\/stiti.it\/wp-content\/themes\/TheFox\/includes\/4k-icons\/icons\/4k-icons-pack03\/icons\/fonts\/imf.svg#oi') format('svg'); font-weight: normal; font-style: normal;}#b_a14v07lheick96o173ju .imf-file-pdf:before{font-family: 'imf'; font-weight: normal; font-style: normal;}#b_a14v07lheick96o173ju .imf-file-pdf:before{content: \"\\e4e2\";}<\/style>\n<style>#l_rchl30ybd5zgqcsfrvgb{width:1000px;}#l_rchl30ybd5zgqcsfrvgb.sc_line ,#l_rchl30ybd5zgqcsfrvgb .sc_line { height:1px; background:#8ba5bf;}#l_rchl30ybd5zgqcsfrvgb {margin:20px 0 20px 0; padding:0;}<\/style><div class=\"clearfix\"><\/div><div id=\"l_rchl30ybd5zgqcsfrvgb\"  class=\"sc_line rd_line_normal\" ><\/div><style>#b_7d2bzk4cyo6d5pa85009 a{color:#0c397d; background:; margin-top:0px; margin-bottom:0px;  margin-left:0px; margin-right:0px; font-weight:900; border-radius:0px;}#b_7d2bzk4cyo6d5pa85009 a:hover{color: ; background: ;}<\/style><div class=\"ta_left tf_btn_pos\" id=\"b_7d2bzk4cyo6d5pa85009\" ><a class=\"rd_normal_bt mediumlarge_rd_bt bt_icon_left   \" href=\"http:\/\/stiti.it\/wp-content\/uploads\/2018\/12\/Odorizing_lapping_tanks_ODL_2.pdf\" target=\"yes\" ><i class=\"imf-file-pdf\" ><\/i><span>Brosch\u00fcre Odorierung vorrichtungen &#8211; ODL<\/span><\/a><\/div><style>#b_7d2bzk4cyo6d5pa85009 i {color:#0c397d;}#b_7d2bzk4cyo6d5pa85009 a:hover i{color:;}<\/style><style> @font-face{font-family: 'imf'; src:url('https:\/\/stiti.it\/wp-content\/themes\/TheFox\/includes\/4k-icons\/icons\/4k-icons-pack03\/icons\/fonts\/imf.eot'); src:url('https:\/\/stiti.it\/wp-content\/themes\/TheFox\/includes\/4k-icons\/icons\/4k-icons-pack03\/icons\/fonts\/imf.eot?#iefix') format('embedded-opentype'), url('https:\/\/stiti.it\/wp-content\/themes\/TheFox\/includes\/4k-icons\/icons\/4k-icons-pack03\/icons\/fonts\/imf.woff') format('woff'), url('https:\/\/stiti.it\/wp-content\/themes\/TheFox\/includes\/4k-icons\/icons\/4k-icons-pack03\/icons\/fonts\/imf.ttf') format('truetype'), url('https:\/\/stiti.it\/wp-content\/themes\/TheFox\/includes\/4k-icons\/icons\/4k-icons-pack03\/icons\/fonts\/imf.svg#oi') format('svg'); font-weight: normal; font-style: normal;}#b_7d2bzk4cyo6d5pa85009 .imf-file-pdf:before{font-family: 'imf'; font-weight: normal; font-style: normal;}#b_7d2bzk4cyo6d5pa85009 .imf-file-pdf:before{content: \"\\e4e2\";}<\/style>\n<style>#l_c533tge5s90huvuevohk{width:1000px;}#l_c533tge5s90huvuevohk.sc_line ,#l_c533tge5s90huvuevohk .sc_line { height:1px; background:#8ba5bf;}#l_c533tge5s90huvuevohk {margin:20px 0 20px 0; padding:0;}<\/style><div class=\"clearfix\"><\/div><div id=\"l_c533tge5s90huvuevohk\"  class=\"sc_line rd_line_normal\" ><\/div><style>#b_p3pl8imewtsmeu0ajazn a{color:#0c397d; background:; margin-top:0px; margin-bottom:0px;  margin-left:0px; margin-right:0px; font-weight:900; border-radius:0px;}#b_p3pl8imewtsmeu0ajazn a:hover{color: ; background: ;}<\/style><div class=\"ta_left tf_btn_pos\" id=\"b_p3pl8imewtsmeu0ajazn\" ><a class=\"rd_normal_bt mediumlarge_rd_bt bt_icon_left   \" href=\"http:\/\/stiti.it\/wp-content\/uploads\/2018\/12\/Storage-tanks-ODS_1.pdf\" target=\"yes\" ><i class=\"imf-file-pdf\" ><\/i><span>Brosch\u00fcre Lagertank &#8211; Tipo ODS<\/span><\/a><\/div><style>#b_p3pl8imewtsmeu0ajazn i {color:#0c397d;}#b_p3pl8imewtsmeu0ajazn a:hover i{color:;}<\/style><style> @font-face{font-family: 'imf'; src:url('https:\/\/stiti.it\/wp-content\/themes\/TheFox\/includes\/4k-icons\/icons\/4k-icons-pack03\/icons\/fonts\/imf.eot'); src:url('https:\/\/stiti.it\/wp-content\/themes\/TheFox\/includes\/4k-icons\/icons\/4k-icons-pack03\/icons\/fonts\/imf.eot?#iefix') format('embedded-opentype'), url('https:\/\/stiti.it\/wp-content\/themes\/TheFox\/includes\/4k-icons\/icons\/4k-icons-pack03\/icons\/fonts\/imf.woff') format('woff'), url('https:\/\/stiti.it\/wp-content\/themes\/TheFox\/includes\/4k-icons\/icons\/4k-icons-pack03\/icons\/fonts\/imf.ttf') format('truetype'), url('https:\/\/stiti.it\/wp-content\/themes\/TheFox\/includes\/4k-icons\/icons\/4k-icons-pack03\/icons\/fonts\/imf.svg#oi') format('svg'); font-weight: normal; font-style: normal;}#b_p3pl8imewtsmeu0ajazn .imf-file-pdf:before{font-family: 'imf'; font-weight: normal; font-style: normal;}#b_p3pl8imewtsmeu0ajazn .imf-file-pdf:before{content: \"\\e4e2\";}<\/style>\n<style>#l_c0c878knm5gkfungxubn{width:1000px;}#l_c0c878knm5gkfungxubn.sc_line ,#l_c0c878knm5gkfungxubn .sc_line { height:1px; background:#8ba5bf;}#l_c0c878knm5gkfungxubn {margin:20px 0 20px 0; padding:0;}<\/style><div class=\"clearfix\"><\/div><div id=\"l_c0c878knm5gkfungxubn\"  class=\"sc_line rd_line_normal\" ><\/div><style>#b_3ju1g4tkwmxe9lmf6n0a a{color:#0c397d; background:; margin-top:0px; margin-bottom:0px;  margin-left:0px; margin-right:0px; font-weight:900; border-radius:0px;}#b_3ju1g4tkwmxe9lmf6n0a a:hover{color: ; background: ;}<\/style><div class=\"ta_left tf_btn_pos\" id=\"b_3ju1g4tkwmxe9lmf6n0a\" ><a class=\"rd_normal_bt mediumlarge_rd_bt bt_icon_left   \" href=\"http:\/\/stiti.it\/wp-content\/uploads\/2018\/12\/Terms_of_Conditions_en.pdf\" target=\"yes\" ><i class=\"imf-file-pdf\" ><\/i><span>Gesch\u00e4ftsbedingungen<\/span><\/a><\/div><style>#b_3ju1g4tkwmxe9lmf6n0a i {color:#0c397d;}#b_3ju1g4tkwmxe9lmf6n0a a:hover i{color:;}<\/style><style> @font-face{font-family: 'imf'; src:url('https:\/\/stiti.it\/wp-content\/themes\/TheFox\/includes\/4k-icons\/icons\/4k-icons-pack03\/icons\/fonts\/imf.eot'); src:url('https:\/\/stiti.it\/wp-content\/themes\/TheFox\/includes\/4k-icons\/icons\/4k-icons-pack03\/icons\/fonts\/imf.eot?#iefix') format('embedded-opentype'), url('https:\/\/stiti.it\/wp-content\/themes\/TheFox\/includes\/4k-icons\/icons\/4k-icons-pack03\/icons\/fonts\/imf.woff') format('woff'), url('https:\/\/stiti.it\/wp-content\/themes\/TheFox\/includes\/4k-icons\/icons\/4k-icons-pack03\/icons\/fonts\/imf.ttf') format('truetype'), url('https:\/\/stiti.it\/wp-content\/themes\/TheFox\/includes\/4k-icons\/icons\/4k-icons-pack03\/icons\/fonts\/imf.svg#oi') format('svg'); font-weight: normal; font-style: normal;}#b_3ju1g4tkwmxe9lmf6n0a .imf-file-pdf:before{font-family: 'imf'; font-weight: normal; font-style: normal;}#b_3ju1g4tkwmxe9lmf6n0a .imf-file-pdf:before{content: \"\\e4e2\";}<\/style>\n[\/vc_column][\/vc_row]<\/p>\n","protected":false},"excerpt":{"rendered":"<p>[vc_row type=&#8221;full-width-content&#8221;][vc_column][vc_single_image image=&#8221;7359&#8243; img_size=&#8221;full&#8221; alignment=&#8221;center&#8221;][\/vc_column][\/vc_row][vc_row][vc_column]Katalog Brosch\u00fcre W\u00e4rmetauscher &#8211; SKI Brosch\u00fcre Filter &#8211; BF Brosch\u00fcre Filter &#8211; MF (15 bar) Brosch\u00fcre Filter &#8211; MF (19 bar) Brosch\u00fcre Filter &#8211; AFR Brosch\u00fcre Odorierung vorrichtungen &#8211; ODL Brosch\u00fcre Lagertank &#8211; Tipo ODS Gesch\u00e4ftsbedingungen [\/vc_column][\/vc_row]<\/p>\n","protected":false},"author":1,"featured_media":0,"parent":0,"menu_order":0,"comment_status":"closed","ping_status":"closed","template":"","meta":[],"_links":{"self":[{"href":"https:\/\/stiti.it\/index.php\/wp-json\/wp\/v2\/pages\/8032"}],"collection":[{"href":"https:\/\/stiti.it\/index.php\/wp-json\/wp\/v2\/pages"}],"about":[{"href":"https:\/\/stiti.it\/index.php\/wp-json\/wp\/v2\/types\/page"}],"author":[{"embeddable":true,"href":"https:\/\/stiti.it\/index.php\/wp-json\/wp\/v2\/users\/1"}],"replies":[{"embeddable":true,"href":"https:\/\/stiti.it\/index.php\/wp-json\/wp\/v2\/comments?post=8032"}],"version-history":[{"count":10,"href":"https:\/\/stiti.it\/index.php\/wp-json\/wp\/v2\/pages\/8032\/revisions"}],"predecessor-version":[{"id":9795,"href":"https:\/\/stiti.it\/index.php\/wp-json\/wp\/v2\/pages\/8032\/revisions\/9795"}],"wp:attachment":[{"href":"https:\/\/stiti.it\/index.php\/wp-json\/wp\/v2\/media?parent=8032"}],"curies":[{"name":"wp","href":"https:\/\/api.w.org\/{rel}","templated":true}]}}