{"id":7862,"date":"2018-10-22T08:05:47","date_gmt":"2018-10-22T08:05:47","guid":{"rendered":"http:\/\/stiti.it\/?page_id=7862"},"modified":"2022-03-25T10:00:47","modified_gmt":"2022-03-25T10:00:47","slug":"certificaciones","status":"publish","type":"page","link":"https:\/\/stiti.it\/index.php\/es\/certificaciones\/","title":{"rendered":"CERTIFICACIONES"},"content":{"rendered":"<p>[vc_row type=&#8221;full-width-content&#8221;][vc_column][vc_single_image image=&#8221;7852&#8243; img_size=&#8221;full&#8221;][\/vc_column][\/vc_row][vc_row][vc_column][vc_custom_heading text=&#8221;Sistema de Gesti\u00f3n de Calidad ISO 9001&#8243; font_container=&#8221;tag:h2|text_align:left|color:%230c397d&#8221; google_fonts=&#8221;font_family:Arimo%3Aregular%2Citalic%2C700%2C700italic|font_style:700%20bold%20regular%3A700%3Anormal&#8221;][vc_column_text]<\/p>\n<div class=\"contenuto_pagina12\"><span style=\"color: #000000;\">S.T.I.T.I. siempre ha reconocido la gran importancia de la adopci\u00f3n de un Sistema de Gesti\u00f3n de Calidad. En junio de 2002, recibi\u00f3 la certificaci\u00f3n de conformidad con la norma UNI EN ISO 9001.<\/span><\/div>\n<p>[\/vc_column_text]<style>#b_l8df8itcdsj5cwte6tdm a{color:#0c397d; background:; margin-top:0px; margin-bottom:0px;  margin-left:0px; margin-right:0px; font-weight:900; border-radius:0px;}#b_l8df8itcdsj5cwte6tdm a:hover{color: ; background: ;}<\/style><div class=\"ta_left tf_btn_pos\" id=\"b_l8df8itcdsj5cwte6tdm\" ><a class=\"rd_normal_bt mediumlarge_rd_bt bt_icon_left   \" href=\"http:\/\/stiti.it\/wp-content\/uploads\/2021\/09\/ISO9001_STITI_2021.pdf\" target=\"yes\" ><i class=\"imf-file-pdf\" ><\/i><span>ISO9001<\/span><\/a><\/div><style>#b_l8df8itcdsj5cwte6tdm i {color:#0c397d;}#b_l8df8itcdsj5cwte6tdm a:hover i{color:;}<\/style><style> @font-face{font-family: 'imf'; src:url('https:\/\/stiti.it\/wp-content\/themes\/TheFox\/includes\/4k-icons\/icons\/4k-icons-pack03\/icons\/fonts\/imf.eot'); src:url('https:\/\/stiti.it\/wp-content\/themes\/TheFox\/includes\/4k-icons\/icons\/4k-icons-pack03\/icons\/fonts\/imf.eot?#iefix') format('embedded-opentype'), url('https:\/\/stiti.it\/wp-content\/themes\/TheFox\/includes\/4k-icons\/icons\/4k-icons-pack03\/icons\/fonts\/imf.woff') format('woff'), url('https:\/\/stiti.it\/wp-content\/themes\/TheFox\/includes\/4k-icons\/icons\/4k-icons-pack03\/icons\/fonts\/imf.ttf') format('truetype'), url('https:\/\/stiti.it\/wp-content\/themes\/TheFox\/includes\/4k-icons\/icons\/4k-icons-pack03\/icons\/fonts\/imf.svg#oi') format('svg'); font-weight: normal; font-style: normal;}#b_l8df8itcdsj5cwte6tdm .imf-file-pdf:before{font-family: 'imf'; font-weight: normal; font-style: normal;}#b_l8df8itcdsj5cwte6tdm .imf-file-pdf:before{content: \"\\e4e2\";}<\/style>\n<style>#l_sucx8poe4snafc09jvb4{width:1000px;}#l_sucx8poe4snafc09jvb4.sc_line ,#l_sucx8poe4snafc09jvb4 .sc_line { height:1px; background:#8ba5bf;}#l_sucx8poe4snafc09jvb4 {margin:20px 0 20px 0; padding:0;}<\/style><div class=\"clearfix\"><\/div><div id=\"l_sucx8poe4snafc09jvb4\"  class=\"sc_line rd_line_normal\" ><\/div>[vc_custom_heading text=&#8221;Equipos a presi\u00f3n marcado CE (Certificaci\u00f3n PED) &#8221; font_container=&#8221;tag:h2|text_align:left|color:%230c397d&#8221; google_fonts=&#8221;font_family:Arimo%3Aregular%2Citalic%2C700%2C700italic|font_style:700%20bold%20regular%3A700%3Anormal&#8221;][vc_column_text]<span style=\"color: #000000;\">En 2002, tras la entrada en vigor de la PED (Directiva de Equipos a Presi\u00f3n), S.T.I.T.I. obtuvo la aprobaci\u00f3n de su sistema de Gesti\u00f3n de Calidad conforme a dicha directiva.\u00a0<\/span>[\/vc_column_text]<style>#b_0w0lnsgzaltoy2tpgwdv a{color:#0c397d; background:; margin-top:0px; margin-bottom:0px;  margin-left:0px; margin-right:0px; font-weight:900; border-radius:0px;}#b_0w0lnsgzaltoy2tpgwdv a:hover{color: ; background: ;}<\/style><div class=\"ta_left tf_btn_pos\" id=\"b_0w0lnsgzaltoy2tpgwdv\" ><a class=\"rd_normal_bt mediumlarge_rd_bt bt_icon_left   \" href=\"http:\/\/stiti.it\/wp-content\/uploads\/2021\/09\/PED_STITI_2021.pdf\" target=\"yes\" ><i class=\"imf-file-pdf\" ><\/i><span>PED<\/span><\/a><\/div><style>#b_0w0lnsgzaltoy2tpgwdv i {color:#0c397d;}#b_0w0lnsgzaltoy2tpgwdv a:hover i{color:;}<\/style><style> @font-face{font-family: 'imf'; src:url('https:\/\/stiti.it\/wp-content\/themes\/TheFox\/includes\/4k-icons\/icons\/4k-icons-pack03\/icons\/fonts\/imf.eot'); src:url('https:\/\/stiti.it\/wp-content\/themes\/TheFox\/includes\/4k-icons\/icons\/4k-icons-pack03\/icons\/fonts\/imf.eot?#iefix') format('embedded-opentype'), url('https:\/\/stiti.it\/wp-content\/themes\/TheFox\/includes\/4k-icons\/icons\/4k-icons-pack03\/icons\/fonts\/imf.woff') format('woff'), url('https:\/\/stiti.it\/wp-content\/themes\/TheFox\/includes\/4k-icons\/icons\/4k-icons-pack03\/icons\/fonts\/imf.ttf') format('truetype'), url('https:\/\/stiti.it\/wp-content\/themes\/TheFox\/includes\/4k-icons\/icons\/4k-icons-pack03\/icons\/fonts\/imf.svg#oi') format('svg'); font-weight: normal; font-style: normal;}#b_0w0lnsgzaltoy2tpgwdv .imf-file-pdf:before{font-family: 'imf'; font-weight: normal; font-style: normal;}#b_0w0lnsgzaltoy2tpgwdv .imf-file-pdf:before{content: \"\\e4e2\";}<\/style>\n<style>#l_4lwbopxejtkl6jhgqth8{width:1000px;}#l_4lwbopxejtkl6jhgqth8.sc_line ,#l_4lwbopxejtkl6jhgqth8 .sc_line { height:1px; background:#8ba5bf;}#l_4lwbopxejtkl6jhgqth8 {margin:20px 0 20px 0; padding:0;}<\/style><div class=\"clearfix\"><\/div><div id=\"l_4lwbopxejtkl6jhgqth8\"  class=\"sc_line rd_line_normal\" ><\/div>[vc_custom_heading text=&#8221;Marca EAC de los filtros mod. MF y AFR &#8221; font_container=&#8221;tag:h2|text_align:left|color:%230c397d&#8221; google_fonts=&#8221;font_family:Arimo%3Aregular%2Citalic%2C700%2C700italic|font_style:700%20bold%20regular%3A700%3Anormal&#8221;][vc_column_text]<span style=\"color: #000000;\">S.T.I.T.I. ha obtenido la certificaci\u00f3n \/ declaraci\u00f3n seg\u00fan \u0422\u0420 \u0422\u0421 032\/2013 y \u0422\u0420 \u0422\u0421 010\/2011, para los mercados de Rusia, Bielorrusia y Kazajst\u00e1n.<br \/>\n<\/span>[\/vc_column_text]<style>#b_12y8tj9rrr0a60mjdpa4 a{color:#0c397d; background:; margin-top:0px; margin-bottom:0px;  margin-left:0px; margin-right:0px; font-weight:900; border-radius:0px;}#b_12y8tj9rrr0a60mjdpa4 a:hover{color: ; background: ;}<\/style><div class=\"ta_left tf_btn_pos\" id=\"b_12y8tj9rrr0a60mjdpa4\" ><a class=\"rd_normal_bt mediumlarge_rd_bt bt_icon_left   \" href=\"http:\/\/stiti.it\/wp-content\/uploads\/2018\/12\/STITI_EAC_1.pdf\" target=\"yes\" ><i class=\"imf-file-pdf\" ><\/i><span>EAC<\/span><\/a><\/div><style>#b_12y8tj9rrr0a60mjdpa4 i {color:#0c397d;}#b_12y8tj9rrr0a60mjdpa4 a:hover i{color:;}<\/style><style> @font-face{font-family: 'imf'; src:url('https:\/\/stiti.it\/wp-content\/themes\/TheFox\/includes\/4k-icons\/icons\/4k-icons-pack03\/icons\/fonts\/imf.eot'); src:url('https:\/\/stiti.it\/wp-content\/themes\/TheFox\/includes\/4k-icons\/icons\/4k-icons-pack03\/icons\/fonts\/imf.eot?#iefix') format('embedded-opentype'), url('https:\/\/stiti.it\/wp-content\/themes\/TheFox\/includes\/4k-icons\/icons\/4k-icons-pack03\/icons\/fonts\/imf.woff') format('woff'), url('https:\/\/stiti.it\/wp-content\/themes\/TheFox\/includes\/4k-icons\/icons\/4k-icons-pack03\/icons\/fonts\/imf.ttf') format('truetype'), url('https:\/\/stiti.it\/wp-content\/themes\/TheFox\/includes\/4k-icons\/icons\/4k-icons-pack03\/icons\/fonts\/imf.svg#oi') format('svg'); font-weight: normal; font-style: normal;}#b_12y8tj9rrr0a60mjdpa4 .imf-file-pdf:before{font-family: 'imf'; font-weight: normal; font-style: normal;}#b_12y8tj9rrr0a60mjdpa4 .imf-file-pdf:before{content: \"\\e4e2\";}<\/style>\n[\/vc_column][\/vc_row]<\/p>\n","protected":false},"excerpt":{"rendered":"<p>[vc_row type=&#8221;full-width-content&#8221;][vc_column][vc_single_image image=&#8221;7852&#8243; img_size=&#8221;full&#8221;][\/vc_column][\/vc_row][vc_row][vc_column][vc_custom_heading text=&#8221;Sistema de Gesti\u00f3n de Calidad ISO 9001&#8243; font_container=&#8221;tag:h2|text_align:left|color:%230c397d&#8221; google_fonts=&#8221;font_family:Arimo%3Aregular%2Citalic%2C700%2C700italic|font_style:700%20bold%20regular%3A700%3Anormal&#8221;][vc_column_text] S.T.I.T.I. siempre ha reconocido la gran importancia de la adopci\u00f3n de un Sistema de Gesti\u00f3n de Calidad. En junio de 2002, recibi\u00f3 la certificaci\u00f3n de conformidad con la norma UNI EN ISO 9001. [\/vc_column_text]ISO9001 [vc_custom_heading text=&#8221;Equipos a presi\u00f3n marcado CE (Certificaci\u00f3n PED)<br \/><a href=\"https:\/\/stiti.it\/index.php\/es\/certificaciones\/\" class=\"more\">Read more<\/a><\/p>\n","protected":false},"author":1,"featured_media":0,"parent":0,"menu_order":0,"comment_status":"closed","ping_status":"closed","template":"","meta":[],"_links":{"self":[{"href":"https:\/\/stiti.it\/index.php\/wp-json\/wp\/v2\/pages\/7862"}],"collection":[{"href":"https:\/\/stiti.it\/index.php\/wp-json\/wp\/v2\/pages"}],"about":[{"href":"https:\/\/stiti.it\/index.php\/wp-json\/wp\/v2\/types\/page"}],"author":[{"embeddable":true,"href":"https:\/\/stiti.it\/index.php\/wp-json\/wp\/v2\/users\/1"}],"replies":[{"embeddable":true,"href":"https:\/\/stiti.it\/index.php\/wp-json\/wp\/v2\/comments?post=7862"}],"version-history":[{"count":11,"href":"https:\/\/stiti.it\/index.php\/wp-json\/wp\/v2\/pages\/7862\/revisions"}],"predecessor-version":[{"id":9639,"href":"https:\/\/stiti.it\/index.php\/wp-json\/wp\/v2\/pages\/7862\/revisions\/9639"}],"wp:attachment":[{"href":"https:\/\/stiti.it\/index.php\/wp-json\/wp\/v2\/media?parent=7862"}],"curies":[{"name":"wp","href":"https:\/\/api.w.org\/{rel}","templated":true}]}}