{"id":7860,"date":"2018-10-22T08:00:47","date_gmt":"2018-10-22T08:00:47","guid":{"rendered":"http:\/\/stiti.it\/?page_id=7860"},"modified":"2022-03-25T10:01:48","modified_gmt":"2022-03-25T10:01:48","slug":"zertifikationen","status":"publish","type":"page","link":"https:\/\/stiti.it\/index.php\/de\/zertifikationen\/","title":{"rendered":"ZERTIFIKATIONEN"},"content":{"rendered":"<p>[vc_row type=&#8221;full-width-content&#8221;][vc_column][vc_single_image image=&#8221;7852&#8243; img_size=&#8221;full&#8221;][\/vc_column][\/vc_row][vc_row][vc_column][vc_custom_heading text=&#8221;Qualit\u00e4tskontrollsystem ISO 9001&#8243; font_container=&#8221;tag:h2|text_align:left|color:%230c397d&#8221; google_fonts=&#8221;font_family:Arimo%3Aregular%2Citalic%2C700%2C700italic|font_style:700%20bold%20regular%3A700%3Anormal&#8221;][vc_column_text]<span style=\"color: #000000;\">S.T.I.T.I. hat von Beginn an die Bedeutung der Annahme eines Qualit\u00e4tskontrollsystems anerkannt.<\/span><br \/>\n<span style=\"color: #000000;\">Im Juni 2002 wurde die Zertifikation gem\u00e4\u00df der Norm UNI EN ISO 9001 erhalten.<\/span>[\/vc_column_text]<style>#b_vtkae5qdshzrzr1gzmab a{color:#0c397d; background:; margin-top:0px; margin-bottom:0px;  margin-left:0px; margin-right:0px; font-weight:900; border-radius:0px;}#b_vtkae5qdshzrzr1gzmab a:hover{color: ; background: ;}<\/style><div class=\"ta_left tf_btn_pos\" id=\"b_vtkae5qdshzrzr1gzmab\" ><a class=\"rd_normal_bt mediumlarge_rd_bt bt_icon_left   \" href=\"http:\/\/stiti.it\/wp-content\/uploads\/2021\/09\/ISO9001_STITI_2021.pdf\" target=\"yes\" ><i class=\"imf-file-pdf\" ><\/i><span>ISO9001<\/span><\/a><\/div><style>#b_vtkae5qdshzrzr1gzmab i {color:#0c397d;}#b_vtkae5qdshzrzr1gzmab a:hover i{color:;}<\/style><style> @font-face{font-family: 'imf'; src:url('https:\/\/stiti.it\/wp-content\/themes\/TheFox\/includes\/4k-icons\/icons\/4k-icons-pack03\/icons\/fonts\/imf.eot'); src:url('https:\/\/stiti.it\/wp-content\/themes\/TheFox\/includes\/4k-icons\/icons\/4k-icons-pack03\/icons\/fonts\/imf.eot?#iefix') format('embedded-opentype'), url('https:\/\/stiti.it\/wp-content\/themes\/TheFox\/includes\/4k-icons\/icons\/4k-icons-pack03\/icons\/fonts\/imf.woff') format('woff'), url('https:\/\/stiti.it\/wp-content\/themes\/TheFox\/includes\/4k-icons\/icons\/4k-icons-pack03\/icons\/fonts\/imf.ttf') format('truetype'), url('https:\/\/stiti.it\/wp-content\/themes\/TheFox\/includes\/4k-icons\/icons\/4k-icons-pack03\/icons\/fonts\/imf.svg#oi') format('svg'); font-weight: normal; font-style: normal;}#b_vtkae5qdshzrzr1gzmab .imf-file-pdf:before{font-family: 'imf'; font-weight: normal; font-style: normal;}#b_vtkae5qdshzrzr1gzmab .imf-file-pdf:before{content: \"\\e4e2\";}<\/style>\n<style>#l_zdocaxtmm8pnhoiog0op{width:1000px;}#l_zdocaxtmm8pnhoiog0op.sc_line ,#l_zdocaxtmm8pnhoiog0op .sc_line { height:1px; background:#8ba5bf;}#l_zdocaxtmm8pnhoiog0op {margin:20px 0 20px 0; padding:0;}<\/style><div class=\"clearfix\"><\/div><div id=\"l_zdocaxtmm8pnhoiog0op\"  class=\"sc_line rd_line_normal\" ><\/div>[vc_custom_heading text=&#8221;CE -Kennzeichnung von Druckbeh\u00e4lter (PED-Zertifizierung) &#8221; font_container=&#8221;tag:h2|text_align:left|color:%230c397d&#8221; google_fonts=&#8221;font_family:Arimo%3Aregular%2Citalic%2C700%2C700italic|font_style:700%20bold%20regular%3A700%3Anormal&#8221;][vc_column_text]<span style=\"color: #000000;\">Im Jahre 2002 hat das Unternehmen infolge der G\u00fcltigkeit der PED (Pressure Equipment Directive) die Anerkennung seines Qualit\u00e4tskontrollsystems f\u00fcr die Druckausr\u00fcstungsrichtlinie erhalten.\u00a0<\/span>[\/vc_column_text]<style>#b_upyg5qljlp3ey6vaow6x a{color:#0c397d; background:; margin-top:0px; margin-bottom:0px;  margin-left:0px; margin-right:0px; font-weight:900; border-radius:0px;}#b_upyg5qljlp3ey6vaow6x a:hover{color: ; background: ;}<\/style><div class=\"ta_left tf_btn_pos\" id=\"b_upyg5qljlp3ey6vaow6x\" ><a class=\"rd_normal_bt mediumlarge_rd_bt bt_icon_left   \" href=\"http:\/\/stiti.it\/wp-content\/uploads\/2021\/09\/PED_STITI_2021.pdf\" target=\"yes\" ><i class=\"imf-file-pdf\" ><\/i><span>PED<\/span><\/a><\/div><style>#b_upyg5qljlp3ey6vaow6x i {color:#0c397d;}#b_upyg5qljlp3ey6vaow6x a:hover i{color:;}<\/style><style> @font-face{font-family: 'imf'; src:url('https:\/\/stiti.it\/wp-content\/themes\/TheFox\/includes\/4k-icons\/icons\/4k-icons-pack03\/icons\/fonts\/imf.eot'); src:url('https:\/\/stiti.it\/wp-content\/themes\/TheFox\/includes\/4k-icons\/icons\/4k-icons-pack03\/icons\/fonts\/imf.eot?#iefix') format('embedded-opentype'), url('https:\/\/stiti.it\/wp-content\/themes\/TheFox\/includes\/4k-icons\/icons\/4k-icons-pack03\/icons\/fonts\/imf.woff') format('woff'), url('https:\/\/stiti.it\/wp-content\/themes\/TheFox\/includes\/4k-icons\/icons\/4k-icons-pack03\/icons\/fonts\/imf.ttf') format('truetype'), url('https:\/\/stiti.it\/wp-content\/themes\/TheFox\/includes\/4k-icons\/icons\/4k-icons-pack03\/icons\/fonts\/imf.svg#oi') format('svg'); font-weight: normal; font-style: normal;}#b_upyg5qljlp3ey6vaow6x .imf-file-pdf:before{font-family: 'imf'; font-weight: normal; font-style: normal;}#b_upyg5qljlp3ey6vaow6x .imf-file-pdf:before{content: \"\\e4e2\";}<\/style>\n<style>#l_18yy9vd4rrf15ziyzy62{width:1000px;}#l_18yy9vd4rrf15ziyzy62.sc_line ,#l_18yy9vd4rrf15ziyzy62 .sc_line { height:1px; background:#8ba5bf;}#l_18yy9vd4rrf15ziyzy62 {margin:20px 0 20px 0; padding:0;}<\/style><div class=\"clearfix\"><\/div><div id=\"l_18yy9vd4rrf15ziyzy62\"  class=\"sc_line rd_line_normal\" ><\/div>[vc_custom_heading text=&#8221;EAC-Kennzeichnung der Filter mod. MF und AFR &#8221; font_container=&#8221;tag:h2|text_align:left|color:%230c397d&#8221; google_fonts=&#8221;font_family:Arimo%3Aregular%2Citalic%2C700%2C700italic|font_style:700%20bold%20regular%3A700%3Anormal&#8221;][vc_column_text]<span style=\"color: #000000;\">S.T.I.T.I. hat f\u00fcr die M\u00e4rkte in Russland, Belarus und Kasachstan die Bescheinigung \/ Erkl\u00e4rung gem\u00e4\u00df den Artikeln \u0422\u0420 \u0422\u0421 032\/2013 und \u0422\u0420 \u0422\u0421 010\/2011 erhalten.<br \/>\n<\/span>[\/vc_column_text]<style>#b_vi7mxghkkwefefz17czy a{color:#0c397d; background:; margin-top:0px; margin-bottom:0px;  margin-left:0px; margin-right:0px; font-weight:900; border-radius:0px;}#b_vi7mxghkkwefefz17czy a:hover{color: ; background: ;}<\/style><div class=\"ta_left tf_btn_pos\" id=\"b_vi7mxghkkwefefz17czy\" ><a class=\"rd_normal_bt mediumlarge_rd_bt bt_icon_left   \" href=\"http:\/\/stiti.it\/wp-content\/uploads\/2018\/12\/STITI_EAC_1.pdf\" target=\"yes\" ><i class=\"imf-file-pdf\" ><\/i><span>EAC<\/span><\/a><\/div><style>#b_vi7mxghkkwefefz17czy i {color:#0c397d;}#b_vi7mxghkkwefefz17czy a:hover i{color:;}<\/style><style> @font-face{font-family: 'imf'; src:url('https:\/\/stiti.it\/wp-content\/themes\/TheFox\/includes\/4k-icons\/icons\/4k-icons-pack03\/icons\/fonts\/imf.eot'); src:url('https:\/\/stiti.it\/wp-content\/themes\/TheFox\/includes\/4k-icons\/icons\/4k-icons-pack03\/icons\/fonts\/imf.eot?#iefix') format('embedded-opentype'), url('https:\/\/stiti.it\/wp-content\/themes\/TheFox\/includes\/4k-icons\/icons\/4k-icons-pack03\/icons\/fonts\/imf.woff') format('woff'), url('https:\/\/stiti.it\/wp-content\/themes\/TheFox\/includes\/4k-icons\/icons\/4k-icons-pack03\/icons\/fonts\/imf.ttf') format('truetype'), url('https:\/\/stiti.it\/wp-content\/themes\/TheFox\/includes\/4k-icons\/icons\/4k-icons-pack03\/icons\/fonts\/imf.svg#oi') format('svg'); font-weight: normal; font-style: normal;}#b_vi7mxghkkwefefz17czy .imf-file-pdf:before{font-family: 'imf'; font-weight: normal; font-style: normal;}#b_vi7mxghkkwefefz17czy .imf-file-pdf:before{content: \"\\e4e2\";}<\/style>\n[\/vc_column][\/vc_row]<\/p>\n","protected":false},"excerpt":{"rendered":"<p>[vc_row type=&#8221;full-width-content&#8221;][vc_column][vc_single_image image=&#8221;7852&#8243; img_size=&#8221;full&#8221;][\/vc_column][\/vc_row][vc_row][vc_column][vc_custom_heading text=&#8221;Qualit\u00e4tskontrollsystem ISO 9001&#8243; font_container=&#8221;tag:h2|text_align:left|color:%230c397d&#8221; google_fonts=&#8221;font_family:Arimo%3Aregular%2Citalic%2C700%2C700italic|font_style:700%20bold%20regular%3A700%3Anormal&#8221;][vc_column_text]S.T.I.T.I. hat von Beginn an die Bedeutung der Annahme eines Qualit\u00e4tskontrollsystems anerkannt. Im Juni 2002 wurde die Zertifikation gem\u00e4\u00df der Norm UNI EN ISO 9001 erhalten.[\/vc_column_text]ISO9001 [vc_custom_heading text=&#8221;CE -Kennzeichnung von Druckbeh\u00e4lter (PED-Zertifizierung) &#8221; font_container=&#8221;tag:h2|text_align:left|color:%230c397d&#8221; google_fonts=&#8221;font_family:Arimo%3Aregular%2Citalic%2C700%2C700italic|font_style:700%20bold%20regular%3A700%3Anormal&#8221;][vc_column_text]Im Jahre 2002 hat das Unternehmen infolge der G\u00fcltigkeit der PED (Pressure Equipment<br \/><a href=\"https:\/\/stiti.it\/index.php\/de\/zertifikationen\/\" class=\"more\">Read more<\/a><\/p>\n","protected":false},"author":1,"featured_media":0,"parent":0,"menu_order":0,"comment_status":"closed","ping_status":"closed","template":"","meta":[],"_links":{"self":[{"href":"https:\/\/stiti.it\/index.php\/wp-json\/wp\/v2\/pages\/7860"}],"collection":[{"href":"https:\/\/stiti.it\/index.php\/wp-json\/wp\/v2\/pages"}],"about":[{"href":"https:\/\/stiti.it\/index.php\/wp-json\/wp\/v2\/types\/page"}],"author":[{"embeddable":true,"href":"https:\/\/stiti.it\/index.php\/wp-json\/wp\/v2\/users\/1"}],"replies":[{"embeddable":true,"href":"https:\/\/stiti.it\/index.php\/wp-json\/wp\/v2\/comments?post=7860"}],"version-history":[{"count":11,"href":"https:\/\/stiti.it\/index.php\/wp-json\/wp\/v2\/pages\/7860\/revisions"}],"predecessor-version":[{"id":9640,"href":"https:\/\/stiti.it\/index.php\/wp-json\/wp\/v2\/pages\/7860\/revisions\/9640"}],"wp:attachment":[{"href":"https:\/\/stiti.it\/index.php\/wp-json\/wp\/v2\/media?parent=7860"}],"curies":[{"name":"wp","href":"https:\/\/api.w.org\/{rel}","templated":true}]}}