{"id":7833,"date":"2018-10-22T07:00:28","date_gmt":"2018-10-22T07:00:28","guid":{"rendered":"http:\/\/stiti.it\/?page_id=7833"},"modified":"2019-01-09T09:15:56","modified_gmt":"2019-01-09T09:15:56","slug":"unternehmen","status":"publish","type":"page","link":"https:\/\/stiti.it\/index.php\/de\/unternehmen\/","title":{"rendered":"UNTERNEHMEN"},"content":{"rendered":"<p>[vc_row type=&#8221;full-width-content&#8221;][vc_column][vc_single_image image=&#8221;7359&#8243; img_size=&#8221;full&#8221; alignment=&#8221;center&#8221;][\/vc_column][\/vc_row][vc_row][vc_column]<style>#l_0sxg897zmo15np22zg7s.sc_line ,#l_0sxg897zmo15np22zg7s .sc_line { height:1px; background: #ffffff; background: -moz-linear-gradient(90deg, #ffffff 0%, #ffffff 100%); background: -webkit-gradient(linear, left top, right bottom, color-stop(0%,#ffffff), color-stop(100%,#ffffff)); background: -webkit-linear-gradient(90deg, #ffffff 0%,#ffffff 100%); background: -o-linear-gradient(90deg, #ffffff 0%,#ffffff 100%); background: -ms-linear-gradient(90deg, #ffffff 0%,#ffffff 100%); background: linear-gradient(90deg, #ffffff 0%,#ffffff 100%);}#l_0sxg897zmo15np22zg7s {margin:0px 0 0px 0; padding:0;}<\/style><div class=\"clearfix\"><\/div><div id=\"l_0sxg897zmo15np22zg7s\"  class=\"sc_line rd_line_normal\" ><\/div>[\/vc_column][\/vc_row][vc_row el_class=&#8221;flex-row-video&#8221;][vc_column width=&#8221;1\/2&#8243; el_class=&#8221;business-img-column&#8221;][vc_single_image image=&#8221;7364&#8243; img_size=&#8221;large&#8221;][\/vc_column][vc_column width=&#8221;1\/2&#8243; el_class=&#8221;video-column&#8221;][vc_raw_html el_class=&#8221;custom-video&#8221;]JTNDZGl2JTIwY2xhc3MlM0QlMjJ2aWRlby13cmFwcGVyJTIyJTNFJTIwJTBBJTIwJTNDdmlkZW8lMjBjbGFzcyUzRCUyMnZpZGVvJTIyJTIwcG9zdGVyJTNEJTIyJTJGd3AtY29udGVudCUyRnVwbG9hZHMlMkYyMDE4JTJGMTAlMkZmb3RvLWF6aWVuZGEtc3RpdGkuanBnJTIyJTIwY29udHJvbHMlMjAlM0UlMEElMjAlMjAlM0Nzb3VyY2UlMjBzcmMlM0QlMjIlMkZ3cC1jb250ZW50JTJGdXBsb2FkcyUyRjIwMTglMkYxMCUyRnN0aXRpX2ZpbmFsZV8yX2xpZ2h0X3dlYi5tcDQlMjIlMjB0eXBlJTNEJTIydmlkZW8lMkZtcDQlMjIlM0UlMEElMjAlM0MlMkZ2aWRlbyUzRSUwQSUzQyUyRmRpdiUzRQ==[\/vc_raw_html][\/vc_column][\/vc_row][vc_row][vc_column][vc_column_text font_size=&#8221;17&#8243;]<\/p>\n<p style=\"text-align: justify;\"><span style=\"color: #000000;\">Seit 1986 S.T.I.T.I. Ger\u00e4te und Anlagen f\u00fcr die Behandlung von Naturgas. Die in dieser Branche gereifte Erfahrung erm\u00f6glicht uns, ein gro\u00dfes Produktangebot in \u00dcbereinstimmung mit allen internationalen Vorschriften und Standards zu bieten, die hohe Qualit\u00e4t, Zuverl\u00e4ssigkeit und kurze Lieferzeiten einschlie\u00dfen. Wir entwickeln und produzieren unsere Produkte selbst und k\u00f6nnen unseren Kunden somit individuelle L\u00f6sungen bieten, um jeder Anforderung gerecht zu werden. Es folgt die Aufstellung unserer haupts\u00e4chlichen Produkttypologien.\u00a0<\/span><\/p>\n<p>[\/vc_column_text][\/vc_column][\/vc_row][vc_row][vc_column]<style>#l_9j5shla9y74ntss8cabg.sc_line ,#l_9j5shla9y74ntss8cabg .sc_line { height:1px; background: #ffffff; background: -moz-linear-gradient(90deg, #ffffff 0%, #ffffff 100%); background: -webkit-gradient(linear, left top, right bottom, color-stop(0%,#ffffff), color-stop(100%,#ffffff)); background: -webkit-linear-gradient(90deg, #ffffff 0%,#ffffff 100%); background: -o-linear-gradient(90deg, #ffffff 0%,#ffffff 100%); background: -ms-linear-gradient(90deg, #ffffff 0%,#ffffff 100%); background: linear-gradient(90deg, #ffffff 0%,#ffffff 100%);}#l_9j5shla9y74ntss8cabg {margin:0px 0 0px 0; padding:0;}<\/style><div class=\"clearfix\"><\/div><div id=\"l_9j5shla9y74ntss8cabg\"  class=\"sc_line rd_line_normal\" ><\/div>[\/vc_column][\/vc_row][vc_row][vc_column width=&#8221;2\/3&#8243;][vc_custom_heading text=&#8221;Gasanlagen-Typologien&#8221; font_container=&#8221;tag:h2|text_align:left|color:%230c397d&#8221; google_fonts=&#8221;font_family:Arimo%3Aregular%2Citalic%2C700%2C700italic|font_style:700%20bold%20regular%3A700%3Anormal&#8221;]<style>#l_2ughf97bn56oeyobcenn{width:50px;}#l_2ughf97bn56oeyobcenn.sc_line ,#l_2ughf97bn56oeyobcenn .sc_line { height:1px; background:#8ba5bf;}#l_2ughf97bn56oeyobcenn {margin:0px 0 30px 0; padding:0;}<\/style><div class=\"clearfix\"><\/div><div id=\"l_2ughf97bn56oeyobcenn\"  class=\"sc_line rd_line_normal\" ><\/div>[vc_column_text font_size=&#8221;17&#8243;]<\/p>\n<ul>\n<li><span style=\"color: #000000;\">Dekompressionskabine und Messung Methangas<\/span><\/li>\n<li><span style=\"color: #000000;\">Gasbehandlungsanlage<\/span><\/li>\n<li><span style=\"color: #000000;\">Reduzierungs- und Messkabine f\u00fcr Methangas (Erste Druckreduzierungskabine)<\/span><\/li>\n<li><span style=\"color: #000000;\">Reduzierungs- und Messkabine f\u00fcr industrielle und private Zwecke (Zweite Druckreduzierungskabine)<\/span><\/li>\n<li><span style=\"color: #000000;\">Anlagen f\u00fcr Fl\u00fcssigkeiten\u00a0<\/span><\/li>\n<li><span style=\"color: #000000;\">Entgaser<\/span><\/li>\n<\/ul>\n<p>[\/vc_column_text][vc_custom_heading text=&#8221;Ger\u00e4tetypologien &#8221; font_container=&#8221;tag:h2|text_align:left|color:%230c397d&#8221; google_fonts=&#8221;font_family:Arimo%3Aregular%2Citalic%2C700%2C700italic|font_style:700%20bold%20regular%3A700%3Anormal&#8221;]<style>#l_vat690vm3zelbfov4q0t{width:50px;}#l_vat690vm3zelbfov4q0t.sc_line ,#l_vat690vm3zelbfov4q0t .sc_line { height:1px; background:#8ba5bf;}#l_vat690vm3zelbfov4q0t {margin:0px 0 30px 0; padding:0;}<\/style><div class=\"clearfix\"><\/div><div id=\"l_vat690vm3zelbfov4q0t\"  class=\"sc_line rd_line_normal\" ><\/div>[vc_column_text font_size=&#8221;17&#8243;]<\/p>\n<ul>\n<li><span style=\"color: #000000;\">Filter mit Einsatz<\/span><\/li>\n<li><span style=\"color: #000000;\">Doppelstufen-Trennfilter<\/span><\/li>\n<li><span style=\"color: #000000;\">Zyklonentrenner<\/span><\/li>\n<li><span style=\"color: #000000;\">Lamellenpaket-Trenner (K.O. Drum)<\/span><\/li>\n<li><span style=\"color: #000000;\">W\u00e4rmetauscher<\/span><\/li>\n<li><span style=\"color: #000000;\">Odorierungsvorrichtung<\/span><\/li>\n<li><span style=\"color: #000000;\">Lancierungsabscheider und Pig-Empfang<\/span><\/li>\n<li><span style=\"color: #000000;\">Hydraulikkontrolle<\/span><\/li>\n<li><span style=\"color: #000000;\">Schnellverschluss<\/span><\/li>\n<li><span style=\"color: #000000;\">Gasbeh\u00e4lter<\/span><\/li>\n<li><span style=\"color: #000000;\">Filter f\u00fcr Bio-Brennstoff<\/span><\/li>\n<li><span style=\"color: #000000;\">Kalten Fackeln\u00a0<\/span><\/li>\n<\/ul>\n<p>[\/vc_column_text][vc_custom_heading text=&#8221;Typologien Stahlkonstruktionen<br \/>\n&#8221; font_container=&#8221;tag:h2|text_align:left|color:%230c397d&#8221; google_fonts=&#8221;font_family:Arimo%3Aregular%2Citalic%2C700%2C700italic|font_style:700%20bold%20regular%3A700%3Anormal&#8221;]<style>#l_xxgxr6bwt2o1ijrn5d0p{width:50px;}#l_xxgxr6bwt2o1ijrn5d0p.sc_line ,#l_xxgxr6bwt2o1ijrn5d0p .sc_line { height:1px; background:#8ba5bf;}#l_xxgxr6bwt2o1ijrn5d0p {margin:0px 0 30px 0; padding:0;}<\/style><div class=\"clearfix\"><\/div><div id=\"l_xxgxr6bwt2o1ijrn5d0p\"  class=\"sc_line rd_line_normal\" ><\/div>[vc_column_text font_size=&#8221;17&#8243;]<\/p>\n<ul>\n<li><span style=\"color: #000000;\">Tragstrukturen (Skid)\u00a0<\/span><\/li>\n<li><span style=\"color: #000000;\">Treppen\u00a0<\/span><\/li>\n<li><span style=\"color: #000000;\">Gehwege<\/span><\/li>\n<\/ul>\n<p>[\/vc_column_text][\/vc_column][vc_column width=&#8221;1\/3&#8243; css=&#8221;.vc_custom_1540202266559{margin-top: 20px !important;}&#8221;][vc_single_image image=&#8221;7354&#8243; img_size=&#8221;large&#8221;][vc_column_text]<span style=\"color: #000000;\">Gasanlagen<\/span>[\/vc_column_text][vc_row_inner css=&#8221;.vc_custom_1540202568616{margin-top: 100px !important;}&#8221;][vc_column_inner][vc_single_image image=&#8221;7356&#8243; img_size=&#8221;large&#8221;][\/vc_column_inner][\/vc_row_inner][vc_column_text]<span style=\"color: #000000;\">Filter mit Einsatz\u00a0<\/span>[\/vc_column_text][vc_row_inner css=&#8221;.vc_custom_1540202608144{margin-top: 120px !important;}&#8221;][vc_column_inner][vc_single_image image=&#8221;7357&#8243; img_size=&#8221;large&#8221;][vc_column_text]<span style=\"color: #000000;\">Stahlkonstruktionen<\/span>[\/vc_column_text][\/vc_column_inner][\/vc_row_inner][\/vc_column][\/vc_row][vc_row css=&#8221;.vc_custom_1540281525833{margin-top: -40px !important;}&#8221;][vc_column]<style>#l_in3arnyevlhhnhok6ssz{width:150px;}#l_in3arnyevlhhnhok6ssz.sc_line ,#l_in3arnyevlhhnhok6ssz .sc_line { height:1px; background:#8ba5bf;}#l_in3arnyevlhhnhok6ssz.sc_line ,#l_in3arnyevlhhnhok6ssz .sc_line{margin-left:auto!important; margin-right:auto!important;}#l_in3arnyevlhhnhok6ssz {margin:0px 0 30px 0; padding:0;}<\/style><div class=\"clearfix\"><\/div><div id=\"l_in3arnyevlhhnhok6ssz\"  class=\"sc_line rd_line_normal\" ><\/div>[vc_column_text font_size=&#8221;17&#8243;]<span style=\"color: #000000;\">Au\u00dfer dem gro\u00dfen Angebot der vorgestellten Produkte ist S.T.I.T.I. in der Lage, spezielle Druckger\u00e4te auszuf\u00fchren, die mit dem Auftraggeber nach Wunsch entwickelt und produziert werden.\u00a0<\/span><\/p>\n<p><span style=\"color: #000000;\">Wir bitten Sie, sich mit uns f\u00fcr jeden Wunsch in Kontakt zu setzen (<\/span><a href=\"mailto:stiti@stiti.it\">stiti@stiti.it<\/a><span style=\"color: #000000;\">).<\/span>[\/vc_column_text][\/vc_column][\/vc_row]<\/p>\n","protected":false},"excerpt":{"rendered":"<p>[vc_row type=&#8221;full-width-content&#8221;][vc_column][vc_single_image image=&#8221;7359&#8243; img_size=&#8221;full&#8221; alignment=&#8221;center&#8221;][\/vc_column][\/vc_row][vc_row][vc_column][\/vc_column][\/vc_row][vc_row el_class=&#8221;flex-row-video&#8221;][vc_column width=&#8221;1\/2&#8243; el_class=&#8221;business-img-column&#8221;][vc_single_image image=&#8221;7364&#8243; img_size=&#8221;large&#8221;][\/vc_column][vc_column width=&#8221;1\/2&#8243; el_class=&#8221;video-column&#8221;][vc_raw_html el_class=&#8221;custom-video&#8221;]JTNDZGl2JTIwY2xhc3MlM0QlMjJ2aWRlby13cmFwcGVyJTIyJTNFJTIwJTBBJTIwJTNDdmlkZW8lMjBjbGFzcyUzRCUyMnZpZGVvJTIyJTIwcG9zdGVyJTNEJTIyJTJGd3AtY29udGVudCUyRnVwbG9hZHMlMkYyMDE4JTJGMTAlMkZmb3RvLWF6aWVuZGEtc3RpdGkuanBnJTIyJTIwY29udHJvbHMlMjAlM0UlMEElMjAlMjAlM0Nzb3VyY2UlMjBzcmMlM0QlMjIlMkZ3cC1jb250ZW50JTJGdXBsb2FkcyUyRjIwMTglMkYxMCUyRnN0aXRpX2ZpbmFsZV8yX2xpZ2h0X3dlYi5tcDQlMjIlMjB0eXBlJTNEJTIydmlkZW8lMkZtcDQlMjIlM0UlMEElMjAlM0MlMkZ2aWRlbyUzRSUwQSUzQyUyRmRpdiUzRQ==[\/vc_raw_html][\/vc_column][\/vc_row][vc_row][vc_column][vc_column_text font_size=&#8221;17&#8243;] Seit 1986 S.T.I.T.I. Ger\u00e4te und Anlagen f\u00fcr die Behandlung von Naturgas. Die in dieser Branche gereifte Erfahrung erm\u00f6glicht uns, ein gro\u00dfes Produktangebot in \u00dcbereinstimmung mit allen internationalen Vorschriften und Standards zu bieten, die hohe Qualit\u00e4t, Zuverl\u00e4ssigkeit und kurze Lieferzeiten einschlie\u00dfen. Wir<br \/><a href=\"https:\/\/stiti.it\/index.php\/de\/unternehmen\/\" class=\"more\">Read more<\/a><\/p>\n","protected":false},"author":1,"featured_media":0,"parent":0,"menu_order":0,"comment_status":"closed","ping_status":"closed","template":"","meta":[],"_links":{"self":[{"href":"https:\/\/stiti.it\/index.php\/wp-json\/wp\/v2\/pages\/7833"}],"collection":[{"href":"https:\/\/stiti.it\/index.php\/wp-json\/wp\/v2\/pages"}],"about":[{"href":"https:\/\/stiti.it\/index.php\/wp-json\/wp\/v2\/types\/page"}],"author":[{"embeddable":true,"href":"https:\/\/stiti.it\/index.php\/wp-json\/wp\/v2\/users\/1"}],"replies":[{"embeddable":true,"href":"https:\/\/stiti.it\/index.php\/wp-json\/wp\/v2\/comments?post=7833"}],"version-history":[{"count":15,"href":"https:\/\/stiti.it\/index.php\/wp-json\/wp\/v2\/pages\/7833\/revisions"}],"predecessor-version":[{"id":9228,"href":"https:\/\/stiti.it\/index.php\/wp-json\/wp\/v2\/pages\/7833\/revisions\/9228"}],"wp:attachment":[{"href":"https:\/\/stiti.it\/index.php\/wp-json\/wp\/v2\/media?parent=7833"}],"curies":[{"name":"wp","href":"https:\/\/api.w.org\/{rel}","templated":true}]}}